{"id":447,"date":"2022-04-16T22:55:18","date_gmt":"2022-04-16T20:55:18","guid":{"rendered":"https:\/\/plombier-regis.xyz\/?page_id=447"},"modified":"2023-08-13T22:01:00","modified_gmt":"2023-08-13T20:01:00","slug":"notre-galerie-photos","status":"publish","type":"page","link":"https:\/\/plombier-regis.xyz\/index.php\/notre-galerie-photos\/","title":{"rendered":"Notre\u00a0galerie photos"},"content":{"rendered":"\n<div class=\"wp-block-media-text alignwide is-stacked-on-mobile\" style=\"grid-template-columns:15% auto\"><figure class=\"wp-block-media-text__media\"><img data-recalc-dims=\"1\" loading=\"lazy\" decoding=\"async\" width=\"768\" height=\"1024\" data-attachment-id=\"503\" data-permalink=\"https:\/\/plombier-regis.xyz\/index.php\/chauffagiste\/img_9136\/\" data-orig-file=\"https:\/\/i0.wp.com\/plombier-regis.xyz\/wp-content\/uploads\/2022\/04\/IMG_9136.jpeg?fit=1536%2C2048&amp;ssl=1\" data-orig-size=\"1536,2048\" data-comments-opened=\"1\" data-image-meta=\"{&quot;aperture&quot;:&quot;1.8&quot;,&quot;credit&quot;:&quot;&quot;,&quot;camera&quot;:&quot;iPhone 7&quot;,&quot;caption&quot;:&quot;&quot;,&quot;created_timestamp&quot;:&quot;1622121759&quot;,&quot;copyright&quot;:&quot;&quot;,&quot;focal_length&quot;:&quot;3.99&quot;,&quot;iso&quot;:&quot;40&quot;,&quot;shutter_speed&quot;:&quot;0.058823529411765&quot;,&quot;title&quot;:&quot;&quot;,&quot;orientation&quot;:&quot;0&quot;}\" data-image-title=\"notre galerie photos\" data-image-description=\"&lt;p&gt;notre galerie photos installation r\u00e9novation entretiens R\u00e9paration&lt;\/p&gt;\n\" data-image-caption=\"\" data-medium-file=\"https:\/\/i0.wp.com\/plombier-regis.xyz\/wp-content\/uploads\/2022\/04\/IMG_9136.jpeg?fit=225%2C300&amp;ssl=1\" data-large-file=\"https:\/\/i0.wp.com\/plombier-regis.xyz\/wp-content\/uploads\/2022\/04\/IMG_9136.jpeg?fit=768%2C1024&amp;ssl=1\" src=\"https:\/\/i0.wp.com\/plombier-regis.xyz\/wp-content\/uploads\/2022\/04\/IMG_9136.jpeg?resize=768%2C1024&#038;ssl=1\" alt=\"galerie photos chauffagiste\" class=\"wp-image-503 size-full\" srcset=\"https:\/\/i0.wp.com\/plombier-regis.xyz\/wp-content\/uploads\/2022\/04\/IMG_9136.jpeg?resize=768%2C1024&amp;ssl=1 768w, https:\/\/i0.wp.com\/plombier-regis.xyz\/wp-content\/uploads\/2022\/04\/IMG_9136.jpeg?resize=225%2C300&amp;ssl=1 225w, https:\/\/i0.wp.com\/plombier-regis.xyz\/wp-content\/uploads\/2022\/04\/IMG_9136.jpeg?resize=1152%2C1536&amp;ssl=1 1152w, https:\/\/i0.wp.com\/plombier-regis.xyz\/wp-content\/uploads\/2022\/04\/IMG_9136.jpeg?w=1536&amp;ssl=1 1536w\" sizes=\"auto, (max-width: 768px) 100vw, 768px\" \/><\/figure><div class=\"wp-block-media-text__content\">\n<h1 class=\"wp-block-heading\"><strong>Notre galerie photo<\/strong>s<\/h1>\n<\/div><\/div>\n\n\n\n<blockquote class=\"wp-block-quote is-layout-flow wp-block-quote-is-layout-flow\">\n<p>Notre galerie photos R\u00e9paration Installation R\u00e9novation Entretien Remplacement appareils sanitaire chauffe eau \ud83d\udca6chaudi\u00e8re \ud83d\udd25 <\/p>\n<\/blockquote>\n\n\n\n<div class=\"wp-block-columns alignfull has-text-color has-background is-layout-flex wp-container-core-columns-is-layout-9d6595d7 wp-block-columns-is-layout-flex\" style=\"color:#000000;background-color:#ffffff\">\n<div class=\"wp-block-column is-layout-flow wp-block-column-is-layout-flow\">\n<p class=\"has-text-align-center\" id=\"Installation\"><strong>Installation<\/strong><\/p>\n\n\n\n<div class=\"wp-block-buttons is-content-justification-center is-layout-flex wp-container-core-buttons-is-layout-16018d1d wp-block-buttons-is-layout-flex\">\n<div class=\"wp-block-button is-style-outline is-style-outline--1\"><a class=\"wp-block-button__link wp-element-button\" href=\"#installation\">Nos r\u00e9alisations <\/a><\/div>\n<\/div>\n<\/div>\n\n\n\n<div class=\"wp-block-column is-layout-flow wp-block-column-is-layout-flow\">\n<p class=\"has-text-align-center\"><strong>R\u00e9novation<\/strong><\/p>\n\n\n\n<div class=\"wp-block-buttons is-content-justification-center is-layout-flex wp-container-core-buttons-is-layout-16018d1d wp-block-buttons-is-layout-flex\">\n<div class=\"wp-block-button is-style-outline is-style-outline--2\"><a class=\"wp-block-button__link wp-element-button\" href=\"https:\/\/www.google.com\/maps\/uv?pb=!1s0x47e66db3d2d800ed%3A0x3c5777b2011284d8!3m1!7e115!4shttps%3A%2F%2Flh5.googleusercontent.com%2Fp%2FAF1QipMmIHFgvG2EKpgj6ek3Kzlqjge7Zr9vzRUQra_6%3Dw260-h175-n-k-no!5splombier%20pantin%20-%20Recherche%20Google!15sCgIgAQ&amp;imagekey=!1e10!2sAF1QipMmIHFgvG2EKpgj6ek3Kzlqjge7Zr9vzRUQra_6&amp;hl=fr&amp;sa=X&amp;ved=2ahUKEwjn54Dz453-AhVJXqQEHVBIAYAQ7ZgBKAB6BAgeEAI\" target=\"_blank\" rel=\"noreferrer noopener\">Nos r\u00e9alisations <\/a><\/div>\n<\/div>\n<\/div>\n\n\n\n<div class=\"wp-block-column is-layout-flow wp-block-column-is-layout-flow\">\n<p class=\"has-text-align-center\"><strong>D\u00e9pannage <\/strong><\/p>\n\n\n\n<div class=\"wp-block-buttons is-content-justification-center is-layout-flex wp-container-core-buttons-is-layout-16018d1d wp-block-buttons-is-layout-flex\">\n<div class=\"wp-block-button is-style-outline is-style-outline--3\"><a class=\"wp-block-button__link wp-element-button\" href=\"https:\/\/www.google.com\/maps\/uv?pb=!1s0x47e66db3d2d800ed%3A0x3c5777b2011284d8!3m1!7e115!4shttps%3A%2F%2Flh5.googleusercontent.com%2Fp%2FAF1QipMmIHFgvG2EKpgj6ek3Kzlqjge7Zr9vzRUQra_6%3Dw260-h175-n-k-no!5splombier%20pantin%20-%20Recherche%20Google!15sCgIgAQ&amp;imagekey=!1e10!2sAF1QipMmIHFgvG2EKpgj6ek3Kzlqjge7Zr9vzRUQra_6&amp;hl=fr&amp;sa=X&amp;ved=2ahUKEwjn54Dz453-AhVJXqQEHVBIAYAQ7ZgBKAB6BAgeEAI\" target=\"_blank\" rel=\"noreferrer noopener\">Nos r\u00e9alisations <\/a><\/div>\n<\/div>\n<\/div>\n\n\n\n<div class=\"wp-block-column is-layout-flow wp-block-column-is-layout-flow\">\n<p class=\"has-text-align-center\"><strong>Entretien<\/strong><\/p>\n\n\n\n<div class=\"wp-block-buttons is-content-justification-center is-layout-flex wp-container-core-buttons-is-layout-16018d1d wp-block-buttons-is-layout-flex\">\n<div class=\"wp-block-button is-style-outline is-style-outline--4\"><a class=\"wp-block-button__link wp-element-button\" href=\"#Entretien\">Nos r\u00e9alisations <\/a><\/div>\n<\/div>\n<\/div>\n<\/div>\n\n\n\n<p id=\"Installation\"><strong>Installation<\/strong><\/p>\n\n\n\n<div class=\"wp-block-columns is-layout-flex wp-container-core-columns-is-layout-9d6595d7 wp-block-columns-is-layout-flex\">\n<div class=\"wp-block-column is-layout-flow wp-block-column-is-layout-flow\">\n<figure class=\"wp-block-image\"><img decoding=\"async\" src=\"https:\/\/lh5.googleusercontent.com\/p\/AF1QipOB7puhytFQkb6UkQFeQR0O2Zvph3RWZzaSFN33=w231-h289-n-k-no-nu\" alt=\"Photo\"\/><\/figure>\n\n\n\n<figure class=\"wp-block-image\"><img decoding=\"async\" src=\"https:\/\/lh5.googleusercontent.com\/p\/AF1QipNouktWKOm1IopX254Wpet0nG53RJEQXPEPJnXE=w231-h231-n-k-no-nu\" alt=\"Photo\"\/><\/figure>\n\n\n\n<figure class=\"wp-block-image\"><img decoding=\"async\" src=\"https:\/\/lh5.googleusercontent.com\/p\/AF1QipMr_YRCxLNR7QhYKKeL25lSyDKAYUZ_1iJae-sg=w231-h231-n-k-no-nu\" alt=\"Photo\"\/><\/figure>\n<\/div>\n\n\n\n<div class=\"wp-block-column is-layout-flow wp-block-column-is-layout-flow\">\n<figure class=\"wp-block-image\"><img decoding=\"async\" src=\"https:\/\/lh5.googleusercontent.com\/p\/AF1QipN9oHk8WjsHzm8E8c1FdQkNHXpQfcyIEtPDF8Fx=w231-h193-n-k-no-nu\" alt=\"Photo\"\/><\/figure>\n\n\n\n<figure class=\"wp-block-image\"><img decoding=\"async\" src=\"https:\/\/lh5.googleusercontent.com\/p\/AF1QipP6dbnUoeym_xG5as-S2a0wBPgwdgDtZyd9oxWU=w231-h231-n-k-no-nu\" alt=\"Photo\"\/><\/figure>\n\n\n\n<figure class=\"wp-block-image\"><img decoding=\"async\" src=\"https:\/\/lh5.googleusercontent.com\/p\/AF1QipPueNNeHea1YOTC-Dcuc3VC-gfnYo2DcZ1ka4hE=w231-h289-n-k-no-nu\" alt=\"Photo\"\/><\/figure>\n<\/div>\n\n\n\n<div class=\"wp-block-column is-layout-flow wp-block-column-is-layout-flow\">\n<figure class=\"wp-block-image\"><img decoding=\"async\" src=\"https:\/\/lh5.googleusercontent.com\/p\/AF1QipOHXIEWol1hHUvbLDBRoLW-Z0eWt9JYwjcntJuF=w231-h385-n-k-no-nu\" alt=\"Photo\"\/><\/figure>\n\n\n\n<figure class=\"wp-block-image\"><img decoding=\"async\" src=\"https:\/\/lh5.googleusercontent.com\/p\/AF1QipNQXMfU0Gbl9lxk2CxReT9z68jVUnAwQkQHsIbi=w231-h385-n-k-no-nu\" alt=\"Photo\"\/><\/figure>\n<\/div>\n<\/div>\n\n\n\n<p><strong>R\u00e9novation<\/strong><\/p>\n\n\n\n<div class=\"wp-block-columns is-layout-flex wp-container-core-columns-is-layout-9d6595d7 wp-block-columns-is-layout-flex\">\n<div class=\"wp-block-column is-layout-flow wp-block-column-is-layout-flow\">\n<figure class=\"wp-block-image\"><img decoding=\"async\" src=\"https:\/\/lh5.googleusercontent.com\/p\/AF1QipNJRRG9K_L3pciK4SWflpGMMv_MM-slRPgMnYQa=w231-h289-n-k-no-nu\" alt=\"Photo\"\/><\/figure>\n\n\n\n<figure class=\"wp-block-image\"><img decoding=\"async\" src=\"https:\/\/lh5.googleusercontent.com\/p\/AF1QipN9oHk8WjsHzm8E8c1FdQkNHXpQfcyIEtPDF8Fx=w231-h193-n-k-no-nu\" alt=\"Photo\"\/><\/figure>\n\n\n\n<figure class=\"wp-block-image\"><img decoding=\"async\" src=\"https:\/\/lh5.googleusercontent.com\/p\/AF1QipPfvFguKun9owS0dBkQNFHHHMuBbqFnZPt7Pab3=w231-h385-n-k-no-nu\" alt=\"Photo\"\/><\/figure>\n<\/div>\n\n\n\n<div class=\"wp-block-column is-layout-flow wp-block-column-is-layout-flow\">\n<figure class=\"wp-block-image\"><img decoding=\"async\" src=\"https:\/\/lh5.googleusercontent.com\/p\/AF1QipNQXMfU0Gbl9lxk2CxReT9z68jVUnAwQkQHsIbi=w231-h385-n-k-no-nu\" alt=\"Photo\"\/><\/figure>\n\n\n\n<figure class=\"wp-block-image\"><img decoding=\"async\" src=\"https:\/\/lh5.googleusercontent.com\/p\/AF1QipNcFbcfN3e_9RQGEWmBtDNHygad2F_m-ezmNvmp=w231-h385-n-k-no-nu\" alt=\"Photo\"\/><\/figure>\n\n\n\n<figure class=\"wp-block-image\"><img decoding=\"async\" src=\"https:\/\/lh5.googleusercontent.com\/p\/AF1QipP3DzmGOC40LYAdQiIb944l4Zk8epK-eYoLOtrk=w231-h165-n-k-no-nu\" alt=\"Photo\"\/><\/figure>\n<\/div>\n\n\n\n<div class=\"wp-block-column is-layout-flow wp-block-column-is-layout-flow\">\n<figure class=\"wp-block-image\"><img decoding=\"async\" src=\"https:\/\/lh5.googleusercontent.com\/p\/AF1QipMvV6-xW5_2a6YzdCIV2rqbjLx72InxCA5VpQOP=w231-h289-n-k-no-nu\" alt=\"Photo\"\/><\/figure>\n\n\n\n<figure class=\"wp-block-image\"><img decoding=\"async\" src=\"https:\/\/lh5.googleusercontent.com\/p\/AF1QipMVKGJxEnIrAi4-hx2aB8PWMaN8RSxZs1I6VpvX=w231-h385-n-k-no-nu\" alt=\"Photo\"\/><\/figure>\n\n\n\n<figure class=\"wp-block-image\"><img decoding=\"async\" src=\"https:\/\/lh5.googleusercontent.com\/p\/AF1QipOQUZxAo6oVlDVwgqrEyK1DDhSt_O5GW0hcwVFg=w231-h231-n-k-no-nu\" alt=\"Photo\"\/><\/figure>\n<\/div>\n<\/div>\n\n\n\n<p><strong>D\u00e9pannage<\/strong><\/p>\n\n\n\n<figure class=\"wp-block-gallery has-nested-images columns-default is-cropped wp-block-gallery-5 is-layout-flex wp-block-gallery-is-layout-flex\"><\/figure>\n\n\n\n<p id=\"Entretien\"><strong>Entretien <\/strong><\/p>\n\n\n\n<figure class=\"wp-block-gallery has-nested-images columns-default is-cropped wp-block-gallery-6 is-layout-flex wp-block-gallery-is-layout-flex\"><\/figure>\n","protected":false},"excerpt":{"rendered":"<p>Notre galerie photos Notre galerie photos R\u00e9paration Installation R\u00e9novation Entretien Remplacement appareils sanitaire chauffe eau \ud83d\udca6chaudi\u00e8re \ud83d\udd25 Installation R\u00e9novation D\u00e9pannage Entretien Installation R\u00e9novation D\u00e9pannage Entretien<\/p>\n","protected":false},"author":1,"featured_media":0,"parent":0,"menu_order":0,"comment_status":"closed","ping_status":"closed","template":"templates\/template-page-full-width.php","meta":{"_uag_custom_page_level_css":"","_monsterinsights_skip_tracking":false,"_monsterinsights_sitenote_active":false,"_monsterinsights_sitenote_note":"","_monsterinsights_sitenote_category":0,"jetpack_post_was_ever_published":false,"footnotes":""},"class_list":["post-447","page","type-page","status-publish","hentry"],"aioseo_notices":[],"uagb_featured_image_src":{"full":false,"thumbnail":false,"medium":false,"medium_large":false,"large":false,"1536x1536":false,"2048x2048":false},"uagb_author_info":{"display_name":"REGIS","author_link":"https:\/\/plombier-regis.xyz\/index.php\/author\/jmultishops\/"},"uagb_comment_info":0,"uagb_excerpt":"Notre galerie photos Notre galerie photos R\u00e9paration Installation R\u00e9novation Entretien Remplacement appareils sanitaire chauffe eau \ud83d\udca6chaudi\u00e8re \ud83d\udd25 Installation R\u00e9novation D\u00e9pannage Entretien Installation R\u00e9novation D\u00e9pannage Entretien","jetpack-related-posts":[{"id":314,"url":"https:\/\/plombier-regis.xyz\/index.php\/chauffagiste\/","url_meta":{"origin":447,"position":0},"title":"Chauffagiste","author":"REGIS","date":"05\/04\/2022","format":false,"excerpt":"Chauffagiste Pantin et proximit\u00e9 Installation R\u00e9novation R\u00e9paration Entretien Chauffagiste Assurent l\u2019installation la r\u00e9paration de tous types de chauffage. Que ce soit pour une installation neuf ou r\u00e9novations, remplacement d\u2019appareils, entretiens chaudi\u00e8re a gaz. Nous contacter InstallationQue ce soit pour la modification d\u2019installations Existantes ou La cr\u00e9ation d\u2019installations, nous r\u00e9alisons votre\u2026","rel":"","context":"Article similaire","block_context":{"text":"Article similaire","link":""},"img":{"alt_text":"Pose chaudi\u00e8re a gaz","src":"https:\/\/i0.wp.com\/plombier-regis.xyz\/wp-content\/uploads\/2022\/04\/IMG_1521.jpeg?resize=350%2C200","width":350,"height":200,"srcset":"https:\/\/i0.wp.com\/plombier-regis.xyz\/wp-content\/uploads\/2022\/04\/IMG_1521.jpeg?resize=350%2C200 1x, https:\/\/i0.wp.com\/plombier-regis.xyz\/wp-content\/uploads\/2022\/04\/IMG_1521.jpeg?resize=525%2C300 1.5x, https:\/\/i0.wp.com\/plombier-regis.xyz\/wp-content\/uploads\/2022\/04\/IMG_1521.jpeg?resize=700%2C400 2x, https:\/\/i0.wp.com\/plombier-regis.xyz\/wp-content\/uploads\/2022\/04\/IMG_1521.jpeg?resize=1050%2C600 3x, https:\/\/i0.wp.com\/plombier-regis.xyz\/wp-content\/uploads\/2022\/04\/IMG_1521.jpeg?resize=1400%2C800 4x"},"classes":[]},{"id":306,"url":"https:\/\/plombier-regis.xyz\/index.php\/plombier\/","url_meta":{"origin":447,"position":1},"title":"Plombier","author":"REGIS","date":"05\/04\/2022","format":false,"excerpt":"Plombier Pantin et proximit\u00e9 Installation R\u00e9novation R\u00e9paration Entretien Plombier assurent l\u2019installation la r\u00e9paration de tous types de plomberie. Que ce soit pour une installation neuf ou r\u00e9novations, remplacement d\u2019appareils sanitaire entretiens. Nous contacter Installation Que ce soit pour la modification d\u2019installations existantes ou la cr\u00e9ation d\u2019installations, nous r\u00e9alisons votre projet\u2026","rel":"","context":"Article similaire","block_context":{"text":"Article similaire","link":""},"img":{"alt_text":"services Plombier chauffagiste","src":"https:\/\/i0.wp.com\/plombier-regis.xyz\/wp-content\/uploads\/2022\/04\/installation-WC-et-pose-plombier-paris-19.jpeg?resize=350%2C200","width":350,"height":200,"srcset":"https:\/\/i0.wp.com\/plombier-regis.xyz\/wp-content\/uploads\/2022\/04\/installation-WC-et-pose-plombier-paris-19.jpeg?resize=350%2C200 1x, https:\/\/i0.wp.com\/plombier-regis.xyz\/wp-content\/uploads\/2022\/04\/installation-WC-et-pose-plombier-paris-19.jpeg?resize=525%2C300 1.5x, https:\/\/i0.wp.com\/plombier-regis.xyz\/wp-content\/uploads\/2022\/04\/installation-WC-et-pose-plombier-paris-19.jpeg?resize=700%2C400 2x, https:\/\/i0.wp.com\/plombier-regis.xyz\/wp-content\/uploads\/2022\/04\/installation-WC-et-pose-plombier-paris-19.jpeg?resize=1050%2C600 3x, https:\/\/i0.wp.com\/plombier-regis.xyz\/wp-content\/uploads\/2022\/04\/installation-WC-et-pose-plombier-paris-19.jpeg?resize=1400%2C800 4x"},"classes":[]},{"id":615,"url":"https:\/\/plombier-regis.xyz\/index.php\/plombier-chauffagiste-pantin\/","url_meta":{"origin":447,"position":2},"title":"Plombier Pantin","author":"REGIS","date":"27\/04\/2022","format":false,"excerpt":"Plombier Pantin 93500 et proximit\u00e9\u00a0B\u00e9n\u00e9ficiez de notre expertise pour tous vos travaux. Nous r\u00e9alisons des r\u00e9parations de plomberie et chauffage pour garantir une installation op\u00e9rationnelle. Nous intervenons \u00e0 Pantin et proximit\u00e9. Contactez un plombier Pantin pour une r\u00e9paration, installation, r\u00e9novation ou entretien efficace et rapide. N\u2019h\u00e9sitez pas \u00e0 nous contacter\u2026","rel":"","context":"Article similaire","block_context":{"text":"Article similaire","link":""},"img":{"alt_text":"service r\u00e9paration chauffe eau","src":"https:\/\/i0.wp.com\/plombier-regis.xyz\/wp-content\/uploads\/2022\/04\/chauffe-eau-electrique-.jpg?resize=350%2C200","width":350,"height":200,"srcset":"https:\/\/i0.wp.com\/plombier-regis.xyz\/wp-content\/uploads\/2022\/04\/chauffe-eau-electrique-.jpg?resize=350%2C200 1x, https:\/\/i0.wp.com\/plombier-regis.xyz\/wp-content\/uploads\/2022\/04\/chauffe-eau-electrique-.jpg?resize=525%2C300 1.5x, https:\/\/i0.wp.com\/plombier-regis.xyz\/wp-content\/uploads\/2022\/04\/chauffe-eau-electrique-.jpg?resize=700%2C400 2x, https:\/\/i0.wp.com\/plombier-regis.xyz\/wp-content\/uploads\/2022\/04\/chauffe-eau-electrique-.jpg?resize=1050%2C600 3x"},"classes":[]},{"id":2720,"url":"https:\/\/plombier-regis.xyz\/index.php\/plombier-chauffagiste-regis-2\/","url_meta":{"origin":447,"position":3},"title":"Plombier Chauffagiste r\u00e9gis","author":"REGIS","date":"06\/07\/2024","format":false,"excerpt":"Sp\u00e9cialiste en plomberie et chauffage \u00e0 Pantin et ses alentours. Contactez-nous sur WhatsApp En tant que plombier chauffagiste \u00e0 Pantin. Tout d'abord, b\u00e9n\u00e9ficier d'une exp\u00e9rience cumul\u00e9e de plus de 30 ans dans les domaines de la r\u00e9paration, la r\u00e9novation, l'installation et l'entretien. Nous nous engageons \u00e0 r\u00e9pondre aux attentes de\u2026","rel":"","context":"Article similaire","block_context":{"text":"Article similaire","link":""},"img":{"alt_text":"plombier chauffagiste r\u00e9novation installation entretien r\u00e9paration","src":"https:\/\/i0.wp.com\/plombier-regis.xyz\/wp-content\/uploads\/2022\/04\/IMG_1742.jpeg?resize=350%2C200","width":350,"height":200,"srcset":"https:\/\/i0.wp.com\/plombier-regis.xyz\/wp-content\/uploads\/2022\/04\/IMG_1742.jpeg?resize=350%2C200 1x, https:\/\/i0.wp.com\/plombier-regis.xyz\/wp-content\/uploads\/2022\/04\/IMG_1742.jpeg?resize=525%2C300 1.5x, https:\/\/i0.wp.com\/plombier-regis.xyz\/wp-content\/uploads\/2022\/04\/IMG_1742.jpeg?resize=700%2C400 2x, https:\/\/i0.wp.com\/plombier-regis.xyz\/wp-content\/uploads\/2022\/04\/IMG_1742.jpeg?resize=1050%2C600 3x, https:\/\/i0.wp.com\/plombier-regis.xyz\/wp-content\/uploads\/2022\/04\/IMG_1742.jpeg?resize=1400%2C800 4x"},"classes":[]},{"id":2435,"url":"https:\/\/plombier-regis.xyz\/index.php\/pantin-93500\/","url_meta":{"origin":447,"position":4},"title":"Pantin 93500","author":"REGIS","date":"09\/05\/2024","format":false,"excerpt":"Sp\u00e9cialiste en plomberie et chauffage \u00e0 Pantin et ses alentours. Contactez-nous sur WhatsApp En tant que plombier chauffagiste \u00e0 Pantin. Tout d'abord, b\u00e9n\u00e9ficier d'une exp\u00e9rience cumul\u00e9e de plus de 30 ans dans les domaines de la r\u00e9paration, la r\u00e9novation, l'installation et l'entretien. Nous nous engageons \u00e0 r\u00e9pondre aux attentes de\u2026","rel":"","context":"Article similaire","block_context":{"text":"Article similaire","link":""},"img":{"alt_text":"plombier chauffagiste r\u00e9novation installation entretien r\u00e9paration","src":"https:\/\/i0.wp.com\/plombier-regis.xyz\/wp-content\/uploads\/2022\/04\/IMG_1742.jpeg?resize=350%2C200","width":350,"height":200,"srcset":"https:\/\/i0.wp.com\/plombier-regis.xyz\/wp-content\/uploads\/2022\/04\/IMG_1742.jpeg?resize=350%2C200 1x, https:\/\/i0.wp.com\/plombier-regis.xyz\/wp-content\/uploads\/2022\/04\/IMG_1742.jpeg?resize=525%2C300 1.5x, https:\/\/i0.wp.com\/plombier-regis.xyz\/wp-content\/uploads\/2022\/04\/IMG_1742.jpeg?resize=700%2C400 2x, https:\/\/i0.wp.com\/plombier-regis.xyz\/wp-content\/uploads\/2022\/04\/IMG_1742.jpeg?resize=1050%2C600 3x, https:\/\/i0.wp.com\/plombier-regis.xyz\/wp-content\/uploads\/2022\/04\/IMG_1742.jpeg?resize=1400%2C800 4x"},"classes":[]},{"id":2633,"url":"https:\/\/plombier-regis.xyz\/index.php\/paris-75019\/","url_meta":{"origin":447,"position":5},"title":"Paris 75019","author":"REGIS","date":"09\/05\/2024","format":false,"excerpt":"Sp\u00e9cialiste en plomberie et chauffage \u00e0 Paris 19 et ses alentours. Contactez-nous sur WhatsApp En tant que plombier chauffagiste \u00e0 Paris 19. Tout d'abord, b\u00e9n\u00e9ficier d'une exp\u00e9rience cumul\u00e9e de plus de 30 ans dans les domaines de la r\u00e9paration, la r\u00e9novation, l'installation et l'entretien. Nous nous engageons \u00e0 r\u00e9pondre aux\u2026","rel":"","context":"Article similaire","block_context":{"text":"Article similaire","link":""},"img":{"alt_text":"plombier chauffagiste r\u00e9novation installation entretien r\u00e9paration","src":"https:\/\/i0.wp.com\/plombier-regis.xyz\/wp-content\/uploads\/2022\/04\/IMG_1742.jpeg?resize=350%2C200","width":350,"height":200,"srcset":"https:\/\/i0.wp.com\/plombier-regis.xyz\/wp-content\/uploads\/2022\/04\/IMG_1742.jpeg?resize=350%2C200 1x, https:\/\/i0.wp.com\/plombier-regis.xyz\/wp-content\/uploads\/2022\/04\/IMG_1742.jpeg?resize=525%2C300 1.5x, https:\/\/i0.wp.com\/plombier-regis.xyz\/wp-content\/uploads\/2022\/04\/IMG_1742.jpeg?resize=700%2C400 2x, https:\/\/i0.wp.com\/plombier-regis.xyz\/wp-content\/uploads\/2022\/04\/IMG_1742.jpeg?resize=1050%2C600 3x, https:\/\/i0.wp.com\/plombier-regis.xyz\/wp-content\/uploads\/2022\/04\/IMG_1742.jpeg?resize=1400%2C800 4x"},"classes":[]}],"jetpack_sharing_enabled":true,"jetpack_likes_enabled":true,"_links":{"self":[{"href":"https:\/\/plombier-regis.xyz\/index.php\/wp-json\/wp\/v2\/pages\/447","targetHints":{"allow":["GET"]}}],"collection":[{"href":"https:\/\/plombier-regis.xyz\/index.php\/wp-json\/wp\/v2\/pages"}],"about":[{"href":"https:\/\/plombier-regis.xyz\/index.php\/wp-json\/wp\/v2\/types\/page"}],"author":[{"embeddable":true,"href":"https:\/\/plombier-regis.xyz\/index.php\/wp-json\/wp\/v2\/users\/1"}],"replies":[{"embeddable":true,"href":"https:\/\/plombier-regis.xyz\/index.php\/wp-json\/wp\/v2\/comments?post=447"}],"version-history":[{"count":9,"href":"https:\/\/plombier-regis.xyz\/index.php\/wp-json\/wp\/v2\/pages\/447\/revisions"}],"predecessor-version":[{"id":1794,"href":"https:\/\/plombier-regis.xyz\/index.php\/wp-json\/wp\/v2\/pages\/447\/revisions\/1794"}],"wp:attachment":[{"href":"https:\/\/plombier-regis.xyz\/index.php\/wp-json\/wp\/v2\/media?parent=447"}],"curies":[{"name":"wp","href":"https:\/\/api.w.org\/{rel}","templated":true}]}}