{"id":376,"date":"2022-04-07T00:09:54","date_gmt":"2022-04-06T22:09:54","guid":{"rendered":"https:\/\/plombier-regis.xyz\/?page_id=376"},"modified":"2024-06-23T00:09:08","modified_gmt":"2024-06-22T22:09:08","slug":"installation","status":"publish","type":"page","link":"https:\/\/plombier-regis.xyz\/index.php\/installation\/","title":{"rendered":"Installation"},"content":{"rendered":"\n<h1 class=\"wp-block-heading\">Installation de Plomberie et Chauffage <\/h1>\n\n\n\n<div class=\"wp-block-media-text alignwide is-stacked-on-mobile\" style=\"grid-template-columns:15% auto\"><figure class=\"wp-block-media-text__media\"><img data-recalc-dims=\"1\" loading=\"lazy\" decoding=\"async\" width=\"768\" height=\"1024\" data-attachment-id=\"932\" data-permalink=\"https:\/\/plombier-regis.xyz\/index.php\/nos-tarifs\/img_2378\/\" data-orig-file=\"https:\/\/i0.wp.com\/plombier-regis.xyz\/wp-content\/uploads\/2022\/04\/IMG_2378-scaled.jpg?fit=1920%2C2560&amp;ssl=1\" data-orig-size=\"1920,2560\" data-comments-opened=\"1\" data-image-meta=\"{&quot;aperture&quot;:&quot;0&quot;,&quot;credit&quot;:&quot;&quot;,&quot;camera&quot;:&quot;&quot;,&quot;caption&quot;:&quot;&quot;,&quot;created_timestamp&quot;:&quot;0&quot;,&quot;copyright&quot;:&quot;&quot;,&quot;focal_length&quot;:&quot;0&quot;,&quot;iso&quot;:&quot;0&quot;,&quot;shutter_speed&quot;:&quot;0&quot;,&quot;title&quot;:&quot;&quot;,&quot;orientation&quot;:&quot;0&quot;}\" data-image-title=\"installation machine a laver\" data-image-description=\"&lt;p&gt;plombier Cr\u00e9ation installation machine a laver&lt;\/p&gt;\n\" data-image-caption=\"\" data-medium-file=\"https:\/\/i0.wp.com\/plombier-regis.xyz\/wp-content\/uploads\/2022\/04\/IMG_2378-scaled.jpg?fit=225%2C300&amp;ssl=1\" data-large-file=\"https:\/\/i0.wp.com\/plombier-regis.xyz\/wp-content\/uploads\/2022\/04\/IMG_2378-scaled.jpg?fit=768%2C1024&amp;ssl=1\" src=\"https:\/\/i0.wp.com\/plombier-regis.xyz\/wp-content\/uploads\/2022\/04\/IMG_2378.jpg?resize=768%2C1024&#038;ssl=1\" alt=\"Installation\" class=\"wp-image-932 size-full\" srcset=\"https:\/\/i0.wp.com\/plombier-regis.xyz\/wp-content\/uploads\/2022\/04\/IMG_2378-scaled.jpg?resize=768%2C1024&amp;ssl=1 768w, https:\/\/i0.wp.com\/plombier-regis.xyz\/wp-content\/uploads\/2022\/04\/IMG_2378-scaled.jpg?resize=225%2C300&amp;ssl=1 225w, https:\/\/i0.wp.com\/plombier-regis.xyz\/wp-content\/uploads\/2022\/04\/IMG_2378-scaled.jpg?resize=1152%2C1536&amp;ssl=1 1152w, https:\/\/i0.wp.com\/plombier-regis.xyz\/wp-content\/uploads\/2022\/04\/IMG_2378-scaled.jpg?resize=1536%2C2048&amp;ssl=1 1536w, https:\/\/i0.wp.com\/plombier-regis.xyz\/wp-content\/uploads\/2022\/04\/IMG_2378-scaled.jpg?w=1920&amp;ssl=1 1920w\" sizes=\"auto, (max-width: 768px) 100vw, 768px\" \/><\/figure><div class=\"wp-block-media-text__content\">\n<blockquote class=\"wp-block-quote has-medium-font-size is-layout-flow wp-block-quote-is-layout-flow\">\n<p>Chez&nbsp;<strong>Plombier R\u00e9gis<\/strong>, nous nous sp\u00e9cialisons dans l&#8217;installation de syst\u00e8mes de plomberie et de chauffage \u00e0&nbsp;<strong>Pantin<\/strong>. Forts de notre exp\u00e9rience et de notre expertise, nous offrons des services de haute qualit\u00e9 pour r\u00e9pondre \u00e0 tous vos besoins, que ce soit pour une nouvelle construction ou une r\u00e9novation.<\/p>\n<\/blockquote>\n<\/div><\/div>\n\n\n\n<h2 class=\"wp-block-heading has-text-align-center\">Plombier installation &#8211; Chauffagiste installation<\/h2>\n\n\n\n<blockquote class=\"wp-block-quote is-layout-flow wp-block-quote-is-layout-flow\">\n<h2 class=\"wp-block-heading\">Nos Services d&#8217;Installation<\/h2>\n\n\n\n<p>Nos prestations incluent :<\/p>\n\n\n\n<ul class=\"wp-block-list\">\n<li>Installation de syst\u00e8mes de plomberie<\/li>\n\n\n\n<li>Installation et remplacement de chauffe-eau<\/li>\n\n\n\n<li>Installation de syst\u00e8mes de chauffage<\/li>\n\n\n\n<li>Installation de filtres \u00e0 eau<\/li>\n\n\n\n<li>Installation et entretien de sanitaires<\/li>\n<\/ul>\n\n\n\n<h2 class=\"wp-block-heading\">Plombier Chauffagiste \u00e0 Pantin<\/h2>\n\n\n\n<p>En tant que&nbsp;<strong>plombier chauffagiste Pantin<\/strong>, nous intervenons rapidement pour tous vos projets d&#8217;installation. Que vous soyez un particulier ou une entreprise, nous mettons tout en \u0153uvre pour garantir un service irr\u00e9prochable et durable.<\/p>\n\n\n\n<h3 class=\"wp-block-heading\">Pourquoi choisir notre entreprise \u00e0 Pantin ?<\/h3>\n\n\n\n<p>Nos \u00e9quipes sont qualifi\u00e9es et pr\u00eates \u00e0 intervenir dans les meilleures conditions pour assurer une installation conforme aux normes en vigueur. Nous utilisons des mat\u00e9riaux de qualit\u00e9 et des techniques \u00e9prouv\u00e9es pour garantir votre satisfaction.<\/p>\n\n\n\n<h2 class=\"wp-block-heading\"><a href=\"https:\/\/plombier-regis.xyz\/index.php\/contacts\/\" target=\"_blank\" rel=\"noopener\" title=\"Contacts\">Contactez-Nous<\/a><\/h2>\n\n\n\n<p>Pour toute demande de devis ou d&#8217;information suppl\u00e9mentaire, n&#8217;h\u00e9sitez pas \u00e0 nous contacter :<\/p>\n\n\n\n<ul class=\"wp-block-list\">\n<li>Email : contacts@plombier-regis.xyz<\/li>\n\n\n\n<li>T\u00e9l\u00e9phone : 0 9 80 80 93 55<\/li>\n\n\n\n<li>Adresse : 27 Rue des Sept Arpents, 93500&nbsp;<strong>Pantin<\/strong>, France<\/li>\n<\/ul>\n\n\n\n<p>Faites confiance \u00e0&nbsp;<strong>Plombier R\u00e9gis<\/strong>&nbsp;pour tous vos besoins en installation de plomberie et de chauffage \u00e0&nbsp;<strong>Pantin<\/strong>. Notre engagement est d&#8217;assurer une&nbsp;<strong>r\u00e9paration<\/strong>&nbsp;rapide, efficace et durable pour toute sorte de probl\u00e8me.<\/p>\n<\/blockquote>\n\n\n\n<div class=\"wp-block-buttons alignwide is-content-justification-center is-layout-flex wp-container-core-buttons-is-layout-16018d1d wp-block-buttons-is-layout-flex\">\n<div class=\"wp-block-button has-custom-font-size is-style-outline has-medium-font-size is-style-outline--1\"><a class=\"wp-block-button__link wp-element-button\" href=\"https:\/\/plombier-regis.xyz\/index.php\/contacts\/\" target=\"_blank\" rel=\"noreferrer noopener\">Prendre rendez-vous<\/a><\/div>\n<\/div>\n\n\n\n<ul class=\"wp-block-social-links is-style-pill-shape is-content-justification-right is-layout-flex wp-container-core-social-links-is-layout-765c4724 wp-block-social-links-is-layout-flex\"><li class=\"wp-social-link wp-social-link-instagram  wp-block-social-link\"><a href=\"https:\/\/www.instagram.com\/plombierregis\/?hl=fr\" class=\"wp-block-social-link-anchor\"><svg width=\"24\" height=\"24\" viewBox=\"0 0 24 24\" version=\"1.1\" xmlns=\"http:\/\/www.w3.org\/2000\/svg\" aria-hidden=\"true\" focusable=\"false\"><path d=\"M12,4.622c2.403,0,2.688,0.009,3.637,0.052c0.877,0.04,1.354,0.187,1.671,0.31c0.42,0.163,0.72,0.358,1.035,0.673 c0.315,0.315,0.51,0.615,0.673,1.035c0.123,0.317,0.27,0.794,0.31,1.671c0.043,0.949,0.052,1.234,0.052,3.637 s-0.009,2.688-0.052,3.637c-0.04,0.877-0.187,1.354-0.31,1.671c-0.163,0.42-0.358,0.72-0.673,1.035 c-0.315,0.315-0.615,0.51-1.035,0.673c-0.317,0.123-0.794,0.27-1.671,0.31c-0.949,0.043-1.233,0.052-3.637,0.052 s-2.688-0.009-3.637-0.052c-0.877-0.04-1.354-0.187-1.671-0.31c-0.42-0.163-0.72-0.358-1.035-0.673 c-0.315-0.315-0.51-0.615-0.673-1.035c-0.123-0.317-0.27-0.794-0.31-1.671C4.631,14.688,4.622,14.403,4.622,12 s0.009-2.688,0.052-3.637c0.04-0.877,0.187-1.354,0.31-1.671c0.163-0.42,0.358-0.72,0.673-1.035 c0.315-0.315,0.615-0.51,1.035-0.673c0.317-0.123,0.794-0.27,1.671-0.31C9.312,4.631,9.597,4.622,12,4.622 M12,3 C9.556,3,9.249,3.01,8.289,3.054C7.331,3.098,6.677,3.25,6.105,3.472C5.513,3.702,5.011,4.01,4.511,4.511 c-0.5,0.5-0.808,1.002-1.038,1.594C3.25,6.677,3.098,7.331,3.054,8.289C3.01,9.249,3,9.556,3,12c0,2.444,0.01,2.751,0.054,3.711 c0.044,0.958,0.196,1.612,0.418,2.185c0.23,0.592,0.538,1.094,1.038,1.594c0.5,0.5,1.002,0.808,1.594,1.038 c0.572,0.222,1.227,0.375,2.185,0.418C9.249,20.99,9.556,21,12,21s2.751-0.01,3.711-0.054c0.958-0.044,1.612-0.196,2.185-0.418 c0.592-0.23,1.094-0.538,1.594-1.038c0.5-0.5,0.808-1.002,1.038-1.594c0.222-0.572,0.375-1.227,0.418-2.185 C20.99,14.751,21,14.444,21,12s-0.01-2.751-0.054-3.711c-0.044-0.958-0.196-1.612-0.418-2.185c-0.23-0.592-0.538-1.094-1.038-1.594 c-0.5-0.5-1.002-0.808-1.594-1.038c-0.572-0.222-1.227-0.375-2.185-0.418C14.751,3.01,14.444,3,12,3L12,3z M12,7.378 c-2.552,0-4.622,2.069-4.622,4.622S9.448,16.622,12,16.622s4.622-2.069,4.622-4.622S14.552,7.378,12,7.378z M12,15 c-1.657,0-3-1.343-3-3s1.343-3,3-3s3,1.343,3,3S13.657,15,12,15z M16.804,6.116c-0.596,0-1.08,0.484-1.08,1.08 s0.484,1.08,1.08,1.08c0.596,0,1.08-0.484,1.08-1.08S17.401,6.116,16.804,6.116z\"><\/path><\/svg><span class=\"wp-block-social-link-label screen-reader-text\">Instagram<\/span><\/a><\/li>\n\n<li class=\"wp-social-link wp-social-link-facebook  wp-block-social-link\"><a href=\"https:\/\/www.facebook.com\/rjm.plombier.depannage\/\" class=\"wp-block-social-link-anchor\"><svg width=\"24\" height=\"24\" viewBox=\"0 0 24 24\" version=\"1.1\" xmlns=\"http:\/\/www.w3.org\/2000\/svg\" aria-hidden=\"true\" focusable=\"false\"><path d=\"M12 2C6.5 2 2 6.5 2 12c0 5 3.7 9.1 8.4 9.9v-7H7.9V12h2.5V9.8c0-2.5 1.5-3.9 3.8-3.9 1.1 0 2.2.2 2.2.2v2.5h-1.3c-1.2 0-1.6.8-1.6 1.6V12h2.8l-.4 2.9h-2.3v7C18.3 21.1 22 17 22 12c0-5.5-4.5-10-10-10z\"><\/path><\/svg><span class=\"wp-block-social-link-label screen-reader-text\">Facebook<\/span><\/a><\/li>\n\n<li class=\"wp-social-link wp-social-link-twitter  wp-block-social-link\"><a href=\"https:\/\/www.instagram.com\/plombierregis\/?hl=fr\" class=\"wp-block-social-link-anchor\"><svg width=\"24\" height=\"24\" viewBox=\"0 0 24 24\" version=\"1.1\" xmlns=\"http:\/\/www.w3.org\/2000\/svg\" aria-hidden=\"true\" focusable=\"false\"><path d=\"M22.23,5.924c-0.736,0.326-1.527,0.547-2.357,0.646c0.847-0.508,1.498-1.312,1.804-2.27 c-0.793,0.47-1.671,0.812-2.606,0.996C18.324,4.498,17.257,4,16.077,4c-2.266,0-4.103,1.837-4.103,4.103 c0,0.322,0.036,0.635,0.106,0.935C8.67,8.867,5.647,7.234,3.623,4.751C3.27,5.357,3.067,6.062,3.067,6.814 c0,1.424,0.724,2.679,1.825,3.415c-0.673-0.021-1.305-0.206-1.859-0.513c0,0.017,0,0.034,0,0.052c0,1.988,1.414,3.647,3.292,4.023 c-0.344,0.094-0.707,0.144-1.081,0.144c-0.264,0-0.521-0.026-0.772-0.074c0.522,1.63,2.038,2.816,3.833,2.85 c-1.404,1.1-3.174,1.756-5.096,1.756c-0.331,0-0.658-0.019-0.979-0.057c1.816,1.164,3.973,1.843,6.29,1.843 c7.547,0,11.675-6.252,11.675-11.675c0-0.178-0.004-0.355-0.012-0.531C20.985,7.47,21.68,6.747,22.23,5.924z\"><\/path><\/svg><span class=\"wp-block-social-link-label screen-reader-text\">Twitter<\/span><\/a><\/li><\/ul>\n","protected":false},"excerpt":{"rendered":"<p>Installation de Plomberie et Chauffage Plombier installation &#8211; Chauffagiste installation<\/p>\n","protected":false},"author":1,"featured_media":0,"parent":0,"menu_order":0,"comment_status":"closed","ping_status":"closed","template":"","meta":{"_uag_custom_page_level_css":"","_monsterinsights_skip_tracking":false,"_monsterinsights_sitenote_active":false,"_monsterinsights_sitenote_note":"","_monsterinsights_sitenote_category":0,"jetpack_post_was_ever_published":false,"footnotes":""},"class_list":["post-376","page","type-page","status-publish","hentry"],"aioseo_notices":[],"uagb_featured_image_src":{"full":false,"thumbnail":false,"medium":false,"medium_large":false,"large":false,"1536x1536":false,"2048x2048":false},"uagb_author_info":{"display_name":"REGIS","author_link":"https:\/\/plombier-regis.xyz\/index.php\/author\/jmultishops\/"},"uagb_comment_info":0,"uagb_excerpt":"Installation de Plomberie et Chauffage Plombier installation &#8211; Chauffagiste installation","jetpack-related-posts":[{"id":212,"url":"https:\/\/plombier-regis.xyz\/","url_meta":{"origin":376,"position":0},"title":"Accueil","author":"REGIS","date":"02\/04\/2022","format":false,"excerpt":"Plombier R\u00e9gis \u00e0 Pantin 93500 \u2013 Services Haut de Gamme Contactez-nous sur WhatsApp Expert Plombier Chauffagiste \u00e0 Pantin Bienvenue chez Plombier R\u00e9gis, votre plombier chauffagiste de confiance. Situ\u00e9s au c\u0153ur de Pantin, nous offrons des services de plomberie et de chauffage de haute qualit\u00e9 pour r\u00e9pondre \u00e0 tous vos besoins.\u2026","rel":"","context":"Article similaire","block_context":{"text":"Article similaire","link":""},"img":{"alt_text":"plombier chauffagiste r\u00e9novation installation entretien r\u00e9paration","src":"https:\/\/i0.wp.com\/plombier-regis.xyz\/wp-content\/uploads\/2022\/04\/IMG_1742.jpeg?resize=350%2C200","width":350,"height":200,"srcset":"https:\/\/i0.wp.com\/plombier-regis.xyz\/wp-content\/uploads\/2022\/04\/IMG_1742.jpeg?resize=350%2C200 1x, https:\/\/i0.wp.com\/plombier-regis.xyz\/wp-content\/uploads\/2022\/04\/IMG_1742.jpeg?resize=525%2C300 1.5x, https:\/\/i0.wp.com\/plombier-regis.xyz\/wp-content\/uploads\/2022\/04\/IMG_1742.jpeg?resize=700%2C400 2x, https:\/\/i0.wp.com\/plombier-regis.xyz\/wp-content\/uploads\/2022\/04\/IMG_1742.jpeg?resize=1050%2C600 3x, https:\/\/i0.wp.com\/plombier-regis.xyz\/wp-content\/uploads\/2022\/04\/IMG_1742.jpeg?resize=1400%2C800 4x"},"classes":[]},{"id":615,"url":"https:\/\/plombier-regis.xyz\/index.php\/plombier-chauffagiste-pantin\/","url_meta":{"origin":376,"position":1},"title":"Plombier Pantin","author":"REGIS","date":"27\/04\/2022","format":false,"excerpt":"Plombier Pantin 93500 et proximit\u00e9\u00a0B\u00e9n\u00e9ficiez de notre expertise pour tous vos travaux. Nous r\u00e9alisons des r\u00e9parations de plomberie et chauffage pour garantir une installation op\u00e9rationnelle. Nous intervenons \u00e0 Pantin et proximit\u00e9. Contactez un plombier Pantin pour une r\u00e9paration, installation, r\u00e9novation ou entretien efficace et rapide. N\u2019h\u00e9sitez pas \u00e0 nous contacter\u2026","rel":"","context":"Article similaire","block_context":{"text":"Article similaire","link":""},"img":{"alt_text":"service r\u00e9paration chauffe eau","src":"https:\/\/i0.wp.com\/plombier-regis.xyz\/wp-content\/uploads\/2022\/04\/chauffe-eau-electrique-.jpg?resize=350%2C200","width":350,"height":200,"srcset":"https:\/\/i0.wp.com\/plombier-regis.xyz\/wp-content\/uploads\/2022\/04\/chauffe-eau-electrique-.jpg?resize=350%2C200 1x, https:\/\/i0.wp.com\/plombier-regis.xyz\/wp-content\/uploads\/2022\/04\/chauffe-eau-electrique-.jpg?resize=525%2C300 1.5x, https:\/\/i0.wp.com\/plombier-regis.xyz\/wp-content\/uploads\/2022\/04\/chauffe-eau-electrique-.jpg?resize=700%2C400 2x, https:\/\/i0.wp.com\/plombier-regis.xyz\/wp-content\/uploads\/2022\/04\/chauffe-eau-electrique-.jpg?resize=1050%2C600 3x"},"classes":[]},{"id":1167,"url":"https:\/\/plombier-regis.xyz\/index.php\/plombier-aubervilliers\/","url_meta":{"origin":376,"position":2},"title":"Plombier Aubervilliers","author":"REGIS","date":"04\/06\/2022","format":false,"excerpt":"","rel":"","context":"Article similaire","block_context":{"text":"Article similaire","link":""},"img":{"alt_text":"","src":"","width":0,"height":0},"classes":[]},{"id":306,"url":"https:\/\/plombier-regis.xyz\/index.php\/plombier\/","url_meta":{"origin":376,"position":3},"title":"Plombier","author":"REGIS","date":"05\/04\/2022","format":false,"excerpt":"Plombier Pantin et proximit\u00e9 Installation R\u00e9novation R\u00e9paration Entretien Plombier assurent l\u2019installation la r\u00e9paration de tous types de plomberie. Que ce soit pour une installation neuf ou r\u00e9novations, remplacement d\u2019appareils sanitaire entretiens. Nous contacter Installation Que ce soit pour la modification d\u2019installations existantes ou la cr\u00e9ation d\u2019installations, nous r\u00e9alisons votre projet\u2026","rel":"","context":"Article similaire","block_context":{"text":"Article similaire","link":""},"img":{"alt_text":"services Plombier chauffagiste","src":"https:\/\/i0.wp.com\/plombier-regis.xyz\/wp-content\/uploads\/2022\/04\/installation-WC-et-pose-plombier-paris-19.jpeg?resize=350%2C200","width":350,"height":200,"srcset":"https:\/\/i0.wp.com\/plombier-regis.xyz\/wp-content\/uploads\/2022\/04\/installation-WC-et-pose-plombier-paris-19.jpeg?resize=350%2C200 1x, https:\/\/i0.wp.com\/plombier-regis.xyz\/wp-content\/uploads\/2022\/04\/installation-WC-et-pose-plombier-paris-19.jpeg?resize=525%2C300 1.5x, https:\/\/i0.wp.com\/plombier-regis.xyz\/wp-content\/uploads\/2022\/04\/installation-WC-et-pose-plombier-paris-19.jpeg?resize=700%2C400 2x, https:\/\/i0.wp.com\/plombier-regis.xyz\/wp-content\/uploads\/2022\/04\/installation-WC-et-pose-plombier-paris-19.jpeg?resize=1050%2C600 3x, https:\/\/i0.wp.com\/plombier-regis.xyz\/wp-content\/uploads\/2022\/04\/installation-WC-et-pose-plombier-paris-19.jpeg?resize=1400%2C800 4x"},"classes":[]},{"id":2435,"url":"https:\/\/plombier-regis.xyz\/index.php\/pantin-93500\/","url_meta":{"origin":376,"position":4},"title":"Pantin 93500","author":"REGIS","date":"09\/05\/2024","format":false,"excerpt":"Sp\u00e9cialiste en plomberie et chauffage \u00e0 Pantin et ses alentours. Contactez-nous sur WhatsApp En tant que plombier chauffagiste \u00e0 Pantin. Tout d'abord, b\u00e9n\u00e9ficier d'une exp\u00e9rience cumul\u00e9e de plus de 30 ans dans les domaines de la r\u00e9paration, la r\u00e9novation, l'installation et l'entretien. Nous nous engageons \u00e0 r\u00e9pondre aux attentes de\u2026","rel":"","context":"Article similaire","block_context":{"text":"Article similaire","link":""},"img":{"alt_text":"plombier chauffagiste r\u00e9novation installation entretien r\u00e9paration","src":"https:\/\/i0.wp.com\/plombier-regis.xyz\/wp-content\/uploads\/2022\/04\/IMG_1742.jpeg?resize=350%2C200","width":350,"height":200,"srcset":"https:\/\/i0.wp.com\/plombier-regis.xyz\/wp-content\/uploads\/2022\/04\/IMG_1742.jpeg?resize=350%2C200 1x, https:\/\/i0.wp.com\/plombier-regis.xyz\/wp-content\/uploads\/2022\/04\/IMG_1742.jpeg?resize=525%2C300 1.5x, https:\/\/i0.wp.com\/plombier-regis.xyz\/wp-content\/uploads\/2022\/04\/IMG_1742.jpeg?resize=700%2C400 2x, https:\/\/i0.wp.com\/plombier-regis.xyz\/wp-content\/uploads\/2022\/04\/IMG_1742.jpeg?resize=1050%2C600 3x, https:\/\/i0.wp.com\/plombier-regis.xyz\/wp-content\/uploads\/2022\/04\/IMG_1742.jpeg?resize=1400%2C800 4x"},"classes":[]},{"id":2633,"url":"https:\/\/plombier-regis.xyz\/index.php\/paris-75019\/","url_meta":{"origin":376,"position":5},"title":"Paris 75019","author":"REGIS","date":"09\/05\/2024","format":false,"excerpt":"Sp\u00e9cialiste en plomberie et chauffage \u00e0 Paris 19 et ses alentours. Contactez-nous sur WhatsApp En tant que plombier chauffagiste \u00e0 Paris 19. Tout d'abord, b\u00e9n\u00e9ficier d'une exp\u00e9rience cumul\u00e9e de plus de 30 ans dans les domaines de la r\u00e9paration, la r\u00e9novation, l'installation et l'entretien. Nous nous engageons \u00e0 r\u00e9pondre aux\u2026","rel":"","context":"Article similaire","block_context":{"text":"Article similaire","link":""},"img":{"alt_text":"plombier chauffagiste r\u00e9novation installation entretien r\u00e9paration","src":"https:\/\/i0.wp.com\/plombier-regis.xyz\/wp-content\/uploads\/2022\/04\/IMG_1742.jpeg?resize=350%2C200","width":350,"height":200,"srcset":"https:\/\/i0.wp.com\/plombier-regis.xyz\/wp-content\/uploads\/2022\/04\/IMG_1742.jpeg?resize=350%2C200 1x, https:\/\/i0.wp.com\/plombier-regis.xyz\/wp-content\/uploads\/2022\/04\/IMG_1742.jpeg?resize=525%2C300 1.5x, https:\/\/i0.wp.com\/plombier-regis.xyz\/wp-content\/uploads\/2022\/04\/IMG_1742.jpeg?resize=700%2C400 2x, https:\/\/i0.wp.com\/plombier-regis.xyz\/wp-content\/uploads\/2022\/04\/IMG_1742.jpeg?resize=1050%2C600 3x, https:\/\/i0.wp.com\/plombier-regis.xyz\/wp-content\/uploads\/2022\/04\/IMG_1742.jpeg?resize=1400%2C800 4x"},"classes":[]}],"jetpack_sharing_enabled":true,"jetpack_likes_enabled":true,"_links":{"self":[{"href":"https:\/\/plombier-regis.xyz\/index.php\/wp-json\/wp\/v2\/pages\/376","targetHints":{"allow":["GET"]}}],"collection":[{"href":"https:\/\/plombier-regis.xyz\/index.php\/wp-json\/wp\/v2\/pages"}],"about":[{"href":"https:\/\/plombier-regis.xyz\/index.php\/wp-json\/wp\/v2\/types\/page"}],"author":[{"embeddable":true,"href":"https:\/\/plombier-regis.xyz\/index.php\/wp-json\/wp\/v2\/users\/1"}],"replies":[{"embeddable":true,"href":"https:\/\/plombier-regis.xyz\/index.php\/wp-json\/wp\/v2\/comments?post=376"}],"version-history":[{"count":10,"href":"https:\/\/plombier-regis.xyz\/index.php\/wp-json\/wp\/v2\/pages\/376\/revisions"}],"predecessor-version":[{"id":3103,"href":"https:\/\/plombier-regis.xyz\/index.php\/wp-json\/wp\/v2\/pages\/376\/revisions\/3103"}],"wp:attachment":[{"href":"https:\/\/plombier-regis.xyz\/index.php\/wp-json\/wp\/v2\/media?parent=376"}],"curies":[{"name":"wp","href":"https:\/\/api.w.org\/{rel}","templated":true}]}}