{"id":1912,"date":"2023-11-12T18:02:16","date_gmt":"2023-11-12T17:02:16","guid":{"rendered":"https:\/\/plombier-regis.xyz\/?page_id=1912"},"modified":"2024-05-09T11:31:37","modified_gmt":"2024-05-09T09:31:37","slug":"mentions-legales-cgu","status":"publish","type":"page","link":"https:\/\/plombier-regis.xyz\/index.php\/mentions-legales-cgu\/","title":{"rendered":"Mentions l\u00e9gales &#8211; CGU"},"content":{"rendered":"\n<h2 class=\"wp-block-heading\">Mentions l\u00e9gales &#8211; CGU<\/h2>\n\n\n\n<figure class=\"wp-block-table is-style-stripes\"><table><tbody><tr><td><strong>Mentions l\u00e9gales<\/strong><\/td><td><strong>Conditions d&#8217;utilisation du Site internet<\/strong><\/td><\/tr><\/tbody><\/table><\/figure>\n\n\n\n<h2 class=\"wp-block-heading\"><font style=\"vertical-align: inherit;\"><font style=\"vertical-align: inherit;\">MENTION L\u00c9GALE<\/font><\/font>S<\/h2>\n\n\n\n<p>La soci\u00e9t\u00e9 PLOMBIER REGIS a \u00e9t\u00e9 cr\u00e9\u00e9e le <strong>2 juillet 2020<\/strong>, il y a 3 ans. Sa forme juridique est <strong>Soci\u00e9t\u00e9 \u00e0 responsabilit\u00e9 limit\u00e9e (sans autre indication)<\/strong>. Son domaine d\u2019activit\u00e9 est : travaux d\u2019installation d\u2019eau et de gaz en tous locaux. En 2020, elle \u00e9tait cat\u00e9goris\u00e9e Petite ou Moyenne Entreprise. Elle ne poss\u00e9dait pas de salari\u00e9s.<\/p>\n\n\n\n<p>Son si\u00e8ge social est domicili\u00e9 au 27 RUE DES SEPT ARPENTS 93500 PANTIN. Elle poss\u00e8de 2 \u00e9tablissements.<\/p>\n\n\n\n<blockquote class=\"wp-block-quote is-layout-flow wp-block-quote-is-layout-flow\">\n<h2 class=\"wp-block-heading\">Informations l\u00e9gales de PLOMBIER REGIS<\/h2>\n\n\n\n<figure class=\"wp-block-table\"><table><tbody><tr><td>D\u00e9nomination<\/td><td>PLOMBIER REGIS<\/td><\/tr><tr><td>SIREN<\/td><td>885 086 967<\/td><\/tr><tr><td>SIRET du si\u00e8ge social<\/td><td>885 086 967 00019<\/td><\/tr><tr><td>N\u00b0 TVA Intracommunautaire<\/td><td>FR82 885 086 967<\/td><\/tr><tr><td>Activit\u00e9 principale (NAF\/APE)<\/td><td>Travaux d\u2019installation d\u2019eau et de gaz en tous locaux<\/td><\/tr><tr><td>Code NAF\/APE<\/td><td>43.22A<\/td><\/tr><tr><td>Adresse postale <a href=\"https:\/\/annuaire-entreprises.data.gouv.fr\/faq\/modifier-adresse\"><\/a><\/td><td>PLOMBIER REGIS, 27 RUE DES SEPT ARPENTS 93500 PANTIN&nbsp;copier<\/td><\/tr><tr><td>Nature juridique<\/td><td>Soci\u00e9t\u00e9 \u00e0 responsabilit\u00e9 limit\u00e9e (sans autre indication)<\/td><\/tr><tr><td>Tranche effectif salari\u00e9 de la structure<\/td><td>03<\/td><\/tr><tr><td>Taille de la structure<\/td><td>Petite ou Moyenne Entreprise (PME), en 2020<\/td><\/tr><tr><td>Date de cr\u00e9ation<\/td><td>02\/07\/2020<\/td><\/tr><tr><td>Derni\u00e8re modification des donn\u00e9es Insee<\/td><td>26\/10\/2021<\/td><\/tr><tr><td><\/td><td><\/td><\/tr><tr><td>Convention(s) collective(s)<\/td><td><strong>IDCC&nbsp;1597<\/strong><br><a href=\"https:\/\/annuaire-entreprises.data.gouv.fr\/divers\/885086967\">\u2192 en savoir plus<\/a><\/td><\/tr><tr><td><\/td><td><\/td><\/tr><tr><td>Justificatif(s) d\u2019existence<\/td><td><a href=\"https:\/\/annuaire-entreprises.data.gouv.fr\/justificatif-immatriculation-pdf\/885086967\" target=\"_blank\" rel=\"noreferrer noopener\">T\u00e9l\u00e9charger l\u2019extrait RNE<\/a><br><a href=\"https:\/\/api-avis-situation-sirene.insee.fr\/identification\/pdf\/88508696700019\" target=\"_blank\" rel=\"noreferrer noopener\">T\u00e9l\u00e9charger l\u2019avis de situation Insee<\/a><\/td><\/tr><\/tbody><\/table><\/figure>\n<cite><br><\/cite><\/blockquote>\n\n\n\n<figure class=\"wp-block-table\"><table><tbody><tr><td><strong>G\u00e9n\u00e9ral<\/strong><br>\u2192&nbsp;<a href=\"https:\/\/annuaire-entreprises.data.gouv.fr\/entreprise\/plombier-regis-885086967#etablissement\">Infos sur le si\u00e8ge social<\/a><br>\u2192&nbsp;<a href=\"https:\/\/annuaire-entreprises.data.gouv.fr\/entreprise\/plombier-regis-885086967#etablissements\">Liste des 2 \u00e9tablissements<\/a><br>\u2192&nbsp;<a href=\"https:\/\/annuaire-entreprises.data.gouv.fr\/carte\/88508696700019\">Voir le si\u00e8ge sur la carte<\/a><\/td><td><strong>Justificatifs d\u2019existence<\/strong><br>\u2192&nbsp;<a href=\"https:\/\/annuaire-entreprises.data.gouv.fr\/justificatif\/885086967\">Extrait d\u2019immatriculation<\/a><br>\u2192&nbsp;<a href=\"https:\/\/annuaire-entreprises.data.gouv.fr\/justificatif\/885086967#insee\">Avis de situation Insee<\/a><br><\/td><td><strong>Entreprise Commerciale<\/strong><br>\u2192&nbsp;<a href=\"https:\/\/annuaire-entreprises.data.gouv.fr\/dirigeants\/885086967#beneficiaires\">B\u00e9n\u00e9ficiaires Effectifs<\/a><br>\u2192&nbsp;<a href=\"https:\/\/annuaire-entreprises.data.gouv.fr\/justificatif\/885086967#rne\">Capital social<\/a><br>\u2192&nbsp;<a href=\"https:\/\/annuaire-entreprises.data.gouv.fr\/annonces\/885086967\">Proc\u00e9dure(s) collective(s)<\/a><\/td><\/tr><\/tbody><\/table><\/figure>\n\n\n\n<blockquote class=\"wp-block-quote is-layout-flow wp-block-quote-is-layout-flow\">\n<h2 class=\"wp-block-heading\">Si\u00e8ge social de PLOMBIER REGIS<\/h2>\n\n\n\n<figure class=\"wp-block-table\"><table><tbody><tr><td>Nom de l\u2019\u00e9tablissement<\/td><td>PLOMBIER REGIS<\/td><\/tr><tr><td>Adresse <a href=\"https:\/\/annuaire-entreprises.data.gouv.fr\/faq\/modifier-adresse\"><\/a><\/td><td>27 RUE DES SEPT ARPENTS 93500 PANTIN&nbsp;<\/td><\/tr><tr><td>SIRET<\/td><td>885 086 967 00019<\/td><\/tr><tr><td>Clef NIC<\/td><td>00019<\/td><\/tr><tr><td>Activit\u00e9 principale de la soci\u00e9t\u00e9 (NAF\/APE)<\/td><td>Travaux d\u2019installation d\u2019eau et de gaz en tous locaux<\/td><\/tr><tr><td>Activit\u00e9 principale de l\u2019\u00e9tablissement (NAF\/APE)<\/td><td>Travaux d\u2019installation d\u2019eau et de gaz en tous locaux (43.22A)<\/td><\/tr><tr><td>Code NAF\/APE de l\u2019\u00e9tablissement<\/td><td>43.22A<\/td><\/tr><tr><td>Nature juridique<\/td><td>Soci\u00e9t\u00e9 \u00e0 responsabilit\u00e9 limit\u00e9e (sans autre indication)<\/td><\/tr><tr><td>Tranche d\u2019effectif salari\u00e9<\/td><td>03<\/td><\/tr><tr><td>Date de cr\u00e9ation de la soci\u00e9t\u00e9<\/td><td>02\/07\/2020<\/td><\/tr><tr><td>Date de cr\u00e9ation de l\u2019\u00e9tablissement<\/td><td>02\/07\/2020<\/td><\/tr><tr><td><\/td><td><\/td><\/tr><tr><td>Avis de situation Insee<\/td><td><a target=\"_blank\" rel=\"noreferrer noopener\" href=\"https:\/\/api-avis-situation-sirene.insee.fr\/identification\/pdf\/88508696700019\">Avis de situation<\/a><\/td><\/tr><\/tbody><\/table><\/figure>\n\n\n\n<p><a href=\"https:\/\/annuaire-entreprises.data.gouv.fr\/administration\/insee\"><\/a><\/p>\n\n\n\n<blockquote class=\"wp-block-quote is-layout-flow wp-block-quote-is-layout-flow\">\n<p>Cette structure poss\u00e8de <strong>2 \u00e9tablissements<\/strong> dont 2 sont en activit\u00e9. Cliquez sur un n\u00b0 SIRET pour obtenir plus d\u2019information :<\/p>\n\n\n\n<h2 class=\"wp-block-heading\">2 \u00e9tablissements de PLOMBIER REGIS<\/h2>\n\n\n\n<h3 class=\"wp-block-heading\">Etablissements actifs&nbsp;:<\/h3>\n\n\n\n<figure class=\"wp-block-table\"><table><thead><tr><th>SIRET<\/th><th>Activit\u00e9 (NAF\/APE)<\/th><th>D\u00e9tails (nom, enseigne, adresse)<\/th><th>Cr\u00e9ation<\/th><th>\u00c9tat<\/th><\/tr><\/thead><tbody><tr><td>885 086 967 00019<\/td><td>Travaux d\u2019installation d\u2019eau et de gaz en tous locaux (43.22A)<\/td><td><strong>PLOMBIER REGIS<br><\/strong>27 RUE DES SEPT ARPENTS 93500 PANTIN<strong>SI\u00c8GE SOCIAL<\/strong><\/td><td>02\/07\/2020<\/td><td><strong>EN&nbsp;ACTIVIT\u00c9<\/strong><\/td><\/tr><tr><td>885 086 967 00027<\/td><td>Travaux d\u2019installation d\u2019eau et de gaz en tous locaux (43.22A)<\/td><td>11 AV CORENTIN CARIOU 75019 PARIS 19<\/td><td>10\/02\/2021<\/td><td><strong>EN&nbsp;ACTIVIT\u00c9<\/strong><\/td><\/tr><\/tbody><\/table><\/figure>\n<\/blockquote>\n\n\n\n<p><a href=\"https:\/\/annuaire-entreprises.data.gouv.fr\/administration\/insee\"><\/a><a href=\"https:\/\/annuaire-entreprises.data.gouv.fr\/administration\/insee\"><\/a><\/p>\n<\/blockquote>\n\n\n\n<h2 class=\"wp-block-heading\">CONDITIONS D&#8217;UTILISATION DU SITE INTERNET <\/h2>\n\n\n\n<blockquote class=\"wp-block-quote is-layout-flow wp-block-quote-is-layout-flow\">\n<p><strong>1. Conditions<\/strong><\/p>\n\n\n\n<p>En acc\u00e9dant \u00e0 ce site Web, vous acceptez d&#8217;\u00eatre li\u00e9 par les pr\u00e9sentes conditions g\u00e9n\u00e9rales d&#8217;utilisation du site Web, toutes les lois et r\u00e9glementations applicables, et acceptez que vous \u00eates responsable du respect de toutes les lois locales applicables.&nbsp;Si vous n&#8217;\u00eates pas d&#8217;accord avec l&#8217;une de ces conditions, il vous est interdit d&#8217;utiliser ou d&#8217;acc\u00e9der \u00e0 ce site.&nbsp;Le mat\u00e9riel contenu dans ce site Web est prot\u00e9g\u00e9 par la loi applicable sur le droit d&#8217;auteur et les marques.<\/p>\n\n\n\n<p><strong>2. Utiliser la licence<\/strong><\/p>\n\n\n\n<ol class=\"wp-block-list\" style=\"list-style-type:lower-alpha\">\n<li>L&#8217;autorisation est accord\u00e9e de t\u00e9l\u00e9charger temporairement une copie du mat\u00e9riel (informations ou logiciels) sur le site Web de Plombier REGIS pour une visualisation transitoire personnelle et non commerciale uniquement.&nbsp;Il s&#8217;agit de l&#8217;octroi d&#8217;une licence, et non d&#8217;un transfert de titre, et en vertu de cette licence, vous ne pouvez pas&nbsp;:\n<ol class=\"wp-block-list\" style=\"list-style-type:lower-roman\">\n<li>modifier ou copier les documents&nbsp;;<\/li>\n\n\n\n<li>j&#8217;utilise le mat\u00e9riel \u00e0 des fins commerciales ou pour toute exposition publique (commerciale ou non commerciale)&nbsp;;<\/li>\n\n\n\n<li>tenter de d\u00e9compiler ou d&#8217;effectuer de l&#8217;ing\u00e9nierie inverse sur tout logiciel contenu sur le site Web de Plombier REGIS&nbsp;;<\/li>\n\n\n\n<li>supprimer tout droit d&#8217;auteur ou autre mention de propri\u00e9t\u00e9 des documents&nbsp;;&nbsp;ou<\/li>\n\n\n\n<li>transf\u00e9rer les documents \u00e0 une autre personne ou \u00ab refl\u00e9ter \u00bb les documents sur tout autre serveur.<\/li>\n<\/ol>\n<\/li>\n\n\n\n<li>Cette licence prendra fin automatiquement si vous violez l&#8217;une de ces restrictions et peut \u00eatre r\u00e9sili\u00e9e par Plombier REGIS \u00e0 tout moment.&nbsp;\u00c0 la fin de votre visionnage de ces documents ou \u00e0 la r\u00e9siliation de cette licence, vous devez d\u00e9truire tout mat\u00e9riel t\u00e9l\u00e9charg\u00e9 en votre possession, qu&#8217;il soit au format \u00e9lectronique ou imprim\u00e9.<\/li>\n<\/ol>\n\n\n\n<p><strong>3. Avis de non-responsabilit\u00e9<\/strong><\/p>\n\n\n\n<ol class=\"wp-block-list\">\n<li>Les documents pr\u00e9sents sur le site Web de Plombier REGIS sont fournis \u00ab tels quels \u00bb.&nbsp;Plombier REGIS ne donne aucune garantie, expresse ou implicite, et d\u00e9cline et annule par la pr\u00e9sente toutes les autres garanties, y compris, sans limitation, les garanties ou conditions implicites de qualit\u00e9 marchande, d&#8217;ad\u00e9quation \u00e0 un usage particulier, ou de non violation de la propri\u00e9t\u00e9 intellectuelle ou autre violation des droits.&nbsp;De plus, Plombier REGIS ne garantit ni ne fait aucune d\u00e9claration concernant l&#8217;exactitude, les r\u00e9sultats probables ou la fiabilit\u00e9 de l&#8217;utilisation du mat\u00e9riel sur son site Internet ou autrement li\u00e9 \u00e0 ce mat\u00e9riel ou sur tout site li\u00e9 \u00e0 ce site.<\/li>\n<\/ol>\n\n\n\n<p><strong>4. Limites<\/strong><\/p>\n\n\n\n<p>En aucun cas Plombier REGIS ou ses fournisseurs ne pourront \u00eatre tenus responsables de tout dommage (y compris, sans limitation, les dommages dus \u00e0 la perte de donn\u00e9es ou de profit, ou \u00e0 l&#8217;interruption des activit\u00e9s) d\u00e9coulant de l&#8217;utilisation ou de l&#8217;impossibilit\u00e9 d&#8217;utiliser les documents sur Plombier REGIS. Site Internet de R2GIS, m\u00eame si Plombier REGIS ou un repr\u00e9sentant autoris\u00e9 de Plombier REGIS a \u00e9t\u00e9 inform\u00e9 oralement ou par \u00e9crit de la possibilit\u00e9 de tels dommages.&nbsp;\u00c9tant donn\u00e9 que certaines juridictions n&#8217;autorisent pas les limitations des garanties implicites ou les limitations de responsabilit\u00e9 pour les dommages cons\u00e9cutifs ou accessoires, ces limitations peuvent ne pas s&#8217;appliquer \u00e0 vous.<\/p>\n\n\n\n<p><strong>5. R\u00e9visions et errata<\/strong><\/p>\n\n\n\n<p>Les \u00e9l\u00e9ments apparaissant sur le site Web de Plombier REGIS peuvent contenir des erreurs techniques, typographiques ou photographiques.&nbsp;Plombier REGIS ne garantit pas que les \u00e9l\u00e9ments de son site Web sont exacts, complets ou \u00e0 jour.&nbsp;Plombier REGIS peut apporter des modifications aux \u00e9l\u00e9ments contenus sur son site Web \u00e0 tout moment et sans pr\u00e9avis.&nbsp;Plombier REGIS ne s&#8217;engage cependant pas \u00e0 mettre \u00e0 jour le mat\u00e9riel.<\/p>\n\n\n\n<p><strong>6. Liens<\/strong><\/p>\n\n\n\n<p>Plombier REGIS n&#8217;a pas examin\u00e9 tous les sites li\u00e9s \u00e0 son site Internet et n&#8217;est pas responsable du contenu de ces sites li\u00e9s.&nbsp;L&#8217;inclusion de tout lien n&#8217;implique pas l&#8217;approbation par Plombier REGIS du site.&nbsp;L&#8217;utilisation de ces sites Web li\u00e9s se fait aux propres risques de l&#8217;utilisateur.<\/p>\n\n\n\n<p><strong>7. Modifications des conditions d&#8217;utilisation du site<\/strong><\/p>\n\n\n\n<p>Plombier REGIS peut r\u00e9viser ces conditions d&#8217;utilisation de son site Web \u00e0 tout moment et sans pr\u00e9avis.&nbsp;En utilisant ce site Web, vous acceptez d&#8217;\u00eatre li\u00e9 par la version alors en vigueur de ces termes et conditions d&#8217;utilisation.<\/p>\n\n\n\n<p><strong>8. Loi applicable<\/strong><\/p>\n\n\n\n<p>Toute r\u00e9clamation relative au site Web de Plombier REGIS sera r\u00e9gie par les lois de l&#8217;\u00c9tat d&#8217;Ile-de-France sans \u00e9gard \u00e0 ses dispositions en mati\u00e8re de conflit de lois.<\/p>\n\n\n\n<p>Conditions g\u00e9n\u00e9rales applicables \u00e0 l&#8217;utilisation d&#8217;un site Web.<\/p>\n\n\n\n<h3 class=\"wp-block-heading\">Si vous souhaitez plus d&#8217;informations sur les conditions g\u00e9n\u00e9rales de Plombier REGIS, veuillez nous contacter en ligne en remplissant notre&nbsp;<a href=\"https:\/\/plombier-regis.xyz\/index.php\/contacts\/\" target=\"_blank\" rel=\"noopener\" title=\"Contact\">formulaire de demande en ligne.<\/a><\/h3>\n<\/blockquote>\n","protected":false},"excerpt":{"rendered":"<p>Mentions l\u00e9gales &#8211; CGU Mentions l\u00e9gales Conditions d&#8217;utilisation du Site internet MENTION L\u00c9GALES La soci\u00e9t\u00e9 PLOMBIER REGIS a \u00e9t\u00e9 cr\u00e9\u00e9e le 2 juillet 2020, il y a 3 ans. Sa forme juridique est Soci\u00e9t\u00e9 \u00e0 responsabilit\u00e9 limit\u00e9e (sans autre indication). Son domaine d\u2019activit\u00e9 est : travaux d\u2019installation d\u2019eau et de gaz en tous locaux. En [&hellip;]<\/p>\n","protected":false},"author":1,"featured_media":0,"parent":0,"menu_order":0,"comment_status":"closed","ping_status":"closed","template":"templates\/template-page-full-width.php","meta":{"_uag_custom_page_level_css":"","_monsterinsights_skip_tracking":false,"_monsterinsights_sitenote_active":false,"_monsterinsights_sitenote_note":"","_monsterinsights_sitenote_category":0,"jetpack_post_was_ever_published":false,"footnotes":""},"class_list":["post-1912","page","type-page","status-publish","hentry"],"aioseo_notices":[],"uagb_featured_image_src":{"full":false,"thumbnail":false,"medium":false,"medium_large":false,"large":false,"1536x1536":false,"2048x2048":false},"uagb_author_info":{"display_name":"REGIS","author_link":"https:\/\/plombier-regis.xyz\/index.php\/author\/jmultishops\/"},"uagb_comment_info":0,"uagb_excerpt":"Mentions l\u00e9gales &#8211; CGU Mentions l\u00e9gales Conditions d&#8217;utilisation du Site internet MENTION L\u00c9GALES La soci\u00e9t\u00e9 PLOMBIER REGIS a \u00e9t\u00e9 cr\u00e9\u00e9e le 2 juillet 2020, il y a 3 ans. Sa forme juridique est Soci\u00e9t\u00e9 \u00e0 responsabilit\u00e9 limit\u00e9e (sans autre indication). Son domaine d\u2019activit\u00e9 est : travaux d\u2019installation d\u2019eau et de gaz en tous locaux. En\u2026","jetpack-related-posts":[{"id":542,"url":"https:\/\/plombier-regis.xyz\/index.php\/mentions-legales\/","url_meta":{"origin":1912,"position":0},"title":"Mentions l\u00e9gales","author":"REGIS","date":"23\/04\/2022","format":false,"excerpt":"\u00a0Mentions l\u00e9gales Merci de lire avec attention les diff\u00e9rentes modalit\u00e9s d\u2019utilisation du pr\u00e9sent site avant d\u2019y parcourir ses pages. En vous connectant sur ce site, vous acceptez, sans r\u00e9serves, les pr\u00e9sentes modalit\u00e9s. Aussi, conform\u00e9ment \u00e0 l\u2019article n\u00b06 de la Loi n\u00b02004-575 du 21 Juin 2004 pour la confiance dans l\u2019\u00e9conomie\u2026","rel":"","context":"Article similaire","block_context":{"text":"Article similaire","link":""},"img":{"alt_text":"","src":"","width":0,"height":0},"classes":[]},{"id":2599,"url":"https:\/\/plombier-regis.xyz\/index.php\/aubervilliers-93300\/","url_meta":{"origin":1912,"position":1},"title":"Aubervilliers 93300","author":"REGIS","date":"09\/05\/2024","format":false,"excerpt":"Services fiables de plomberie et chauffage desservant Aubervilliers 93300. R\u00e9parations - installations - r\u00e9novation - entretien Avec des d\u00e9cennies d'expertise, nous proposons des services fiables de plomberie et chauffage pour la r\u00e9paration, l'installation, le remplacement et l'entretien \u00e0 Aubervilliers 93300 et ses alentours. Garantie 3 ans Bien \u00e9valu\u00e9 et hautement\u2026","rel":"","context":"Article similaire","block_context":{"text":"Article similaire","link":""},"img":{"alt_text":"plombier Aubervilliers 93300 plombier pantin chauffe-eau","src":"https:\/\/i0.wp.com\/plombier-regis.xyz\/wp-content\/uploads\/2024\/04\/reparation-remplacement-chauffe-eaux--scaled.jpeg?resize=350%2C200&ssl=1","width":350,"height":200,"srcset":"https:\/\/i0.wp.com\/plombier-regis.xyz\/wp-content\/uploads\/2024\/04\/reparation-remplacement-chauffe-eaux--scaled.jpeg?resize=350%2C200&ssl=1 1x, https:\/\/i0.wp.com\/plombier-regis.xyz\/wp-content\/uploads\/2024\/04\/reparation-remplacement-chauffe-eaux--scaled.jpeg?resize=525%2C300&ssl=1 1.5x, https:\/\/i0.wp.com\/plombier-regis.xyz\/wp-content\/uploads\/2024\/04\/reparation-remplacement-chauffe-eaux--scaled.jpeg?resize=700%2C400&ssl=1 2x, https:\/\/i0.wp.com\/plombier-regis.xyz\/wp-content\/uploads\/2024\/04\/reparation-remplacement-chauffe-eaux--scaled.jpeg?resize=1050%2C600&ssl=1 3x, https:\/\/i0.wp.com\/plombier-regis.xyz\/wp-content\/uploads\/2024\/04\/reparation-remplacement-chauffe-eaux--scaled.jpeg?resize=1400%2C800&ssl=1 4x"},"classes":[]},{"id":2606,"url":"https:\/\/plombier-regis.xyz\/index.php\/montreuil-93100\/","url_meta":{"origin":1912,"position":2},"title":"Montreuil 93100","author":"REGIS","date":"09\/05\/2024","format":false,"excerpt":"Services fiables de plomberie et chauffage desservant Montreuil 93100. R\u00e9parations - installations - r\u00e9novation - entretien Avec des d\u00e9cennies d'expertise, nous proposons des services fiables de plomberie et chauffage pour la r\u00e9paration, l'installation, le remplacement et l'entretien \u00e0 Montreuil et ses alentours. Garantie 3 ans Bien \u00e9valu\u00e9 et hautement fiable\u2026","rel":"","context":"Article similaire","block_context":{"text":"Article similaire","link":""},"img":{"alt_text":"plombier Aubervilliers 93300 plombier pantin chauffe-eau","src":"https:\/\/i0.wp.com\/plombier-regis.xyz\/wp-content\/uploads\/2024\/04\/reparation-remplacement-chauffe-eaux--scaled.jpeg?resize=350%2C200&ssl=1","width":350,"height":200,"srcset":"https:\/\/i0.wp.com\/plombier-regis.xyz\/wp-content\/uploads\/2024\/04\/reparation-remplacement-chauffe-eaux--scaled.jpeg?resize=350%2C200&ssl=1 1x, https:\/\/i0.wp.com\/plombier-regis.xyz\/wp-content\/uploads\/2024\/04\/reparation-remplacement-chauffe-eaux--scaled.jpeg?resize=525%2C300&ssl=1 1.5x, https:\/\/i0.wp.com\/plombier-regis.xyz\/wp-content\/uploads\/2024\/04\/reparation-remplacement-chauffe-eaux--scaled.jpeg?resize=700%2C400&ssl=1 2x, https:\/\/i0.wp.com\/plombier-regis.xyz\/wp-content\/uploads\/2024\/04\/reparation-remplacement-chauffe-eaux--scaled.jpeg?resize=1050%2C600&ssl=1 3x, https:\/\/i0.wp.com\/plombier-regis.xyz\/wp-content\/uploads\/2024\/04\/reparation-remplacement-chauffe-eaux--scaled.jpeg?resize=1400%2C800&ssl=1 4x"},"classes":[]},{"id":2617,"url":"https:\/\/plombier-regis.xyz\/index.php\/romainville-93230\/","url_meta":{"origin":1912,"position":3},"title":"Romainville 93230","author":"REGIS","date":"09\/05\/2024","format":false,"excerpt":"Services fiables de plomberie et chauffage desservant Romainville 93230. R\u00e9parations - installations - r\u00e9novation - entretien Avec des d\u00e9cennies d'expertise, nous proposons des services fiables de plomberie et chauffage pour la r\u00e9paration, l'installation, le remplacement et l'entretien \u00e0 Romainville 93230 et ses alentours. Garantie 3 ans Bien \u00e9valu\u00e9 et hautement\u2026","rel":"","context":"Article similaire","block_context":{"text":"Article similaire","link":""},"img":{"alt_text":"plombier Aubervilliers 93300 plombier pantin chauffe-eau","src":"https:\/\/i0.wp.com\/plombier-regis.xyz\/wp-content\/uploads\/2024\/04\/reparation-remplacement-chauffe-eaux--scaled.jpeg?resize=350%2C200&ssl=1","width":350,"height":200,"srcset":"https:\/\/i0.wp.com\/plombier-regis.xyz\/wp-content\/uploads\/2024\/04\/reparation-remplacement-chauffe-eaux--scaled.jpeg?resize=350%2C200&ssl=1 1x, https:\/\/i0.wp.com\/plombier-regis.xyz\/wp-content\/uploads\/2024\/04\/reparation-remplacement-chauffe-eaux--scaled.jpeg?resize=525%2C300&ssl=1 1.5x, https:\/\/i0.wp.com\/plombier-regis.xyz\/wp-content\/uploads\/2024\/04\/reparation-remplacement-chauffe-eaux--scaled.jpeg?resize=700%2C400&ssl=1 2x, https:\/\/i0.wp.com\/plombier-regis.xyz\/wp-content\/uploads\/2024\/04\/reparation-remplacement-chauffe-eaux--scaled.jpeg?resize=1050%2C600&ssl=1 3x, https:\/\/i0.wp.com\/plombier-regis.xyz\/wp-content\/uploads\/2024\/04\/reparation-remplacement-chauffe-eaux--scaled.jpeg?resize=1400%2C800&ssl=1 4x"},"classes":[]},{"id":2624,"url":"https:\/\/plombier-regis.xyz\/index.php\/les-lilas-93260\/","url_meta":{"origin":1912,"position":4},"title":"Les Lilas 93260","author":"REGIS","date":"09\/05\/2024","format":false,"excerpt":"Services fiables de plomberie et chauffage desservant Les Lilas 93260. R\u00e9parations - installations - r\u00e9novation - entretien Avec des d\u00e9cennies d'expertise, nous proposons des services fiables de plomberie et chauffage pour la r\u00e9paration, l'installation, le remplacement et l'entretien \u00e0 Les Lilas 93260 et ses alentours. Garantie 3 ans Bien \u00e9valu\u00e9\u2026","rel":"","context":"Article similaire","block_context":{"text":"Article similaire","link":""},"img":{"alt_text":"plombier Aubervilliers 93300 plombier pantin chauffe-eau","src":"https:\/\/i0.wp.com\/plombier-regis.xyz\/wp-content\/uploads\/2024\/04\/reparation-remplacement-chauffe-eaux--scaled.jpeg?resize=350%2C200&ssl=1","width":350,"height":200,"srcset":"https:\/\/i0.wp.com\/plombier-regis.xyz\/wp-content\/uploads\/2024\/04\/reparation-remplacement-chauffe-eaux--scaled.jpeg?resize=350%2C200&ssl=1 1x, https:\/\/i0.wp.com\/plombier-regis.xyz\/wp-content\/uploads\/2024\/04\/reparation-remplacement-chauffe-eaux--scaled.jpeg?resize=525%2C300&ssl=1 1.5x, https:\/\/i0.wp.com\/plombier-regis.xyz\/wp-content\/uploads\/2024\/04\/reparation-remplacement-chauffe-eaux--scaled.jpeg?resize=700%2C400&ssl=1 2x, https:\/\/i0.wp.com\/plombier-regis.xyz\/wp-content\/uploads\/2024\/04\/reparation-remplacement-chauffe-eaux--scaled.jpeg?resize=1050%2C600&ssl=1 3x, https:\/\/i0.wp.com\/plombier-regis.xyz\/wp-content\/uploads\/2024\/04\/reparation-remplacement-chauffe-eaux--scaled.jpeg?resize=1400%2C800&ssl=1 4x"},"classes":[]},{"id":2080,"url":"https:\/\/plombier-regis.xyz\/index.php\/a-propos-de-nous\/","url_meta":{"origin":1912,"position":5},"title":"\u00c0 propos de nous","author":"REGIS","date":"27\/04\/2024","format":false,"excerpt":"\u00c0 propos de la plomberie chauffage Pantin proximit\u00e9 Les questions de plomberie et chauffage ne peuvent pas \u00eatre report\u00e9es ou retard\u00e9es, sauf si vous souhaitez r\u00e9gler un probl\u00e8me plus important. Ainsi, lorsque vous recherchez un plombier chauffagiste \u00e0 Pantin et proximit\u00e9,\u00a0Plombier REGIS\u00a0est le meilleur choix pour un service professionnel, rapide\u2026","rel":"","context":"Article similaire","block_context":{"text":"Article similaire","link":""},"img":{"alt_text":"plombier chauffagiste-regis","src":"https:\/\/i0.wp.com\/plombier-regis.xyz\/wp-content\/uploads\/2023\/08\/plombier-chauffagiste-regis.jpg?resize=350%2C200&ssl=1","width":350,"height":200,"srcset":"https:\/\/i0.wp.com\/plombier-regis.xyz\/wp-content\/uploads\/2023\/08\/plombier-chauffagiste-regis.jpg?resize=350%2C200&ssl=1 1x, https:\/\/i0.wp.com\/plombier-regis.xyz\/wp-content\/uploads\/2023\/08\/plombier-chauffagiste-regis.jpg?resize=525%2C300&ssl=1 1.5x"},"classes":[]}],"jetpack_sharing_enabled":true,"jetpack_likes_enabled":true,"_links":{"self":[{"href":"https:\/\/plombier-regis.xyz\/index.php\/wp-json\/wp\/v2\/pages\/1912","targetHints":{"allow":["GET"]}}],"collection":[{"href":"https:\/\/plombier-regis.xyz\/index.php\/wp-json\/wp\/v2\/pages"}],"about":[{"href":"https:\/\/plombier-regis.xyz\/index.php\/wp-json\/wp\/v2\/types\/page"}],"author":[{"embeddable":true,"href":"https:\/\/plombier-regis.xyz\/index.php\/wp-json\/wp\/v2\/users\/1"}],"replies":[{"embeddable":true,"href":"https:\/\/plombier-regis.xyz\/index.php\/wp-json\/wp\/v2\/comments?post=1912"}],"version-history":[{"count":8,"href":"https:\/\/plombier-regis.xyz\/index.php\/wp-json\/wp\/v2\/pages\/1912\/revisions"}],"predecessor-version":[{"id":2546,"href":"https:\/\/plombier-regis.xyz\/index.php\/wp-json\/wp\/v2\/pages\/1912\/revisions\/2546"}],"wp:attachment":[{"href":"https:\/\/plombier-regis.xyz\/index.php\/wp-json\/wp\/v2\/media?parent=1912"}],"curies":[{"name":"wp","href":"https:\/\/api.w.org\/{rel}","templated":true}]}}