{"id":1809,"date":"2023-10-13T17:21:25","date_gmt":"2023-10-13T15:21:25","guid":{"rendered":"https:\/\/plombier-regis.xyz\/?page_id=1809"},"modified":"2023-10-13T17:29:05","modified_gmt":"2023-10-13T15:29:05","slug":"debouchage-canalisation","status":"publish","type":"page","link":"https:\/\/plombier-regis.xyz\/index.php\/debouchage-canalisation\/","title":{"rendered":"D\u00e9bouchage canalisation"},"content":{"rendered":"\n<h2 class=\"wp-block-heading\">Curage d\u00e9bouchage canalisation domestique<\/h2>\n\n\n\n<div class=\"wp-block-jetpack-send-a-message\">\n<div class=\"wp-block-jetpack-whatsapp-button is-color-dark\"><a class=\"whatsapp-block__button\" href=\"https:\/\/api.whatsapp.com\/send?phone=330783192700&amp;text=Bonjour%2C%20j%E2%80%99ai%20trouv%C3%A9%20vos%20informations%20WhatsApp%20sur%20votre%20site%20Web.\" style=\"background-color:#25D366;color:#fff\" target=\"_self\" rel=\"noopener noreferrer\">Discuter sur WhatsApp<\/a><\/div>\n<\/div>\n\n\n\n<div style=\"height:36px\" aria-hidden=\"true\" class=\"wp-block-spacer\"><\/div>\n\n\n\n<div class=\"wp-block-media-text is-stacked-on-mobile\" style=\"grid-template-columns:42% auto\"><figure class=\"wp-block-media-text__media\"><img data-recalc-dims=\"1\" loading=\"lazy\" decoding=\"async\" width=\"1024\" height=\"1017\" data-attachment-id=\"1813\" data-permalink=\"https:\/\/plombier-regis.xyz\/index.php\/debouchage-canalisation\/degorgement-canalisations\/\" data-orig-file=\"https:\/\/i0.wp.com\/plombier-regis.xyz\/wp-content\/uploads\/2023\/10\/Degorgement-canalisations-scaled-e1697207722968.jpg?fit=1920%2C1907&amp;ssl=1\" data-orig-size=\"1920,1907\" data-comments-opened=\"0\" data-image-meta=\"{&quot;aperture&quot;:&quot;1.5&quot;,&quot;credit&quot;:&quot;&quot;,&quot;camera&quot;:&quot;iPhone 13 Pro Max&quot;,&quot;caption&quot;:&quot;&quot;,&quot;created_timestamp&quot;:&quot;1668589834&quot;,&quot;copyright&quot;:&quot;&quot;,&quot;focal_length&quot;:&quot;5.7&quot;,&quot;iso&quot;:&quot;125&quot;,&quot;shutter_speed&quot;:&quot;0.0082644628099174&quot;,&quot;title&quot;:&quot;&quot;,&quot;orientation&quot;:&quot;1&quot;}\" data-image-title=\"Degorgement-canalisations  Probl\u00e8mes de plomberie\" data-image-description=\"&lt;p&gt;Curage d\u00e9bouchage canalisation domestique&lt;br \/&gt;\nplombier pantin paris 19&lt;br \/&gt;\nplomberie r\u00e9paration fuite d&amp;#8217;eaux&lt;\/p&gt;\n\" data-image-caption=\"\" data-medium-file=\"https:\/\/i0.wp.com\/plombier-regis.xyz\/wp-content\/uploads\/2023\/10\/Degorgement-canalisations-scaled-e1697207722968.jpg?fit=300%2C298&amp;ssl=1\" data-large-file=\"https:\/\/i0.wp.com\/plombier-regis.xyz\/wp-content\/uploads\/2023\/10\/Degorgement-canalisations-scaled-e1697207722968.jpg?fit=1024%2C1017&amp;ssl=1\" src=\"https:\/\/i0.wp.com\/plombier-regis.xyz\/wp-content\/uploads\/2023\/10\/Degorgement-canalisations-scaled-e1697207722968-1024x1017.jpg?resize=1024%2C1017&#038;ssl=1\" alt=\"Curage d\u00e9bouchage canalisation domestique\" class=\"wp-image-1813 size-full\" srcset=\"https:\/\/i0.wp.com\/plombier-regis.xyz\/wp-content\/uploads\/2023\/10\/Degorgement-canalisations-scaled-e1697207722968.jpg?resize=1024%2C1017&amp;ssl=1 1024w, https:\/\/i0.wp.com\/plombier-regis.xyz\/wp-content\/uploads\/2023\/10\/Degorgement-canalisations-scaled-e1697207722968.jpg?resize=300%2C298&amp;ssl=1 300w, https:\/\/i0.wp.com\/plombier-regis.xyz\/wp-content\/uploads\/2023\/10\/Degorgement-canalisations-scaled-e1697207722968.jpg?resize=150%2C150&amp;ssl=1 150w, https:\/\/i0.wp.com\/plombier-regis.xyz\/wp-content\/uploads\/2023\/10\/Degorgement-canalisations-scaled-e1697207722968.jpg?resize=768%2C763&amp;ssl=1 768w, https:\/\/i0.wp.com\/plombier-regis.xyz\/wp-content\/uploads\/2023\/10\/Degorgement-canalisations-scaled-e1697207722968.jpg?resize=1536%2C1526&amp;ssl=1 1536w, https:\/\/i0.wp.com\/plombier-regis.xyz\/wp-content\/uploads\/2023\/10\/Degorgement-canalisations-scaled-e1697207722968.jpg?w=1920&amp;ssl=1 1920w\" sizes=\"auto, (max-width: 1024px) 100vw, 1024px\" \/><\/figure><div class=\"wp-block-media-text__content\">\n<blockquote class=\"wp-block-quote is-layout-flow wp-block-quote-is-layout-flow\">\n<p>Les bouchons de canalisation ne se limitent pas uniquement aux \u00e9viers ;&nbsp;nous pouvons les trouver dans nos canalisations de baignoire,&nbsp;de douche, de machine \u00e0 laver et m\u00eame dans les toilettes.&nbsp;Surtout nos toilettes.&nbsp;Une canalisation bouch\u00e9e peut sembler \u00eatre un probl\u00e8me de plomberie grave, mais lorsqu&#8217;il est localis\u00e9 dans une seule canalisation dans une cuisine ou une salle de bain, il y a de fortes chances que le probl\u00e8me puisse \u00eatre r\u00e9solu rapidement.<\/p>\n<\/blockquote>\n<\/div><\/div>\n\n\n\n<blockquote class=\"wp-block-quote is-layout-flow wp-block-quote-is-layout-flow\">\n<p>Les bouchons et les refoulements dans plusieurs canalisations de la maison peuvent indiquer un probl\u00e8me de plomberie plus important n\u00e9cessitant l&#8217;aide d&#8217;un&nbsp;service de plomberie professionnel&nbsp;comme PLOMBIER REGIS.&nbsp;Les conduites d&#8217;\u00e9vacuation et d&#8217;\u00e9gout obstru\u00e9es par des d\u00e9cennies de graisse de cuisson coagul\u00e9e, de shampoing et de cheveux ne peuvent pas \u00eatre nettoy\u00e9es avec une bouteille de d\u00e9bouchage ou une ventouse.&nbsp;Les sabots plus difficiles et plus denses auront besoin d&#8217;un peu plus de puissance pour les briser et les \u00e9liminer.<\/p>\n<\/blockquote>\n\n\n\n<p><strong>Curage d\u00e9bouchage canalisation domestique<\/strong><\/p>\n\n\n\n<p>Co\u00fbt de l&#8217;intervention 120 \u20ac TTC <\/p>\n\n\n\n<div class=\"wp-block-buttons alignwide is-content-justification-center is-layout-flex wp-container-core-buttons-is-layout-16018d1d wp-block-buttons-is-layout-flex\">\n<div class=\"wp-block-button has-custom-width wp-block-button__width-25\"><a class=\"wp-block-button__link has-vivid-cyan-blue-background-color has-background wp-element-button\"><strong>Contactez-nous<\/strong><\/a><\/div>\n<\/div>\n","protected":false},"excerpt":{"rendered":"<p>Curage d\u00e9bouchage canalisation domestique Les bouchons et les refoulements dans plusieurs canalisations de la maison peuvent indiquer un probl\u00e8me de plomberie plus important n\u00e9cessitant l&#8217;aide d&#8217;un&nbsp;service de plomberie professionnel&nbsp;comme PLOMBIER REGIS.&nbsp;Les conduites d&#8217;\u00e9vacuation et d&#8217;\u00e9gout obstru\u00e9es par des d\u00e9cennies de graisse de cuisson coagul\u00e9e, de shampoing et de cheveux ne peuvent pas \u00eatre nettoy\u00e9es avec [&hellip;]<\/p>\n","protected":false},"author":1,"featured_media":0,"parent":0,"menu_order":0,"comment_status":"closed","ping_status":"closed","template":"","meta":{"_uag_custom_page_level_css":"","_monsterinsights_skip_tracking":false,"_monsterinsights_sitenote_active":false,"_monsterinsights_sitenote_note":"","_monsterinsights_sitenote_category":0,"jetpack_post_was_ever_published":false,"footnotes":""},"class_list":["post-1809","page","type-page","status-publish","hentry"],"aioseo_notices":[],"uagb_featured_image_src":{"full":false,"thumbnail":false,"medium":false,"medium_large":false,"large":false,"1536x1536":false,"2048x2048":false},"uagb_author_info":{"display_name":"REGIS","author_link":"https:\/\/plombier-regis.xyz\/index.php\/author\/jmultishops\/"},"uagb_comment_info":0,"uagb_excerpt":"Curage d\u00e9bouchage canalisation domestique Les bouchons et les refoulements dans plusieurs canalisations de la maison peuvent indiquer un probl\u00e8me de plomberie plus important n\u00e9cessitant l&#8217;aide d&#8217;un&nbsp;service de plomberie professionnel&nbsp;comme PLOMBIER REGIS.&nbsp;Les conduites d&#8217;\u00e9vacuation et d&#8217;\u00e9gout obstru\u00e9es par des d\u00e9cennies de graisse de cuisson coagul\u00e9e, de shampoing et de cheveux ne peuvent pas \u00eatre nettoy\u00e9es avec\u2026","jetpack-related-posts":[{"id":1829,"url":"https:\/\/plombier-regis.xyz\/index.php\/contacts-whatsapp\/","url_meta":{"origin":1809,"position":0},"title":"Contacts whatsapp","author":"REGIS","date":"15\/10\/2023","format":false,"excerpt":"Contacts whatsapp Plombier R\u00e9gis Fuite d'eau\u2197 Plombier Vous avez un robinet qui ne s\u2019\u00e9teint pas, Conduite d\u2019eau crev\u00e9e, Une humidit\u00e9 inexpliqu\u00e9e dans votre maison, Conduite d\u2019eau qui fuit, Fuite du tuyau, fuite d\u2019eau. Demande sur WhatsApp Robinet\u2197 Des gouttes aux fuites en passant par la faible pression d\u2019eau. Nos plombier\u2026","rel":"","context":"Article similaire","block_context":{"text":"Article similaire","link":""},"img":{"alt_text":"joint","src":"https:\/\/i0.wp.com\/plombier-regis.xyz\/wp-content\/uploads\/2022\/06\/plombier-remplacement-joint-sur-appareils-sanitaire-scaled.jpg?resize=350%2C200","width":350,"height":200,"srcset":"https:\/\/i0.wp.com\/plombier-regis.xyz\/wp-content\/uploads\/2022\/06\/plombier-remplacement-joint-sur-appareils-sanitaire-scaled.jpg?resize=350%2C200 1x, https:\/\/i0.wp.com\/plombier-regis.xyz\/wp-content\/uploads\/2022\/06\/plombier-remplacement-joint-sur-appareils-sanitaire-scaled.jpg?resize=525%2C300 1.5x, https:\/\/i0.wp.com\/plombier-regis.xyz\/wp-content\/uploads\/2022\/06\/plombier-remplacement-joint-sur-appareils-sanitaire-scaled.jpg?resize=700%2C400 2x, https:\/\/i0.wp.com\/plombier-regis.xyz\/wp-content\/uploads\/2022\/06\/plombier-remplacement-joint-sur-appareils-sanitaire-scaled.jpg?resize=1050%2C600 3x, https:\/\/i0.wp.com\/plombier-regis.xyz\/wp-content\/uploads\/2022\/06\/plombier-remplacement-joint-sur-appareils-sanitaire-scaled.jpg?resize=1400%2C800 4x"},"classes":[]},{"id":2055,"url":"https:\/\/plombier-regis.xyz\/index.php\/solution-a-vos-petits-problemes-de-plomberie\/","url_meta":{"origin":1809,"position":1},"title":"Solution a vos petits probl\u00e8mes de plomberie","author":"REGIS","date":"10\/04\/2024","format":false,"excerpt":"R\u00e9paration de plomberie \u00e0 Pantin et proximit\u00e9 Vous rencontrez des probl\u00e8mes de plomberie dans votre maison ou votre entreprise \u00e0 Pantin ou dans les environs\u202f? Ne vous inqui\u00e9tez pas, nous sommes l\u00e0 pour vous aider. En tant que plombiers chauffagistes exp\u00e9riment\u00e9s, nous sommes sp\u00e9cialis\u00e9s dans la r\u00e9paration de tous types\u2026","rel":"","context":"Article similaire","block_context":{"text":"Article similaire","link":""},"img":{"alt_text":"green trees under white sky during daytime","src":"https:\/\/i0.wp.com\/plombier-regis.xyz\/wp-content\/uploads\/2024\/04\/green-trees-under-white-sky-during-daytime-scaled.jpg?fit=800%2C1200&ssl=1&resize=350%2C200","width":350,"height":200,"srcset":"https:\/\/i0.wp.com\/plombier-regis.xyz\/wp-content\/uploads\/2024\/04\/green-trees-under-white-sky-during-daytime-scaled.jpg?fit=800%2C1200&ssl=1&resize=350%2C200 1x, https:\/\/i0.wp.com\/plombier-regis.xyz\/wp-content\/uploads\/2024\/04\/green-trees-under-white-sky-during-daytime-scaled.jpg?fit=800%2C1200&ssl=1&resize=525%2C300 1.5x, https:\/\/i0.wp.com\/plombier-regis.xyz\/wp-content\/uploads\/2024\/04\/green-trees-under-white-sky-during-daytime-scaled.jpg?fit=800%2C1200&ssl=1&resize=700%2C400 2x"},"classes":[]},{"id":2005,"url":"https:\/\/plombier-regis.xyz\/index.php\/local-plombier-pantin-93500\/","url_meta":{"origin":1809,"position":2},"title":"Local Plombier Pantin 93500","author":"REGIS","date":"25\/02\/2024","format":false,"excerpt":"Votre plombier local Pantin 93500 27 rue des sept Arpents 93500 Pantin Pour un appel de service\u00a0: 09 80 80 93 55 PLANIFIER EN LIGNE Contact WhatsApp 07 83 19 2 7 00 SERVICE DISPONIBLE Entretien de chaudi\u00e8re R\u00e9parations chauffe eaux \u26a1 R\u00e9fection salle de bain Recherche de fuite d'eaux\u2026","rel":"","context":"Article similaire","block_context":{"text":"Article similaire","link":""},"img":{"alt_text":"sms","src":"https:\/\/i0.wp.com\/plombier-regis.xyz\/wp-content\/uploads\/2024\/02\/sms-plombier-regis.png?resize=350%2C200&ssl=1","width":350,"height":200,"srcset":"https:\/\/i0.wp.com\/plombier-regis.xyz\/wp-content\/uploads\/2024\/02\/sms-plombier-regis.png?resize=350%2C200&ssl=1 1x, https:\/\/i0.wp.com\/plombier-regis.xyz\/wp-content\/uploads\/2024\/02\/sms-plombier-regis.png?resize=525%2C300&ssl=1 1.5x, https:\/\/i0.wp.com\/plombier-regis.xyz\/wp-content\/uploads\/2024\/02\/sms-plombier-regis.png?resize=700%2C400&ssl=1 2x, https:\/\/i0.wp.com\/plombier-regis.xyz\/wp-content\/uploads\/2024\/02\/sms-plombier-regis.png?resize=1050%2C600&ssl=1 3x, https:\/\/i0.wp.com\/plombier-regis.xyz\/wp-content\/uploads\/2024\/02\/sms-plombier-regis.png?resize=1400%2C800&ssl=1 4x"},"classes":[]},{"id":1988,"url":"https:\/\/plombier-regis.xyz\/index.php\/local-plombier-regis-paris-19\/","url_meta":{"origin":1809,"position":3},"title":"Local plombier r\u00e9gis paris 75019","author":"REGIS","date":"25\/02\/2024","format":false,"excerpt":"Votre plombier local Paris 75019 11 avenue Corentin Cariou 75019 Pour un appel de service\u00a0: 09 80 80 93 55 PLANIFIER EN LIGNE Contact WhatsApp 07 83 19 2 7 00 SERVICE DISPONIBLE Entretien de chaudi\u00e8re R\u00e9parations chauffe eaux \u26a1 R\u00e9fection salle de bain Recherche de fuite d'eaux D\u00e9bouchage de\u2026","rel":"","context":"Article similaire","block_context":{"text":"Article similaire","link":""},"img":{"alt_text":"sms","src":"https:\/\/i0.wp.com\/plombier-regis.xyz\/wp-content\/uploads\/2024\/02\/sms-plombier-regis.png?resize=350%2C200&ssl=1","width":350,"height":200,"srcset":"https:\/\/i0.wp.com\/plombier-regis.xyz\/wp-content\/uploads\/2024\/02\/sms-plombier-regis.png?resize=350%2C200&ssl=1 1x, https:\/\/i0.wp.com\/plombier-regis.xyz\/wp-content\/uploads\/2024\/02\/sms-plombier-regis.png?resize=525%2C300&ssl=1 1.5x, https:\/\/i0.wp.com\/plombier-regis.xyz\/wp-content\/uploads\/2024\/02\/sms-plombier-regis.png?resize=700%2C400&ssl=1 2x, https:\/\/i0.wp.com\/plombier-regis.xyz\/wp-content\/uploads\/2024\/02\/sms-plombier-regis.png?resize=1050%2C600&ssl=1 3x, https:\/\/i0.wp.com\/plombier-regis.xyz\/wp-content\/uploads\/2024\/02\/sms-plombier-regis.png?resize=1400%2C800&ssl=1 4x"},"classes":[]},{"id":2017,"url":"https:\/\/plombier-regis.xyz\/index.php\/local-plombier-regis-paris-75008\/","url_meta":{"origin":1809,"position":4},"title":"Local plombier r\u00e9gis Paris 75008","author":"REGIS","date":"25\/02\/2024","format":false,"excerpt":"","rel":"","context":"Article similaire","block_context":{"text":"Article similaire","link":""},"img":{"alt_text":"","src":"","width":0,"height":0},"classes":[]},{"id":2928,"url":"https:\/\/plombier-regis.xyz\/index.php\/nettoyage-des-canalisations\/","url_meta":{"origin":1809,"position":5},"title":"Nettoyage des canalisations","author":"REGIS","date":"02\/06\/2024","format":false,"excerpt":"Comptez sur nous pour \u00e9liminer les bouchons avec un expert en nettoyage de canalisations.Nos experts plombier peuvent d\u00e9couvrir la racine de blocage de vos canalisations et le r\u00e9parer avant que vous vous retrouviez avec des fuites ou pire, un \u00e9clatement \u2013 \u200b\u200bdes tuyaux et un appartement endommag\u00e9s par l'eau. Contactez-nous\u2026","rel":"","context":"Article similaire","block_context":{"text":"Article similaire","link":""},"img":{"alt_text":"joint","src":"https:\/\/i0.wp.com\/plombier-regis.xyz\/wp-content\/uploads\/2022\/06\/plombier-remplacement-joint-sur-appareils-sanitaire-scaled.jpg?resize=350%2C200&ssl=1","width":350,"height":200,"srcset":"https:\/\/i0.wp.com\/plombier-regis.xyz\/wp-content\/uploads\/2022\/06\/plombier-remplacement-joint-sur-appareils-sanitaire-scaled.jpg?resize=350%2C200&ssl=1 1x, https:\/\/i0.wp.com\/plombier-regis.xyz\/wp-content\/uploads\/2022\/06\/plombier-remplacement-joint-sur-appareils-sanitaire-scaled.jpg?resize=525%2C300&ssl=1 1.5x, https:\/\/i0.wp.com\/plombier-regis.xyz\/wp-content\/uploads\/2022\/06\/plombier-remplacement-joint-sur-appareils-sanitaire-scaled.jpg?resize=700%2C400&ssl=1 2x, https:\/\/i0.wp.com\/plombier-regis.xyz\/wp-content\/uploads\/2022\/06\/plombier-remplacement-joint-sur-appareils-sanitaire-scaled.jpg?resize=1050%2C600&ssl=1 3x, https:\/\/i0.wp.com\/plombier-regis.xyz\/wp-content\/uploads\/2022\/06\/plombier-remplacement-joint-sur-appareils-sanitaire-scaled.jpg?resize=1400%2C800&ssl=1 4x"},"classes":[]}],"jetpack_sharing_enabled":true,"jetpack_likes_enabled":true,"_links":{"self":[{"href":"https:\/\/plombier-regis.xyz\/index.php\/wp-json\/wp\/v2\/pages\/1809","targetHints":{"allow":["GET"]}}],"collection":[{"href":"https:\/\/plombier-regis.xyz\/index.php\/wp-json\/wp\/v2\/pages"}],"about":[{"href":"https:\/\/plombier-regis.xyz\/index.php\/wp-json\/wp\/v2\/types\/page"}],"author":[{"embeddable":true,"href":"https:\/\/plombier-regis.xyz\/index.php\/wp-json\/wp\/v2\/users\/1"}],"replies":[{"embeddable":true,"href":"https:\/\/plombier-regis.xyz\/index.php\/wp-json\/wp\/v2\/comments?post=1809"}],"version-history":[{"count":5,"href":"https:\/\/plombier-regis.xyz\/index.php\/wp-json\/wp\/v2\/pages\/1809\/revisions"}],"predecessor-version":[{"id":1816,"href":"https:\/\/plombier-regis.xyz\/index.php\/wp-json\/wp\/v2\/pages\/1809\/revisions\/1816"}],"wp:attachment":[{"href":"https:\/\/plombier-regis.xyz\/index.php\/wp-json\/wp\/v2\/media?parent=1809"}],"curies":[{"name":"wp","href":"https:\/\/api.w.org\/{rel}","templated":true}]}}