{"id":1094,"date":"2022-05-29T23:35:37","date_gmt":"2022-05-29T21:35:37","guid":{"rendered":"https:\/\/plombier-regis.xyz\/?page_id=1094"},"modified":"2023-01-21T19:48:39","modified_gmt":"2023-01-21T18:48:39","slug":"eau-chaude","status":"publish","type":"page","link":"https:\/\/plombier-regis.xyz\/index.php\/eau-chaude\/","title":{"rendered":"Eau chaude \ud83d\udd25"},"content":{"rendered":"\n<h1 class=\"wp-block-heading\">Eau chaude \ud83d\udd25<\/h1>\n\n\n\n<div class=\"wp-block-media-text alignwide is-stacked-on-mobile\" style=\"grid-template-columns:15% auto\"><figure class=\"wp-block-media-text__media\"><img data-recalc-dims=\"1\" loading=\"lazy\" decoding=\"async\" width=\"768\" height=\"1024\" data-attachment-id=\"1121\" data-permalink=\"https:\/\/plombier-regis.xyz\/index.php\/eau-chaude\/img_9133\/\" data-orig-file=\"https:\/\/i0.wp.com\/plombier-regis.xyz\/wp-content\/uploads\/2022\/05\/IMG_9133-scaled.jpeg?fit=1920%2C2560&amp;ssl=1\" data-orig-size=\"1920,2560\" data-comments-opened=\"1\" data-image-meta=\"{&quot;aperture&quot;:&quot;1.8&quot;,&quot;credit&quot;:&quot;&quot;,&quot;camera&quot;:&quot;iPhone 7&quot;,&quot;caption&quot;:&quot;&quot;,&quot;created_timestamp&quot;:&quot;1622113863&quot;,&quot;copyright&quot;:&quot;&quot;,&quot;focal_length&quot;:&quot;3.99&quot;,&quot;iso&quot;:&quot;32&quot;,&quot;shutter_speed&quot;:&quot;0.03030303030303&quot;,&quot;title&quot;:&quot;&quot;,&quot;orientation&quot;:&quot;1&quot;}\" data-image-title=\"\" data-image-description=\"&lt;p&gt;R\u00e9paration installation eau chaude&lt;\/p&gt;\n\" data-image-caption=\"&lt;p&gt;chauffe eau&lt;\/p&gt;\n\" data-medium-file=\"https:\/\/i0.wp.com\/plombier-regis.xyz\/wp-content\/uploads\/2022\/05\/IMG_9133-scaled.jpeg?fit=225%2C300&amp;ssl=1\" data-large-file=\"https:\/\/i0.wp.com\/plombier-regis.xyz\/wp-content\/uploads\/2022\/05\/IMG_9133-scaled.jpeg?fit=768%2C1024&amp;ssl=1\" src=\"https:\/\/i0.wp.com\/plombier-regis.xyz\/wp-content\/uploads\/2022\/05\/IMG_9133.jpeg?resize=768%2C1024&#038;ssl=1\" alt=\"eau chaude\" class=\"wp-image-1121 size-full\" srcset=\"https:\/\/i0.wp.com\/plombier-regis.xyz\/wp-content\/uploads\/2022\/05\/IMG_9133-scaled.jpeg?resize=768%2C1024&amp;ssl=1 768w, https:\/\/i0.wp.com\/plombier-regis.xyz\/wp-content\/uploads\/2022\/05\/IMG_9133-scaled.jpeg?resize=225%2C300&amp;ssl=1 225w, https:\/\/i0.wp.com\/plombier-regis.xyz\/wp-content\/uploads\/2022\/05\/IMG_9133-scaled.jpeg?resize=1152%2C1536&amp;ssl=1 1152w, https:\/\/i0.wp.com\/plombier-regis.xyz\/wp-content\/uploads\/2022\/05\/IMG_9133-scaled.jpeg?resize=1536%2C2048&amp;ssl=1 1536w, https:\/\/i0.wp.com\/plombier-regis.xyz\/wp-content\/uploads\/2022\/05\/IMG_9133-scaled.jpeg?w=1920&amp;ssl=1 1920w\" sizes=\"auto, (max-width: 768px) 100vw, 768px\" \/><\/figure><div class=\"wp-block-media-text__content\">\n<blockquote class=\"wp-block-quote has-medium-font-size is-layout-flow wp-block-quote-is-layout-flow\">\n<p>Plombier Pas d&#8217;eau chaude, Besoin d&#8217;une mise \u00e0 niveau, Fuite ou panne du chauffe-eau, Cuve qui fuit , Installations ou r\u00e9novations chauffe-eau, remplacement groupe de s\u00e9curit\u00e9 qui fuit<\/p>\n<\/blockquote>\n<\/div><\/div>\n\n\n\n<p><\/p>\n\n\n\n<blockquote class=\"wp-block-quote is-layout-flow wp-block-quote-is-layout-flow\">\n<p>Lorsque votre douche ou votre robinet devient froid, faites-nous votre premier appel. Notre \u00e9quipe peut \u00e9valuer les besoins en eau chaude de votre famille, vous conseils rapides et pr\u00e9cis en cas de panne. Nous pouvons \u00e9galement proposer. Notre \u00e9quipe entretient et installe toutes les marques de chauffe-eau. Faites-nous confiance pour vous aider \u00e0 r\u00e9cup\u00e9rer la chaleur.<\/p>\n<\/blockquote>\n\n\n\n<blockquote class=\"wp-block-quote is-layout-flow wp-block-quote-is-layout-flow\">\n<p>Nous pouvons vous conseiller sur la s\u00e9curit\u00e9 de votre eau chaude pour les enfants ou les personnes vuln\u00e9rables, et vous proposer des conseils d&#8217;efficacit\u00e9 pour vous aider \u00e0 r\u00e9duire vos factures d&#8217;\u00e9nergie. Pour l&#8217;eau chaude. &nbsp;<\/p>\n<cite>R\u00e9paration entretien r\u00e9novation installation<\/cite><\/blockquote>\n\n\n\n<div class=\"wp-block-buttons alignfull is-content-justification-center is-layout-flex wp-container-core-buttons-is-layout-16018d1d wp-block-buttons-is-layout-flex\">\n<div class=\"wp-block-button has-custom-font-size is-style-outline has-medium-font-size is-style-outline--1\"><a class=\"wp-block-button__link wp-element-button\" href=\"https:\/\/plombier-regis.xyz\/index.php\/contacts\/\" target=\"_blank\" rel=\"noreferrer noopener\">Prendre rendez-vous<\/a><\/div>\n<\/div>\n\n\n\n<div class=\"wp-block-jetpack-send-a-message\">\n<div class=\"wp-block-jetpack-whatsapp-button aligncenter is-color-dark\"><a class=\"whatsapp-block__button\" href=\"https:\/\/api.whatsapp.com\/send?phone=330783192700&amp;text=Bonjour%2C%20j%E2%80%99ai%20trouv%C3%A9%20vos%20informations%20WhatsApp%20sur%20votre%20site%20Web.\" style=\"background-color:#25D366;color:#fff\" target=\"_self\" rel=\"noopener noreferrer\">Discuter sur WhatsApp<\/a><\/div>\n<\/div>\n\n\n\n<p class=\"has-text-align-right\">Rejoignez nous !<\/p>\n\n\n\n<ul class=\"wp-block-social-links is-content-justification-right is-layout-flex wp-container-core-social-links-is-layout-765c4724 wp-block-social-links-is-layout-flex\"><li class=\"wp-social-link wp-social-link-facebook  wp-block-social-link\"><a href=\"https:\/\/www.facebook.com\/rjm.plombier.depannage\" class=\"wp-block-social-link-anchor\"><svg width=\"24\" height=\"24\" viewBox=\"0 0 24 24\" version=\"1.1\" xmlns=\"http:\/\/www.w3.org\/2000\/svg\" aria-hidden=\"true\" focusable=\"false\"><path d=\"M12 2C6.5 2 2 6.5 2 12c0 5 3.7 9.1 8.4 9.9v-7H7.9V12h2.5V9.8c0-2.5 1.5-3.9 3.8-3.9 1.1 0 2.2.2 2.2.2v2.5h-1.3c-1.2 0-1.6.8-1.6 1.6V12h2.8l-.4 2.9h-2.3v7C18.3 21.1 22 17 22 12c0-5.5-4.5-10-10-10z\"><\/path><\/svg><span class=\"wp-block-social-link-label screen-reader-text\">Facebook<\/span><\/a><\/li>\n\n<li class=\"wp-social-link wp-social-link-twitter  wp-block-social-link\"><a href=\"https:\/\/twitter.com\/RegisPlombier\" class=\"wp-block-social-link-anchor\"><svg width=\"24\" height=\"24\" viewBox=\"0 0 24 24\" version=\"1.1\" xmlns=\"http:\/\/www.w3.org\/2000\/svg\" aria-hidden=\"true\" focusable=\"false\"><path d=\"M22.23,5.924c-0.736,0.326-1.527,0.547-2.357,0.646c0.847-0.508,1.498-1.312,1.804-2.27 c-0.793,0.47-1.671,0.812-2.606,0.996C18.324,4.498,17.257,4,16.077,4c-2.266,0-4.103,1.837-4.103,4.103 c0,0.322,0.036,0.635,0.106,0.935C8.67,8.867,5.647,7.234,3.623,4.751C3.27,5.357,3.067,6.062,3.067,6.814 c0,1.424,0.724,2.679,1.825,3.415c-0.673-0.021-1.305-0.206-1.859-0.513c0,0.017,0,0.034,0,0.052c0,1.988,1.414,3.647,3.292,4.023 c-0.344,0.094-0.707,0.144-1.081,0.144c-0.264,0-0.521-0.026-0.772-0.074c0.522,1.63,2.038,2.816,3.833,2.85 c-1.404,1.1-3.174,1.756-5.096,1.756c-0.331,0-0.658-0.019-0.979-0.057c1.816,1.164,3.973,1.843,6.29,1.843 c7.547,0,11.675-6.252,11.675-11.675c0-0.178-0.004-0.355-0.012-0.531C20.985,7.47,21.68,6.747,22.23,5.924z\"><\/path><\/svg><span class=\"wp-block-social-link-label screen-reader-text\">Twitter<\/span><\/a><\/li><\/ul>\n","protected":false},"excerpt":{"rendered":"<p>Eau chaude \ud83d\udd25 Lorsque votre douche ou votre robinet devient froid, faites-nous votre premier appel. Notre \u00e9quipe peut \u00e9valuer les besoins en eau chaude de votre famille, vous conseils rapides et pr\u00e9cis en cas de panne. Nous pouvons \u00e9galement proposer. Notre \u00e9quipe entretient et installe toutes les marques de chauffe-eau. Faites-nous confiance pour vous aider [&hellip;]<\/p>\n","protected":false},"author":1,"featured_media":0,"parent":0,"menu_order":0,"comment_status":"closed","ping_status":"closed","template":"","meta":{"_uag_custom_page_level_css":"","_monsterinsights_skip_tracking":false,"_monsterinsights_sitenote_active":false,"_monsterinsights_sitenote_note":"","_monsterinsights_sitenote_category":0,"jetpack_post_was_ever_published":false,"footnotes":""},"class_list":["post-1094","page","type-page","status-publish","hentry"],"aioseo_notices":[],"uagb_featured_image_src":{"full":false,"thumbnail":false,"medium":false,"medium_large":false,"large":false,"1536x1536":false,"2048x2048":false},"uagb_author_info":{"display_name":"REGIS","author_link":"https:\/\/plombier-regis.xyz\/index.php\/author\/jmultishops\/"},"uagb_comment_info":0,"uagb_excerpt":"Eau chaude \ud83d\udd25 Lorsque votre douche ou votre robinet devient froid, faites-nous votre premier appel. Notre \u00e9quipe peut \u00e9valuer les besoins en eau chaude de votre famille, vous conseils rapides et pr\u00e9cis en cas de panne. Nous pouvons \u00e9galement proposer. Notre \u00e9quipe entretient et installe toutes les marques de chauffe-eau. Faites-nous confiance pour vous aider\u2026","jetpack-related-posts":[{"id":1829,"url":"https:\/\/plombier-regis.xyz\/index.php\/contacts-whatsapp\/","url_meta":{"origin":1094,"position":0},"title":"Contacts whatsapp","author":"REGIS","date":"15\/10\/2023","format":false,"excerpt":"Contacts whatsapp Plombier R\u00e9gis Fuite d'eau\u2197 Plombier Vous avez un robinet qui ne s\u2019\u00e9teint pas, Conduite d\u2019eau crev\u00e9e, Une humidit\u00e9 inexpliqu\u00e9e dans votre maison, Conduite d\u2019eau qui fuit, Fuite du tuyau, fuite d\u2019eau. Demande sur WhatsApp Robinet\u2197 Des gouttes aux fuites en passant par la faible pression d\u2019eau. Nos plombier\u2026","rel":"","context":"Article similaire","block_context":{"text":"Article similaire","link":""},"img":{"alt_text":"joint","src":"https:\/\/i0.wp.com\/plombier-regis.xyz\/wp-content\/uploads\/2022\/06\/plombier-remplacement-joint-sur-appareils-sanitaire-scaled.jpg?resize=350%2C200","width":350,"height":200,"srcset":"https:\/\/i0.wp.com\/plombier-regis.xyz\/wp-content\/uploads\/2022\/06\/plombier-remplacement-joint-sur-appareils-sanitaire-scaled.jpg?resize=350%2C200 1x, https:\/\/i0.wp.com\/plombier-regis.xyz\/wp-content\/uploads\/2022\/06\/plombier-remplacement-joint-sur-appareils-sanitaire-scaled.jpg?resize=525%2C300 1.5x, https:\/\/i0.wp.com\/plombier-regis.xyz\/wp-content\/uploads\/2022\/06\/plombier-remplacement-joint-sur-appareils-sanitaire-scaled.jpg?resize=700%2C400 2x, https:\/\/i0.wp.com\/plombier-regis.xyz\/wp-content\/uploads\/2022\/06\/plombier-remplacement-joint-sur-appareils-sanitaire-scaled.jpg?resize=1050%2C600 3x, https:\/\/i0.wp.com\/plombier-regis.xyz\/wp-content\/uploads\/2022\/06\/plombier-remplacement-joint-sur-appareils-sanitaire-scaled.jpg?resize=1400%2C800 4x"},"classes":[]},{"id":2055,"url":"https:\/\/plombier-regis.xyz\/index.php\/solution-a-vos-petits-problemes-de-plomberie\/","url_meta":{"origin":1094,"position":1},"title":"Solution a vos petits probl\u00e8mes de plomberie","author":"REGIS","date":"10\/04\/2024","format":false,"excerpt":"R\u00e9paration de plomberie \u00e0 Pantin et proximit\u00e9 Vous rencontrez des probl\u00e8mes de plomberie dans votre maison ou votre entreprise \u00e0 Pantin ou dans les environs\u202f? Ne vous inqui\u00e9tez pas, nous sommes l\u00e0 pour vous aider. En tant que plombiers chauffagistes exp\u00e9riment\u00e9s, nous sommes sp\u00e9cialis\u00e9s dans la r\u00e9paration de tous types\u2026","rel":"","context":"Article similaire","block_context":{"text":"Article similaire","link":""},"img":{"alt_text":"green trees under white sky during daytime","src":"https:\/\/i0.wp.com\/plombier-regis.xyz\/wp-content\/uploads\/2024\/04\/green-trees-under-white-sky-during-daytime-scaled.jpg?fit=800%2C1200&ssl=1&resize=350%2C200","width":350,"height":200,"srcset":"https:\/\/i0.wp.com\/plombier-regis.xyz\/wp-content\/uploads\/2024\/04\/green-trees-under-white-sky-during-daytime-scaled.jpg?fit=800%2C1200&ssl=1&resize=350%2C200 1x, https:\/\/i0.wp.com\/plombier-regis.xyz\/wp-content\/uploads\/2024\/04\/green-trees-under-white-sky-during-daytime-scaled.jpg?fit=800%2C1200&ssl=1&resize=525%2C300 1.5x, https:\/\/i0.wp.com\/plombier-regis.xyz\/wp-content\/uploads\/2024\/04\/green-trees-under-white-sky-during-daytime-scaled.jpg?fit=800%2C1200&ssl=1&resize=700%2C400 2x"},"classes":[]},{"id":592,"url":"https:\/\/plombier-regis.xyz\/index.php\/nos-tarifs\/","url_meta":{"origin":1094,"position":2},"title":"Nos tarifs","author":"REGIS","date":"27\/04\/2022","format":false,"excerpt":"Nos tarifs Nos tarifs sur les probl\u00e8mes fr\u00e9quents de plomberie Fuite d'eau Probl\u00e8mes de robinetterie Toilettes et canalisations bouch\u00e9es Tuyauterie fait du bruit Chasse d'eau qui fuit Chauffe-eau en panne Remplacement pi\u00e8ces sur appareils sanitaire tarifs R\u00e9sistance Remplacement r\u00e9sistance sur chauffe eau \ud83d\udd25 R\u00e9sistance standard Main d'\u0153uvre -D\u00e9placement Garantie deux\u2026","rel":"","context":"Article similaire","block_context":{"text":"Article similaire","link":""},"img":{"alt_text":"chauffagiste","src":"https:\/\/i0.wp.com\/plombier-regis.xyz\/wp-content\/uploads\/2022\/03\/plombier-chauffagiste-reparation-chauffe-eau-paris-19.jpeg?fit=900%2C1200&ssl=1&resize=350%2C200","width":350,"height":200,"srcset":"https:\/\/i0.wp.com\/plombier-regis.xyz\/wp-content\/uploads\/2022\/03\/plombier-chauffagiste-reparation-chauffe-eau-paris-19.jpeg?fit=900%2C1200&ssl=1&resize=350%2C200 1x, https:\/\/i0.wp.com\/plombier-regis.xyz\/wp-content\/uploads\/2022\/03\/plombier-chauffagiste-reparation-chauffe-eau-paris-19.jpeg?fit=900%2C1200&ssl=1&resize=525%2C300 1.5x, https:\/\/i0.wp.com\/plombier-regis.xyz\/wp-content\/uploads\/2022\/03\/plombier-chauffagiste-reparation-chauffe-eau-paris-19.jpeg?fit=900%2C1200&ssl=1&resize=700%2C400 2x"},"classes":[]},{"id":2099,"url":"https:\/\/plombier-regis.xyz\/index.php\/faq\/","url_meta":{"origin":1094,"position":3},"title":"FAQ","author":"REGIS","date":"27\/04\/2024","format":false,"excerpt":"Offrez-vous des services de plomberie chauffage ? Oui, Plombier REGIS dispose de\u00a0services de plomberie et chauffage nous sommes\u00a0\u00a0pr\u00eats \u00e0 envoyer un technicien pour r\u00e9pondre \u00e0 vos besoins en plomberie ou chauffage. Qu'est-ce qui a bouch\u00e9 ma canalisation et que puis-je faire pour y rem\u00e9dier\u00a0? La plupart des \u00e9l\u00e9ments qui obstruent\u2026","rel":"","context":"Article similaire","block_context":{"text":"Article similaire","link":""},"img":{"alt_text":"","src":"","width":0,"height":0},"classes":[]},{"id":2946,"url":"https:\/\/plombier-regis.xyz\/index.php\/reparation-et-installation-de-robinets\/","url_meta":{"origin":1094,"position":4},"title":"R\u00e9paration et installation de robinets","author":"REGIS","date":"04\/06\/2024","format":false,"excerpt":"R\u00e9paration et installation de robinets\u00a0Vos robinets sont des appareils de plomberie essentiels pour la salle de bain, la cuisine et partout o\u00f9 vous avez besoin d\u2019un acc\u00e8s facile \u00e0 l\u2019eau potable. Si vous avez des probl\u00e8mes de robinetterie, appelez Plombier R\u00c9GIS, Plomberie. Nos plombiers Chauffagiste professionnels peuvent vous aider \u00e0\u2026","rel":"","context":"Article similaire","block_context":{"text":"Article similaire","link":""},"img":{"alt_text":"Fuite d'eau","src":"https:\/\/i0.wp.com\/plombier-regis.xyz\/wp-content\/uploads\/2022\/05\/IMG_0846-scaled.jpg?resize=350%2C200&ssl=1","width":350,"height":200,"srcset":"https:\/\/i0.wp.com\/plombier-regis.xyz\/wp-content\/uploads\/2022\/05\/IMG_0846-scaled.jpg?resize=350%2C200&ssl=1 1x, https:\/\/i0.wp.com\/plombier-regis.xyz\/wp-content\/uploads\/2022\/05\/IMG_0846-scaled.jpg?resize=525%2C300&ssl=1 1.5x, https:\/\/i0.wp.com\/plombier-regis.xyz\/wp-content\/uploads\/2022\/05\/IMG_0846-scaled.jpg?resize=700%2C400&ssl=1 2x, https:\/\/i0.wp.com\/plombier-regis.xyz\/wp-content\/uploads\/2022\/05\/IMG_0846-scaled.jpg?resize=1050%2C600&ssl=1 3x, https:\/\/i0.wp.com\/plombier-regis.xyz\/wp-content\/uploads\/2022\/05\/IMG_0846-scaled.jpg?resize=1400%2C800&ssl=1 4x"},"classes":[]},{"id":2963,"url":"https:\/\/plombier-regis.xyz\/index.php\/detection-et-reparation-des-fuites-deaux\/","url_meta":{"origin":1094,"position":5},"title":"D\u00e9tection et r\u00e9paration des fuites d\u2019eaux","author":"REGIS","date":"06\/06\/2024","format":false,"excerpt":"Expert en d\u00e9tection et r\u00e9paration de fuites d'eau \u00c9vitez les dommages co\u00fbteux caus\u00e9s par les fuites d\u2019eau dans votre maison ou votre entrepriseUne maison moyenne perd entre 7000 et 70000 litres d'eau chaque ann\u00e9e \u00e0 cause des fuites. Les robinets qui fuient et les chauffe-eau qui fuient sont faciles \u00e0\u2026","rel":"","context":"Article similaire","block_context":{"text":"Article similaire","link":""},"img":{"alt_text":"Curage d\u00e9bouchage canalisation domestique","src":"https:\/\/i0.wp.com\/plombier-regis.xyz\/wp-content\/uploads\/2023\/10\/Degorgement-canalisations-scaled-e1697207722968.jpg?resize=350%2C200&ssl=1","width":350,"height":200,"srcset":"https:\/\/i0.wp.com\/plombier-regis.xyz\/wp-content\/uploads\/2023\/10\/Degorgement-canalisations-scaled-e1697207722968.jpg?resize=350%2C200&ssl=1 1x, https:\/\/i0.wp.com\/plombier-regis.xyz\/wp-content\/uploads\/2023\/10\/Degorgement-canalisations-scaled-e1697207722968.jpg?resize=525%2C300&ssl=1 1.5x, https:\/\/i0.wp.com\/plombier-regis.xyz\/wp-content\/uploads\/2023\/10\/Degorgement-canalisations-scaled-e1697207722968.jpg?resize=700%2C400&ssl=1 2x, https:\/\/i0.wp.com\/plombier-regis.xyz\/wp-content\/uploads\/2023\/10\/Degorgement-canalisations-scaled-e1697207722968.jpg?resize=1050%2C600&ssl=1 3x, https:\/\/i0.wp.com\/plombier-regis.xyz\/wp-content\/uploads\/2023\/10\/Degorgement-canalisations-scaled-e1697207722968.jpg?resize=1400%2C800&ssl=1 4x"},"classes":[]}],"jetpack_sharing_enabled":true,"jetpack_likes_enabled":true,"_links":{"self":[{"href":"https:\/\/plombier-regis.xyz\/index.php\/wp-json\/wp\/v2\/pages\/1094","targetHints":{"allow":["GET"]}}],"collection":[{"href":"https:\/\/plombier-regis.xyz\/index.php\/wp-json\/wp\/v2\/pages"}],"about":[{"href":"https:\/\/plombier-regis.xyz\/index.php\/wp-json\/wp\/v2\/types\/page"}],"author":[{"embeddable":true,"href":"https:\/\/plombier-regis.xyz\/index.php\/wp-json\/wp\/v2\/users\/1"}],"replies":[{"embeddable":true,"href":"https:\/\/plombier-regis.xyz\/index.php\/wp-json\/wp\/v2\/comments?post=1094"}],"version-history":[{"count":8,"href":"https:\/\/plombier-regis.xyz\/index.php\/wp-json\/wp\/v2\/pages\/1094\/revisions"}],"predecessor-version":[{"id":1411,"href":"https:\/\/plombier-regis.xyz\/index.php\/wp-json\/wp\/v2\/pages\/1094\/revisions\/1411"}],"wp:attachment":[{"href":"https:\/\/plombier-regis.xyz\/index.php\/wp-json\/wp\/v2\/media?parent=1094"}],"curies":[{"name":"wp","href":"https:\/\/api.w.org\/{rel}","templated":true}]}}