{"id":1092,"date":"2022-05-29T23:25:42","date_gmt":"2022-05-29T21:25:42","guid":{"rendered":"https:\/\/plombier-regis.xyz\/?page_id=1092"},"modified":"2023-11-11T00:31:27","modified_gmt":"2023-11-10T23:31:27","slug":"toilette","status":"publish","type":"page","link":"https:\/\/plombier-regis.xyz\/index.php\/toilette\/","title":{"rendered":"Toilette \ud83d\udebe"},"content":{"rendered":"\n<h1 class=\"wp-block-heading\">Toilette \ud83d\udebe<\/h1>\n\n\n\n<p><\/p>\n\n\n\n<div class=\"wp-block-media-text alignwide is-stacked-on-mobile\" style=\"grid-template-columns:15% auto\"><figure class=\"wp-block-media-text__media\"><img data-recalc-dims=\"1\" loading=\"lazy\" decoding=\"async\" width=\"768\" height=\"1024\" data-attachment-id=\"1114\" data-permalink=\"https:\/\/plombier-regis.xyz\/index.php\/toilette\/img_6320\/\" data-orig-file=\"https:\/\/i0.wp.com\/plombier-regis.xyz\/wp-content\/uploads\/2022\/05\/IMG_6320-scaled.jpeg?fit=1920%2C2560&amp;ssl=1\" data-orig-size=\"1920,2560\" data-comments-opened=\"1\" data-image-meta=\"{&quot;aperture&quot;:&quot;1.8&quot;,&quot;credit&quot;:&quot;&quot;,&quot;camera&quot;:&quot;iPhone 7&quot;,&quot;caption&quot;:&quot;&quot;,&quot;created_timestamp&quot;:&quot;1581958794&quot;,&quot;copyright&quot;:&quot;&quot;,&quot;focal_length&quot;:&quot;3.99&quot;,&quot;iso&quot;:&quot;50&quot;,&quot;shutter_speed&quot;:&quot;0.058823529411765&quot;,&quot;title&quot;:&quot;&quot;,&quot;orientation&quot;:&quot;1&quot;}\" data-image-title=\"r\u00e9paration toilette\" data-image-description=\"&lt;p&gt;remplacement toilette&lt;\/p&gt;\n\" data-image-caption=\"\" data-medium-file=\"https:\/\/i0.wp.com\/plombier-regis.xyz\/wp-content\/uploads\/2022\/05\/IMG_6320-scaled.jpeg?fit=225%2C300&amp;ssl=1\" data-large-file=\"https:\/\/i0.wp.com\/plombier-regis.xyz\/wp-content\/uploads\/2022\/05\/IMG_6320-scaled.jpeg?fit=768%2C1024&amp;ssl=1\" src=\"https:\/\/i0.wp.com\/plombier-regis.xyz\/wp-content\/uploads\/2022\/05\/IMG_6320.jpeg?resize=768%2C1024&#038;ssl=1\" alt=\"Toilette \" class=\"wp-image-1114 size-full\" srcset=\"https:\/\/i0.wp.com\/plombier-regis.xyz\/wp-content\/uploads\/2022\/05\/IMG_6320-scaled.jpeg?resize=768%2C1024&amp;ssl=1 768w, https:\/\/i0.wp.com\/plombier-regis.xyz\/wp-content\/uploads\/2022\/05\/IMG_6320-scaled.jpeg?resize=225%2C300&amp;ssl=1 225w, https:\/\/i0.wp.com\/plombier-regis.xyz\/wp-content\/uploads\/2022\/05\/IMG_6320-scaled.jpeg?resize=1152%2C1536&amp;ssl=1 1152w, https:\/\/i0.wp.com\/plombier-regis.xyz\/wp-content\/uploads\/2022\/05\/IMG_6320-scaled.jpeg?resize=1536%2C2048&amp;ssl=1 1536w, https:\/\/i0.wp.com\/plombier-regis.xyz\/wp-content\/uploads\/2022\/05\/IMG_6320-scaled.jpeg?w=1920&amp;ssl=1 1920w\" sizes=\"auto, (max-width: 768px) 100vw, 768px\" \/><\/figure><div class=\"wp-block-media-text__content\">\n<blockquote class=\"wp-block-quote has-medium-font-size is-layout-flow wp-block-quote-is-layout-flow\">\n<p>Plombier WC qui coule ou qui est bouch\u00e9, appelez-nous pour la r\u00e9parer ou remplacer, des installations sur mesure et design aux mises \u00e0 niveau d&#8217;une toilette accessible si les besoins de votre famille ont chang\u00e9. Travaillerons avec vous pour nous assurer que votre famille puisse profiter des toilettes qu&#8217;elle m\u00e9rite.<\/p>\n<\/blockquote>\n\n\n\n<div class=\"wp-block-buttons is-layout-flex wp-block-buttons-is-layout-flex\">\n<div class=\"wp-block-button\"><a class=\"wp-block-button__link wp-element-button\" href=\"https:\/\/plombier-regis.xyz\/index.php\/contacts\/\" target=\"_blank\" rel=\"noreferrer noopener\">Prendre rendez-vous<\/a><\/div>\n<\/div>\n<\/div><\/div>\n\n\n\n<div style=\"height:39px\" aria-hidden=\"true\" class=\"wp-block-spacer\"><\/div>\n\n\n\n<h2 class=\"wp-block-heading\">R\u00e9paration toilette<\/h2>\n\n\n\n<p>Remplacement m\u00e9canisme de chasse d&#8217;eau du WC<\/p>\n\n\n\n<div style=\"height:40px\" aria-hidden=\"true\" class=\"wp-block-spacer\"><\/div>\n\n\n\n<div class=\"wp-block-media-text alignwide is-stacked-on-mobile is-vertically-aligned-top\" style=\"grid-template-columns:15% auto\"><figure class=\"wp-block-media-text__media\"><img data-recalc-dims=\"1\" loading=\"lazy\" decoding=\"async\" width=\"768\" height=\"1024\" data-attachment-id=\"1227\" data-permalink=\"https:\/\/plombier-regis.xyz\/index.php\/2022\/06\/11\/renovation-salle-de-bain\/img_1468\/\" data-orig-file=\"https:\/\/i0.wp.com\/plombier-regis.xyz\/wp-content\/uploads\/2022\/06\/IMG_1468-scaled.jpg?fit=1920%2C2560&amp;ssl=1\" data-orig-size=\"1920,2560\" data-comments-opened=\"1\" data-image-meta=\"{&quot;aperture&quot;:&quot;0&quot;,&quot;credit&quot;:&quot;&quot;,&quot;camera&quot;:&quot;&quot;,&quot;caption&quot;:&quot;&quot;,&quot;created_timestamp&quot;:&quot;0&quot;,&quot;copyright&quot;:&quot;&quot;,&quot;focal_length&quot;:&quot;0&quot;,&quot;iso&quot;:&quot;0&quot;,&quot;shutter_speed&quot;:&quot;0&quot;,&quot;title&quot;:&quot;&quot;,&quot;orientation&quot;:&quot;1&quot;}\" data-image-title=\"\" data-image-description=\"&lt;p&gt;installation r\u00e9vovation salle de bain WC &lt;\/p&gt;\n\" data-image-caption=\"&lt;p&gt;R\u00e9novation salle de bain&lt;\/p&gt;\n\" data-medium-file=\"https:\/\/i0.wp.com\/plombier-regis.xyz\/wp-content\/uploads\/2022\/06\/IMG_1468-scaled.jpg?fit=225%2C300&amp;ssl=1\" data-large-file=\"https:\/\/i0.wp.com\/plombier-regis.xyz\/wp-content\/uploads\/2022\/06\/IMG_1468-scaled.jpg?fit=768%2C1024&amp;ssl=1\" src=\"https:\/\/i0.wp.com\/plombier-regis.xyz\/wp-content\/uploads\/2022\/06\/IMG_1468.jpg?resize=768%2C1024&#038;ssl=1\" alt=\"R\u00e9novation\" class=\"wp-image-1227 size-full\" srcset=\"https:\/\/i0.wp.com\/plombier-regis.xyz\/wp-content\/uploads\/2022\/06\/IMG_1468-scaled.jpg?resize=768%2C1024&amp;ssl=1 768w, https:\/\/i0.wp.com\/plombier-regis.xyz\/wp-content\/uploads\/2022\/06\/IMG_1468-scaled.jpg?resize=225%2C300&amp;ssl=1 225w, https:\/\/i0.wp.com\/plombier-regis.xyz\/wp-content\/uploads\/2022\/06\/IMG_1468-scaled.jpg?resize=1152%2C1536&amp;ssl=1 1152w, https:\/\/i0.wp.com\/plombier-regis.xyz\/wp-content\/uploads\/2022\/06\/IMG_1468-scaled.jpg?resize=1536%2C2048&amp;ssl=1 1536w, https:\/\/i0.wp.com\/plombier-regis.xyz\/wp-content\/uploads\/2022\/06\/IMG_1468-scaled.jpg?w=1920&amp;ssl=1 1920w\" sizes=\"auto, (max-width: 768px) 100vw, 768px\" \/><\/figure><div class=\"wp-block-media-text__content\">\n<blockquote class=\"wp-block-quote is-layout-flow wp-block-quote-is-layout-flow\">\n<p>Fuite d&#8217;eau dans la cuvette du WC n\u00e9cessite un remplacement du m\u00e9canisme de chasse d&#8217;eau<\/p>\n<\/blockquote>\n\n\n\n<div class=\"wp-block-buttons is-content-justification-center is-layout-flex wp-container-core-buttons-is-layout-16018d1d wp-block-buttons-is-layout-flex\">\n<div class=\"wp-block-button has-custom-width wp-block-button__width-50\"><a class=\"wp-block-button__link wp-element-button\" href=\"https:\/\/plombier-regis.xyz\/index.php\/contacts\/\" target=\"_blank\" rel=\"noreferrer noopener\">Prendre rendez-vous<\/a><\/div>\n<\/div>\n\n\n\n<div class=\"wp-block-jetpack-send-a-message\">\n<div class=\"wp-block-jetpack-whatsapp-button aligncenter is-color-dark\"><a class=\"whatsapp-block__button\" href=\"https:\/\/api.whatsapp.com\/send?phone=330783192700&amp;text=Bonjour%2C%20j%E2%80%99ai%20trouv%C3%A9%20vos%20informations%20WhatsApp%20sur%20votre%20site%20Web.\" style=\"background-color:#25D366;color:#fff\" target=\"_self\" rel=\"noopener noreferrer\">Discuter sur WhatsApp<\/a><\/div>\n<\/div>\n<\/div><\/div>\n\n\n\n<div class=\"wp-block-buttons alignfull is-content-justification-center is-layout-flex wp-container-core-buttons-is-layout-16018d1d wp-block-buttons-is-layout-flex\"><\/div>\n\n\n\n\n\n<div class=\"wp-block-jetpack-send-a-message\"><\/div>\n\n\n\n<p class=\"has-text-align-right\">Rejoignez nous !<\/p>\n\n\n\n<ul class=\"wp-block-social-links is-content-justification-right is-layout-flex wp-container-core-social-links-is-layout-765c4724 wp-block-social-links-is-layout-flex\"><li class=\"wp-social-link wp-social-link-facebook  wp-block-social-link\"><a href=\"https:\/\/www.facebook.com\/rjm.plombier.depannage\" class=\"wp-block-social-link-anchor\"><svg width=\"24\" height=\"24\" viewBox=\"0 0 24 24\" version=\"1.1\" xmlns=\"http:\/\/www.w3.org\/2000\/svg\" aria-hidden=\"true\" focusable=\"false\"><path d=\"M12 2C6.5 2 2 6.5 2 12c0 5 3.7 9.1 8.4 9.9v-7H7.9V12h2.5V9.8c0-2.5 1.5-3.9 3.8-3.9 1.1 0 2.2.2 2.2.2v2.5h-1.3c-1.2 0-1.6.8-1.6 1.6V12h2.8l-.4 2.9h-2.3v7C18.3 21.1 22 17 22 12c0-5.5-4.5-10-10-10z\"><\/path><\/svg><span class=\"wp-block-social-link-label screen-reader-text\">Facebook<\/span><\/a><\/li>\n\n<li class=\"wp-social-link wp-social-link-twitter  wp-block-social-link\"><a href=\"https:\/\/twitter.com\/RegisPlombier\" class=\"wp-block-social-link-anchor\"><svg width=\"24\" height=\"24\" viewBox=\"0 0 24 24\" version=\"1.1\" xmlns=\"http:\/\/www.w3.org\/2000\/svg\" aria-hidden=\"true\" focusable=\"false\"><path d=\"M22.23,5.924c-0.736,0.326-1.527,0.547-2.357,0.646c0.847-0.508,1.498-1.312,1.804-2.27 c-0.793,0.47-1.671,0.812-2.606,0.996C18.324,4.498,17.257,4,16.077,4c-2.266,0-4.103,1.837-4.103,4.103 c0,0.322,0.036,0.635,0.106,0.935C8.67,8.867,5.647,7.234,3.623,4.751C3.27,5.357,3.067,6.062,3.067,6.814 c0,1.424,0.724,2.679,1.825,3.415c-0.673-0.021-1.305-0.206-1.859-0.513c0,0.017,0,0.034,0,0.052c0,1.988,1.414,3.647,3.292,4.023 c-0.344,0.094-0.707,0.144-1.081,0.144c-0.264,0-0.521-0.026-0.772-0.074c0.522,1.63,2.038,2.816,3.833,2.85 c-1.404,1.1-3.174,1.756-5.096,1.756c-0.331,0-0.658-0.019-0.979-0.057c1.816,1.164,3.973,1.843,6.29,1.843 c7.547,0,11.675-6.252,11.675-11.675c0-0.178-0.004-0.355-0.012-0.531C20.985,7.47,21.68,6.747,22.23,5.924z\"><\/path><\/svg><span class=\"wp-block-social-link-label screen-reader-text\">Twitter<\/span><\/a><\/li><\/ul>\n","protected":false},"excerpt":{"rendered":"<p>Toilette \ud83d\udebe R\u00e9paration toilette Remplacement m\u00e9canisme de chasse d&#8217;eau du WC Rejoignez nous !<\/p>\n","protected":false},"author":1,"featured_media":0,"parent":0,"menu_order":0,"comment_status":"closed","ping_status":"closed","template":"","meta":{"_uag_custom_page_level_css":"","_monsterinsights_skip_tracking":false,"_monsterinsights_sitenote_active":false,"_monsterinsights_sitenote_note":"","_monsterinsights_sitenote_category":0,"jetpack_post_was_ever_published":false,"footnotes":""},"class_list":["post-1092","page","type-page","status-publish","hentry"],"aioseo_notices":[],"uagb_featured_image_src":{"full":false,"thumbnail":false,"medium":false,"medium_large":false,"large":false,"1536x1536":false,"2048x2048":false},"uagb_author_info":{"display_name":"REGIS","author_link":"https:\/\/plombier-regis.xyz\/index.php\/author\/jmultishops\/"},"uagb_comment_info":0,"uagb_excerpt":"Toilette \ud83d\udebe R\u00e9paration toilette Remplacement m\u00e9canisme de chasse d&#8217;eau du WC Rejoignez nous !","jetpack-related-posts":[{"id":2982,"url":"https:\/\/plombier-regis.xyz\/index.php\/reparation-de-toilettes\/","url_meta":{"origin":1092,"position":0},"title":"R\u00e9paration de toilettes","author":"REGIS","date":"09\/06\/2024","format":false,"excerpt":"Plombier r\u00e9paration WC pantin proximit\u00e9 Plombier R\u00c9GIS pour les services de r\u00e9paration toilettes et d\u2019installation Les toilettes de votre maison font partie des \u00e9quipements de plomberie les plus essentiels. En cas de probl\u00e8me, des r\u00e9parations rapides et efficaces sont indispensables. Faites appel \u00e0Plombier R\u00c9GIS certifi\u00e9s\u00a0Pour s'occuper de la t\u00e2che souvent\u2026","rel":"","context":"Article similaire","block_context":{"text":"Article similaire","link":""},"img":{"alt_text":"Plombier r\u00e9paration WC pantin proximit\u00e9","src":"https:\/\/i0.wp.com\/plombier-regis.xyz\/wp-content\/uploads\/2024\/04\/plombier-Quand-changer-un-mecanisme-de-chasse-deau-WC-pantin-proximite-scaled.jpg?resize=350%2C200&ssl=1","width":350,"height":200,"srcset":"https:\/\/i0.wp.com\/plombier-regis.xyz\/wp-content\/uploads\/2024\/04\/plombier-Quand-changer-un-mecanisme-de-chasse-deau-WC-pantin-proximite-scaled.jpg?resize=350%2C200&ssl=1 1x, https:\/\/i0.wp.com\/plombier-regis.xyz\/wp-content\/uploads\/2024\/04\/plombier-Quand-changer-un-mecanisme-de-chasse-deau-WC-pantin-proximite-scaled.jpg?resize=525%2C300&ssl=1 1.5x, https:\/\/i0.wp.com\/plombier-regis.xyz\/wp-content\/uploads\/2024\/04\/plombier-Quand-changer-un-mecanisme-de-chasse-deau-WC-pantin-proximite-scaled.jpg?resize=700%2C400&ssl=1 2x, https:\/\/i0.wp.com\/plombier-regis.xyz\/wp-content\/uploads\/2024\/04\/plombier-Quand-changer-un-mecanisme-de-chasse-deau-WC-pantin-proximite-scaled.jpg?resize=1050%2C600&ssl=1 3x, https:\/\/i0.wp.com\/plombier-regis.xyz\/wp-content\/uploads\/2024\/04\/plombier-Quand-changer-un-mecanisme-de-chasse-deau-WC-pantin-proximite-scaled.jpg?resize=1400%2C800&ssl=1 4x"},"classes":[]},{"id":1090,"url":"https:\/\/plombier-regis.xyz\/index.php\/salle-de-bains\/","url_meta":{"origin":1092,"position":1},"title":"Salle de bains \ud83d\udec1","author":"REGIS","date":"29\/05\/2022","format":false,"excerpt":"Salle de bains \ud83d\udec1 Plombier Robinet qui fuit ou l\u00e2che, Lavabo ou vanne qui fuit, Des probl\u00e8mes d'eau chaude, Douche qui fuit, WC bouch\u00e9, Installation ou r\u00e9novation dans votre salle de bains. Parfois, vous avez besoin d'une solution urgente. Ou peut-\u00eatre que vous n'en pouvez plus Pour toutes les r\u00e9parations\u2026","rel":"","context":"Article similaire","block_context":{"text":"Article similaire","link":""},"img":{"alt_text":"salle de bains","src":"https:\/\/i0.wp.com\/plombier-regis.xyz\/wp-content\/uploads\/2022\/05\/IMG_9602-scaled.jpeg?resize=350%2C200&ssl=1","width":350,"height":200,"srcset":"https:\/\/i0.wp.com\/plombier-regis.xyz\/wp-content\/uploads\/2022\/05\/IMG_9602-scaled.jpeg?resize=350%2C200&ssl=1 1x, https:\/\/i0.wp.com\/plombier-regis.xyz\/wp-content\/uploads\/2022\/05\/IMG_9602-scaled.jpeg?resize=525%2C300&ssl=1 1.5x, https:\/\/i0.wp.com\/plombier-regis.xyz\/wp-content\/uploads\/2022\/05\/IMG_9602-scaled.jpeg?resize=700%2C400&ssl=1 2x, https:\/\/i0.wp.com\/plombier-regis.xyz\/wp-content\/uploads\/2022\/05\/IMG_9602-scaled.jpeg?resize=1050%2C600&ssl=1 3x, https:\/\/i0.wp.com\/plombier-regis.xyz\/wp-content\/uploads\/2022\/05\/IMG_9602-scaled.jpeg?resize=1400%2C800&ssl=1 4x"},"classes":[]},{"id":2055,"url":"https:\/\/plombier-regis.xyz\/index.php\/solution-a-vos-petits-problemes-de-plomberie\/","url_meta":{"origin":1092,"position":2},"title":"Solution a vos petits probl\u00e8mes de plomberie","author":"REGIS","date":"10\/04\/2024","format":false,"excerpt":"R\u00e9paration de plomberie \u00e0 Pantin et proximit\u00e9 Vous rencontrez des probl\u00e8mes de plomberie dans votre maison ou votre entreprise \u00e0 Pantin ou dans les environs\u202f? Ne vous inqui\u00e9tez pas, nous sommes l\u00e0 pour vous aider. En tant que plombiers chauffagistes exp\u00e9riment\u00e9s, nous sommes sp\u00e9cialis\u00e9s dans la r\u00e9paration de tous types\u2026","rel":"","context":"Article similaire","block_context":{"text":"Article similaire","link":""},"img":{"alt_text":"green trees under white sky during daytime","src":"https:\/\/i0.wp.com\/plombier-regis.xyz\/wp-content\/uploads\/2024\/04\/green-trees-under-white-sky-during-daytime-scaled.jpg?fit=800%2C1200&ssl=1&resize=350%2C200","width":350,"height":200,"srcset":"https:\/\/i0.wp.com\/plombier-regis.xyz\/wp-content\/uploads\/2024\/04\/green-trees-under-white-sky-during-daytime-scaled.jpg?fit=800%2C1200&ssl=1&resize=350%2C200 1x, https:\/\/i0.wp.com\/plombier-regis.xyz\/wp-content\/uploads\/2024\/04\/green-trees-under-white-sky-during-daytime-scaled.jpg?fit=800%2C1200&ssl=1&resize=525%2C300 1.5x, https:\/\/i0.wp.com\/plombier-regis.xyz\/wp-content\/uploads\/2024\/04\/green-trees-under-white-sky-during-daytime-scaled.jpg?fit=800%2C1200&ssl=1&resize=700%2C400 2x"},"classes":[]},{"id":2171,"url":"https:\/\/plombier-regis.xyz\/index.php\/faq-les-plus-posees\/","url_meta":{"origin":1092,"position":3},"title":"FAQ les plus pos\u00e9es","author":"REGIS","date":"28\/04\/2024","format":false,"excerpt":"Questions les plus fr\u00e9quemment pos\u00e9es sur la plomberie par nos client pantinois Votre syst\u00e8me de plomberie peut tomber en panne \u00e0 tout moment. Pour vous pr\u00e9parer \u00e0 un probl\u00e8me de plomberie, vous devez vous familiariser avec les r\u00e9ponses \u00e0 ces questions courantes de plomberie. Lorsque tout le reste \u00e9choue, appelez\u2026","rel":"","context":"Article similaire","block_context":{"text":"Article similaire","link":""},"img":{"alt_text":"Questions les plus pos\u00e9es plombier chauffagiste","src":"https:\/\/i0.wp.com\/plombier-regis.xyz\/wp-content\/uploads\/2024\/04\/plombier-chauffagiste-regis.jpg?resize=350%2C200&ssl=1","width":350,"height":200,"srcset":"https:\/\/i0.wp.com\/plombier-regis.xyz\/wp-content\/uploads\/2024\/04\/plombier-chauffagiste-regis.jpg?resize=350%2C200&ssl=1 1x, https:\/\/i0.wp.com\/plombier-regis.xyz\/wp-content\/uploads\/2024\/04\/plombier-chauffagiste-regis.jpg?resize=525%2C300&ssl=1 1.5x"},"classes":[]},{"id":378,"url":"https:\/\/plombier-regis.xyz\/index.php\/reparation\/","url_meta":{"origin":1092,"position":4},"title":"R\u00e9paration","author":"REGIS","date":"07\/04\/2022","format":false,"excerpt":"R\u00e9paration et Services de Plombier Chauffagiste Pantin R\u00e9paration, nous r\u00e9solvons rapidement vos probl\u00e8mes de plomberie et de chauffage, les propri\u00e9taires comptent sur nous depuis 1989 pour des conseils honn\u00eates et professionnels sur tous les types de services de plomberie. Vous pouvez faire confiance \u00e0 nos techniciens plombiers, et \u00e0 la\u2026","rel":"","context":"Article similaire","block_context":{"text":"Article similaire","link":""},"img":{"alt_text":"Plombier R\u00e9paration","src":"https:\/\/i0.wp.com\/plombier-regis.xyz\/wp-content\/uploads\/2022\/04\/IMG_0630.jpeg?resize=350%2C200&ssl=1","width":350,"height":200,"srcset":"https:\/\/i0.wp.com\/plombier-regis.xyz\/wp-content\/uploads\/2022\/04\/IMG_0630.jpeg?resize=350%2C200&ssl=1 1x, https:\/\/i0.wp.com\/plombier-regis.xyz\/wp-content\/uploads\/2022\/04\/IMG_0630.jpeg?resize=525%2C300&ssl=1 1.5x, https:\/\/i0.wp.com\/plombier-regis.xyz\/wp-content\/uploads\/2022\/04\/IMG_0630.jpeg?resize=700%2C400&ssl=1 2x, https:\/\/i0.wp.com\/plombier-regis.xyz\/wp-content\/uploads\/2022\/04\/IMG_0630.jpeg?resize=1050%2C600&ssl=1 3x, https:\/\/i0.wp.com\/plombier-regis.xyz\/wp-content\/uploads\/2022\/04\/IMG_0630.jpeg?resize=1400%2C800&ssl=1 4x"},"classes":[]},{"id":1809,"url":"https:\/\/plombier-regis.xyz\/index.php\/debouchage-canalisation\/","url_meta":{"origin":1092,"position":5},"title":"D\u00e9bouchage canalisation","author":"REGIS","date":"13\/10\/2023","format":false,"excerpt":"Curage d\u00e9bouchage canalisation domestique Discuter sur WhatsApp Les bouchons de canalisation ne se limitent pas uniquement aux \u00e9viers ;\u00a0nous pouvons les trouver dans nos canalisations de baignoire,\u00a0de douche, de machine \u00e0 laver et m\u00eame dans les toilettes.\u00a0Surtout nos toilettes.\u00a0Une canalisation bouch\u00e9e peut sembler \u00eatre un probl\u00e8me de plomberie grave, mais\u2026","rel":"","context":"Article similaire","block_context":{"text":"Article similaire","link":""},"img":{"alt_text":"Curage d\u00e9bouchage canalisation domestique","src":"https:\/\/i0.wp.com\/plombier-regis.xyz\/wp-content\/uploads\/2023\/10\/Degorgement-canalisations-scaled-e1697207722968.jpg?resize=350%2C200&ssl=1","width":350,"height":200,"srcset":"https:\/\/i0.wp.com\/plombier-regis.xyz\/wp-content\/uploads\/2023\/10\/Degorgement-canalisations-scaled-e1697207722968.jpg?resize=350%2C200&ssl=1 1x, https:\/\/i0.wp.com\/plombier-regis.xyz\/wp-content\/uploads\/2023\/10\/Degorgement-canalisations-scaled-e1697207722968.jpg?resize=525%2C300&ssl=1 1.5x, https:\/\/i0.wp.com\/plombier-regis.xyz\/wp-content\/uploads\/2023\/10\/Degorgement-canalisations-scaled-e1697207722968.jpg?resize=700%2C400&ssl=1 2x, https:\/\/i0.wp.com\/plombier-regis.xyz\/wp-content\/uploads\/2023\/10\/Degorgement-canalisations-scaled-e1697207722968.jpg?resize=1050%2C600&ssl=1 3x, https:\/\/i0.wp.com\/plombier-regis.xyz\/wp-content\/uploads\/2023\/10\/Degorgement-canalisations-scaled-e1697207722968.jpg?resize=1400%2C800&ssl=1 4x"},"classes":[]}],"jetpack_sharing_enabled":true,"jetpack_likes_enabled":true,"_links":{"self":[{"href":"https:\/\/plombier-regis.xyz\/index.php\/wp-json\/wp\/v2\/pages\/1092","targetHints":{"allow":["GET"]}}],"collection":[{"href":"https:\/\/plombier-regis.xyz\/index.php\/wp-json\/wp\/v2\/pages"}],"about":[{"href":"https:\/\/plombier-regis.xyz\/index.php\/wp-json\/wp\/v2\/types\/page"}],"author":[{"embeddable":true,"href":"https:\/\/plombier-regis.xyz\/index.php\/wp-json\/wp\/v2\/users\/1"}],"replies":[{"embeddable":true,"href":"https:\/\/plombier-regis.xyz\/index.php\/wp-json\/wp\/v2\/comments?post=1092"}],"version-history":[{"count":15,"href":"https:\/\/plombier-regis.xyz\/index.php\/wp-json\/wp\/v2\/pages\/1092\/revisions"}],"predecessor-version":[{"id":1904,"href":"https:\/\/plombier-regis.xyz\/index.php\/wp-json\/wp\/v2\/pages\/1092\/revisions\/1904"}],"wp:attachment":[{"href":"https:\/\/plombier-regis.xyz\/index.php\/wp-json\/wp\/v2\/media?parent=1092"}],"curies":[{"name":"wp","href":"https:\/\/api.w.org\/{rel}","templated":true}]}}