{"id":1090,"date":"2022-05-29T22:47:57","date_gmt":"2022-05-29T20:47:57","guid":{"rendered":"https:\/\/plombier-regis.xyz\/?page_id=1090"},"modified":"2023-01-21T19:41:52","modified_gmt":"2023-01-21T18:41:52","slug":"salle-de-bains","status":"publish","type":"page","link":"https:\/\/plombier-regis.xyz\/index.php\/salle-de-bains\/","title":{"rendered":"Salle de bains \ud83d\udec1"},"content":{"rendered":"\n<h1 class=\"wp-block-heading\">Salle de bains \ud83d\udec1<\/h1>\n\n\n\n<div class=\"wp-block-media-text alignwide is-stacked-on-mobile\" style=\"grid-template-columns:15% auto\"><figure class=\"wp-block-media-text__media\"><img data-recalc-dims=\"1\" loading=\"lazy\" decoding=\"async\" width=\"768\" height=\"1024\" data-attachment-id=\"1103\" data-permalink=\"https:\/\/plombier-regis.xyz\/index.php\/salle-de-bains\/img_9602\/\" data-orig-file=\"https:\/\/i0.wp.com\/plombier-regis.xyz\/wp-content\/uploads\/2022\/05\/IMG_9602-scaled.jpeg?fit=1920%2C2560&amp;ssl=1\" data-orig-size=\"1920,2560\" data-comments-opened=\"1\" data-image-meta=\"{&quot;aperture&quot;:&quot;1.8&quot;,&quot;credit&quot;:&quot;&quot;,&quot;camera&quot;:&quot;iPhone 7&quot;,&quot;caption&quot;:&quot;&quot;,&quot;created_timestamp&quot;:&quot;1634136456&quot;,&quot;copyright&quot;:&quot;&quot;,&quot;focal_length&quot;:&quot;3.99&quot;,&quot;iso&quot;:&quot;40&quot;,&quot;shutter_speed&quot;:&quot;0.04&quot;,&quot;title&quot;:&quot;&quot;,&quot;orientation&quot;:&quot;1&quot;}\" data-image-title=\"salle de bains\" data-image-description=\"&lt;p&gt;salle de bains R\u00e9paration installation entretien&lt;\/p&gt;\n\" data-image-caption=\"\" data-medium-file=\"https:\/\/i0.wp.com\/plombier-regis.xyz\/wp-content\/uploads\/2022\/05\/IMG_9602-scaled.jpeg?fit=225%2C300&amp;ssl=1\" data-large-file=\"https:\/\/i0.wp.com\/plombier-regis.xyz\/wp-content\/uploads\/2022\/05\/IMG_9602-scaled.jpeg?fit=768%2C1024&amp;ssl=1\" src=\"https:\/\/i0.wp.com\/plombier-regis.xyz\/wp-content\/uploads\/2022\/05\/IMG_9602.jpeg?resize=768%2C1024&#038;ssl=1\" alt=\"salle de bains\" class=\"wp-image-1103 size-full\" srcset=\"https:\/\/i0.wp.com\/plombier-regis.xyz\/wp-content\/uploads\/2022\/05\/IMG_9602-scaled.jpeg?resize=768%2C1024&amp;ssl=1 768w, https:\/\/i0.wp.com\/plombier-regis.xyz\/wp-content\/uploads\/2022\/05\/IMG_9602-scaled.jpeg?resize=225%2C300&amp;ssl=1 225w, https:\/\/i0.wp.com\/plombier-regis.xyz\/wp-content\/uploads\/2022\/05\/IMG_9602-scaled.jpeg?resize=1152%2C1536&amp;ssl=1 1152w, https:\/\/i0.wp.com\/plombier-regis.xyz\/wp-content\/uploads\/2022\/05\/IMG_9602-scaled.jpeg?resize=1536%2C2048&amp;ssl=1 1536w, https:\/\/i0.wp.com\/plombier-regis.xyz\/wp-content\/uploads\/2022\/05\/IMG_9602-scaled.jpeg?w=1920&amp;ssl=1 1920w\" sizes=\"auto, (max-width: 768px) 100vw, 768px\" \/><\/figure><div class=\"wp-block-media-text__content\">\n<blockquote class=\"wp-block-quote has-medium-font-size is-layout-flow wp-block-quote-is-layout-flow\">\n<p>Plombier Robinet qui fuit ou l\u00e2che, Lavabo ou vanne qui fuit, Des probl\u00e8mes d&#8217;eau chaude, Douche qui fuit, WC bouch\u00e9, Installation ou r\u00e9novation dans votre salle de bains. Parfois, vous avez besoin d&#8217;une solution urgente. Ou peut-\u00eatre que vous n&#8217;en pouvez plus<\/p>\n<\/blockquote>\n<\/div><\/div>\n\n\n\n<blockquote class=\"wp-block-quote is-layout-flow wp-block-quote-is-layout-flow\">\n<p>Pour toutes les r\u00e9parations et am\u00e9liorations urgentes , appelez-nous pour entretenir, r\u00e9parer ou remplacer la plomberie de votre salle de bains, y compris les douches, les baignoires, les bidets, les toilettes, les r\u00e9servoirs encastr\u00e9s, les vanit\u00e9s et les robinets. Des installations sur mesure et design aux mises \u00e0 niveau abordables, nous pouvons nous assurer que votre pi\u00e8ce la plus essentielle fonctionne exactement comme vous en avez besoin. Parlez-nous de l&#8217;installation d&#8217;une toilette accessible si les besoins de votre famille ont chang\u00e9.<\/p>\n<cite>R\u00e9paration entretien r\u00e9novation installation<\/cite><\/blockquote>\n\n\n\n<p class=\"has-text-align-right\">Rejoignez nous !<\/p>\n\n\n\n<ul class=\"wp-block-social-links is-content-justification-right is-layout-flex wp-container-core-social-links-is-layout-765c4724 wp-block-social-links-is-layout-flex\"><li class=\"wp-social-link wp-social-link-facebook  wp-block-social-link\"><a href=\"https:\/\/twitter.com\/RegisPlombier\" class=\"wp-block-social-link-anchor\"><svg width=\"24\" height=\"24\" viewBox=\"0 0 24 24\" version=\"1.1\" xmlns=\"http:\/\/www.w3.org\/2000\/svg\" aria-hidden=\"true\" focusable=\"false\"><path d=\"M12 2C6.5 2 2 6.5 2 12c0 5 3.7 9.1 8.4 9.9v-7H7.9V12h2.5V9.8c0-2.5 1.5-3.9 3.8-3.9 1.1 0 2.2.2 2.2.2v2.5h-1.3c-1.2 0-1.6.8-1.6 1.6V12h2.8l-.4 2.9h-2.3v7C18.3 21.1 22 17 22 12c0-5.5-4.5-10-10-10z\"><\/path><\/svg><span class=\"wp-block-social-link-label screen-reader-text\">Facebook<\/span><\/a><\/li>\n\n<li class=\"wp-social-link wp-social-link-twitter  wp-block-social-link\"><a href=\"https:\/\/www.facebook.com\/rjm.plombier.depannage\" class=\"wp-block-social-link-anchor\"><svg width=\"24\" height=\"24\" viewBox=\"0 0 24 24\" version=\"1.1\" xmlns=\"http:\/\/www.w3.org\/2000\/svg\" aria-hidden=\"true\" focusable=\"false\"><path d=\"M22.23,5.924c-0.736,0.326-1.527,0.547-2.357,0.646c0.847-0.508,1.498-1.312,1.804-2.27 c-0.793,0.47-1.671,0.812-2.606,0.996C18.324,4.498,17.257,4,16.077,4c-2.266,0-4.103,1.837-4.103,4.103 c0,0.322,0.036,0.635,0.106,0.935C8.67,8.867,5.647,7.234,3.623,4.751C3.27,5.357,3.067,6.062,3.067,6.814 c0,1.424,0.724,2.679,1.825,3.415c-0.673-0.021-1.305-0.206-1.859-0.513c0,0.017,0,0.034,0,0.052c0,1.988,1.414,3.647,3.292,4.023 c-0.344,0.094-0.707,0.144-1.081,0.144c-0.264,0-0.521-0.026-0.772-0.074c0.522,1.63,2.038,2.816,3.833,2.85 c-1.404,1.1-3.174,1.756-5.096,1.756c-0.331,0-0.658-0.019-0.979-0.057c1.816,1.164,3.973,1.843,6.29,1.843 c7.547,0,11.675-6.252,11.675-11.675c0-0.178-0.004-0.355-0.012-0.531C20.985,7.47,21.68,6.747,22.23,5.924z\"><\/path><\/svg><span class=\"wp-block-social-link-label screen-reader-text\">Twitter<\/span><\/a><\/li><\/ul>\n\n\n\n<div class=\"wp-block-jetpack-send-a-message\">\n<div class=\"wp-block-jetpack-whatsapp-button aligncenter is-color-dark\"><a class=\"whatsapp-block__button\" href=\"https:\/\/api.whatsapp.com\/send?phone=330783192700&amp;text=Bonjour%2C%20j%E2%80%99ai%20trouv%C3%A9%20vos%20informations%20WhatsApp%20sur%20votre%20site%20Web.\" style=\"background-color:#25D366;color:#fff\" target=\"_self\" rel=\"noopener noreferrer\">Discuter sur WhatsApp<\/a><\/div>\n<\/div>\n\n\n\n<div class=\"wp-block-buttons alignwide is-content-justification-center is-layout-flex wp-container-core-buttons-is-layout-16018d1d wp-block-buttons-is-layout-flex\">\n<div class=\"wp-block-button has-custom-font-size is-style-outline has-medium-font-size is-style-outline--1\"><a class=\"wp-block-button__link wp-element-button\" href=\"https:\/\/plombier-regis.xyz\/index.php\/contacts\/\" target=\"_blank\" rel=\"noreferrer noopener\">Prendre rendez-vous<\/a><\/div>\n<\/div>\n","protected":false},"excerpt":{"rendered":"<p>Salle de bains \ud83d\udec1 Pour toutes les r\u00e9parations et am\u00e9liorations urgentes , appelez-nous pour entretenir, r\u00e9parer ou remplacer la plomberie de votre salle de bains, y compris les douches, les baignoires, les bidets, les toilettes, les r\u00e9servoirs encastr\u00e9s, les vanit\u00e9s et les robinets. Des installations sur mesure et design aux mises \u00e0 niveau abordables, nous [&hellip;]<\/p>\n","protected":false},"author":1,"featured_media":0,"parent":0,"menu_order":0,"comment_status":"closed","ping_status":"closed","template":"","meta":{"_uag_custom_page_level_css":"","_monsterinsights_skip_tracking":false,"_monsterinsights_sitenote_active":false,"_monsterinsights_sitenote_note":"","_monsterinsights_sitenote_category":0,"jetpack_post_was_ever_published":false,"footnotes":""},"class_list":["post-1090","page","type-page","status-publish","hentry"],"aioseo_notices":[],"uagb_featured_image_src":{"full":false,"thumbnail":false,"medium":false,"medium_large":false,"large":false,"1536x1536":false,"2048x2048":false},"uagb_author_info":{"display_name":"REGIS","author_link":"https:\/\/plombier-regis.xyz\/index.php\/author\/jmultishops\/"},"uagb_comment_info":0,"uagb_excerpt":"Salle de bains \ud83d\udec1 Pour toutes les r\u00e9parations et am\u00e9liorations urgentes , appelez-nous pour entretenir, r\u00e9parer ou remplacer la plomberie de votre salle de bains, y compris les douches, les baignoires, les bidets, les toilettes, les r\u00e9servoirs encastr\u00e9s, les vanit\u00e9s et les robinets. Des installations sur mesure et design aux mises \u00e0 niveau abordables, nous\u2026","jetpack-related-posts":[{"id":378,"url":"https:\/\/plombier-regis.xyz\/index.php\/reparation\/","url_meta":{"origin":1090,"position":0},"title":"R\u00e9paration","author":"REGIS","date":"07\/04\/2022","format":false,"excerpt":"R\u00e9paration et Services de Plombier Chauffagiste Pantin R\u00e9paration, nous r\u00e9solvons rapidement vos probl\u00e8mes de plomberie et de chauffage, les propri\u00e9taires comptent sur nous depuis 1989 pour des conseils honn\u00eates et professionnels sur tous les types de services de plomberie. Vous pouvez faire confiance \u00e0 nos techniciens plombiers, et \u00e0 la\u2026","rel":"","context":"Article similaire","block_context":{"text":"Article similaire","link":""},"img":{"alt_text":"Plombier R\u00e9paration","src":"https:\/\/i0.wp.com\/plombier-regis.xyz\/wp-content\/uploads\/2022\/04\/IMG_0630.jpeg?resize=350%2C200&ssl=1","width":350,"height":200,"srcset":"https:\/\/i0.wp.com\/plombier-regis.xyz\/wp-content\/uploads\/2022\/04\/IMG_0630.jpeg?resize=350%2C200&ssl=1 1x, https:\/\/i0.wp.com\/plombier-regis.xyz\/wp-content\/uploads\/2022\/04\/IMG_0630.jpeg?resize=525%2C300&ssl=1 1.5x, https:\/\/i0.wp.com\/plombier-regis.xyz\/wp-content\/uploads\/2022\/04\/IMG_0630.jpeg?resize=700%2C400&ssl=1 2x, https:\/\/i0.wp.com\/plombier-regis.xyz\/wp-content\/uploads\/2022\/04\/IMG_0630.jpeg?resize=1050%2C600&ssl=1 3x, https:\/\/i0.wp.com\/plombier-regis.xyz\/wp-content\/uploads\/2022\/04\/IMG_0630.jpeg?resize=1400%2C800&ssl=1 4x"},"classes":[]},{"id":1829,"url":"https:\/\/plombier-regis.xyz\/index.php\/contacts-whatsapp\/","url_meta":{"origin":1090,"position":1},"title":"Contacts whatsapp","author":"REGIS","date":"15\/10\/2023","format":false,"excerpt":"Contacts whatsapp Plombier R\u00e9gis Fuite d'eau\u2197 Plombier Vous avez un robinet qui ne s\u2019\u00e9teint pas, Conduite d\u2019eau crev\u00e9e, Une humidit\u00e9 inexpliqu\u00e9e dans votre maison, Conduite d\u2019eau qui fuit, Fuite du tuyau, fuite d\u2019eau. Demande sur WhatsApp Robinet\u2197 Des gouttes aux fuites en passant par la faible pression d\u2019eau. Nos plombier\u2026","rel":"","context":"Article similaire","block_context":{"text":"Article similaire","link":""},"img":{"alt_text":"joint","src":"https:\/\/i0.wp.com\/plombier-regis.xyz\/wp-content\/uploads\/2022\/06\/plombier-remplacement-joint-sur-appareils-sanitaire-scaled.jpg?resize=350%2C200","width":350,"height":200,"srcset":"https:\/\/i0.wp.com\/plombier-regis.xyz\/wp-content\/uploads\/2022\/06\/plombier-remplacement-joint-sur-appareils-sanitaire-scaled.jpg?resize=350%2C200 1x, https:\/\/i0.wp.com\/plombier-regis.xyz\/wp-content\/uploads\/2022\/06\/plombier-remplacement-joint-sur-appareils-sanitaire-scaled.jpg?resize=525%2C300 1.5x, https:\/\/i0.wp.com\/plombier-regis.xyz\/wp-content\/uploads\/2022\/06\/plombier-remplacement-joint-sur-appareils-sanitaire-scaled.jpg?resize=700%2C400 2x, https:\/\/i0.wp.com\/plombier-regis.xyz\/wp-content\/uploads\/2022\/06\/plombier-remplacement-joint-sur-appareils-sanitaire-scaled.jpg?resize=1050%2C600 3x, https:\/\/i0.wp.com\/plombier-regis.xyz\/wp-content\/uploads\/2022\/06\/plombier-remplacement-joint-sur-appareils-sanitaire-scaled.jpg?resize=1400%2C800 4x"},"classes":[]},{"id":2005,"url":"https:\/\/plombier-regis.xyz\/index.php\/local-plombier-pantin-93500\/","url_meta":{"origin":1090,"position":2},"title":"Local Plombier Pantin 93500","author":"REGIS","date":"25\/02\/2024","format":false,"excerpt":"Votre plombier local Pantin 93500 27 rue des sept Arpents 93500 Pantin Pour un appel de service\u00a0: 09 80 80 93 55 PLANIFIER EN LIGNE Contact WhatsApp 07 83 19 2 7 00 SERVICE DISPONIBLE Entretien de chaudi\u00e8re R\u00e9parations chauffe eaux \u26a1 R\u00e9fection salle de bain Recherche de fuite d'eaux\u2026","rel":"","context":"Article similaire","block_context":{"text":"Article similaire","link":""},"img":{"alt_text":"sms","src":"https:\/\/i0.wp.com\/plombier-regis.xyz\/wp-content\/uploads\/2024\/02\/sms-plombier-regis.png?resize=350%2C200&ssl=1","width":350,"height":200,"srcset":"https:\/\/i0.wp.com\/plombier-regis.xyz\/wp-content\/uploads\/2024\/02\/sms-plombier-regis.png?resize=350%2C200&ssl=1 1x, https:\/\/i0.wp.com\/plombier-regis.xyz\/wp-content\/uploads\/2024\/02\/sms-plombier-regis.png?resize=525%2C300&ssl=1 1.5x, https:\/\/i0.wp.com\/plombier-regis.xyz\/wp-content\/uploads\/2024\/02\/sms-plombier-regis.png?resize=700%2C400&ssl=1 2x, https:\/\/i0.wp.com\/plombier-regis.xyz\/wp-content\/uploads\/2024\/02\/sms-plombier-regis.png?resize=1050%2C600&ssl=1 3x, https:\/\/i0.wp.com\/plombier-regis.xyz\/wp-content\/uploads\/2024\/02\/sms-plombier-regis.png?resize=1400%2C800&ssl=1 4x"},"classes":[]},{"id":1988,"url":"https:\/\/plombier-regis.xyz\/index.php\/local-plombier-regis-paris-19\/","url_meta":{"origin":1090,"position":3},"title":"Local plombier r\u00e9gis paris 75019","author":"REGIS","date":"25\/02\/2024","format":false,"excerpt":"Votre plombier local Paris 75019 11 avenue Corentin Cariou 75019 Pour un appel de service\u00a0: 09 80 80 93 55 PLANIFIER EN LIGNE Contact WhatsApp 07 83 19 2 7 00 SERVICE DISPONIBLE Entretien de chaudi\u00e8re R\u00e9parations chauffe eaux \u26a1 R\u00e9fection salle de bain Recherche de fuite d'eaux D\u00e9bouchage de\u2026","rel":"","context":"Article similaire","block_context":{"text":"Article similaire","link":""},"img":{"alt_text":"sms","src":"https:\/\/i0.wp.com\/plombier-regis.xyz\/wp-content\/uploads\/2024\/02\/sms-plombier-regis.png?resize=350%2C200&ssl=1","width":350,"height":200,"srcset":"https:\/\/i0.wp.com\/plombier-regis.xyz\/wp-content\/uploads\/2024\/02\/sms-plombier-regis.png?resize=350%2C200&ssl=1 1x, https:\/\/i0.wp.com\/plombier-regis.xyz\/wp-content\/uploads\/2024\/02\/sms-plombier-regis.png?resize=525%2C300&ssl=1 1.5x, https:\/\/i0.wp.com\/plombier-regis.xyz\/wp-content\/uploads\/2024\/02\/sms-plombier-regis.png?resize=700%2C400&ssl=1 2x, https:\/\/i0.wp.com\/plombier-regis.xyz\/wp-content\/uploads\/2024\/02\/sms-plombier-regis.png?resize=1050%2C600&ssl=1 3x, https:\/\/i0.wp.com\/plombier-regis.xyz\/wp-content\/uploads\/2024\/02\/sms-plombier-regis.png?resize=1400%2C800&ssl=1 4x"},"classes":[]},{"id":2017,"url":"https:\/\/plombier-regis.xyz\/index.php\/local-plombier-regis-paris-75008\/","url_meta":{"origin":1090,"position":4},"title":"Local plombier r\u00e9gis Paris 75008","author":"REGIS","date":"25\/02\/2024","format":false,"excerpt":"","rel":"","context":"Article similaire","block_context":{"text":"Article similaire","link":""},"img":{"alt_text":"","src":"","width":0,"height":0},"classes":[]},{"id":375,"url":"https:\/\/plombier-regis.xyz\/index.php\/nos-services\/","url_meta":{"origin":1090,"position":5},"title":"Nos services","author":"REGIS","date":"07\/04\/2022","format":false,"excerpt":"Nos services B\u00e9n\u00e9ficiez de notre savoir-faire pour tous vos travaux. Professionnels et dynamiques, nous prenons en charge tous vos probl\u00e8mes de\u00a0plomberie, chauffage et fuite d\u2019eau pour vous garantir une installation \u00e0 nouveau op\u00e9rationnelle. R\u00e9paration r\u00e9novation installation entretien Services de r\u00e9paration Nous offrons des services de\u00a0r\u00e9paration\u00a0pour les fuites d'eau, les canalisations\u2026","rel":"","context":"Article similaire","block_context":{"text":"Article similaire","link":""},"img":{"alt_text":"services regis","src":"https:\/\/i0.wp.com\/plombier-regis.xyz\/wp-content\/uploads\/2022\/04\/plombier-chauffagiste-paris-19-pantin-93500-e1649014619803.jpg?resize=350%2C200&ssl=1","width":350,"height":200,"srcset":"https:\/\/i0.wp.com\/plombier-regis.xyz\/wp-content\/uploads\/2022\/04\/plombier-chauffagiste-paris-19-pantin-93500-e1649014619803.jpg?resize=350%2C200&ssl=1 1x, https:\/\/i0.wp.com\/plombier-regis.xyz\/wp-content\/uploads\/2022\/04\/plombier-chauffagiste-paris-19-pantin-93500-e1649014619803.jpg?resize=525%2C300&ssl=1 1.5x, https:\/\/i0.wp.com\/plombier-regis.xyz\/wp-content\/uploads\/2022\/04\/plombier-chauffagiste-paris-19-pantin-93500-e1649014619803.jpg?resize=700%2C400&ssl=1 2x"},"classes":[]}],"jetpack_sharing_enabled":true,"jetpack_likes_enabled":true,"_links":{"self":[{"href":"https:\/\/plombier-regis.xyz\/index.php\/wp-json\/wp\/v2\/pages\/1090","targetHints":{"allow":["GET"]}}],"collection":[{"href":"https:\/\/plombier-regis.xyz\/index.php\/wp-json\/wp\/v2\/pages"}],"about":[{"href":"https:\/\/plombier-regis.xyz\/index.php\/wp-json\/wp\/v2\/types\/page"}],"author":[{"embeddable":true,"href":"https:\/\/plombier-regis.xyz\/index.php\/wp-json\/wp\/v2\/users\/1"}],"replies":[{"embeddable":true,"href":"https:\/\/plombier-regis.xyz\/index.php\/wp-json\/wp\/v2\/comments?post=1090"}],"version-history":[{"count":9,"href":"https:\/\/plombier-regis.xyz\/index.php\/wp-json\/wp\/v2\/pages\/1090\/revisions"}],"predecessor-version":[{"id":1406,"href":"https:\/\/plombier-regis.xyz\/index.php\/wp-json\/wp\/v2\/pages\/1090\/revisions\/1406"}],"wp:attachment":[{"href":"https:\/\/plombier-regis.xyz\/index.php\/wp-json\/wp\/v2\/media?parent=1090"}],"curies":[{"name":"wp","href":"https:\/\/api.w.org\/{rel}","templated":true}]}}