{"id":1088,"date":"2022-05-29T23:06:46","date_gmt":"2022-05-29T21:06:46","guid":{"rendered":"https:\/\/plombier-regis.xyz\/?page_id=1088"},"modified":"2023-01-21T19:43:51","modified_gmt":"2023-01-21T18:43:51","slug":"cuisine","status":"publish","type":"page","link":"https:\/\/plombier-regis.xyz\/index.php\/cuisine\/","title":{"rendered":"Cuisine \ud83c\udf73"},"content":{"rendered":"\n<h1 class=\"wp-block-heading\">Cuisine \ud83c\udf73<\/h1>\n\n\n\n<p><\/p>\n\n\n\n<div class=\"wp-block-media-text alignwide is-stacked-on-mobile\" style=\"grid-template-columns:15% auto\"><figure class=\"wp-block-media-text__media\"><img data-recalc-dims=\"1\" loading=\"lazy\" decoding=\"async\" width=\"768\" height=\"1024\" data-attachment-id=\"1110\" data-permalink=\"https:\/\/plombier-regis.xyz\/index.php\/cuisine\/img_4814\/\" data-orig-file=\"https:\/\/i0.wp.com\/plombier-regis.xyz\/wp-content\/uploads\/2022\/05\/IMG_4814-scaled.jpeg?fit=1920%2C2560&amp;ssl=1\" data-orig-size=\"1920,2560\" data-comments-opened=\"1\" data-image-meta=\"{&quot;aperture&quot;:&quot;1.8&quot;,&quot;credit&quot;:&quot;&quot;,&quot;camera&quot;:&quot;iPhone 7&quot;,&quot;caption&quot;:&quot;&quot;,&quot;created_timestamp&quot;:&quot;1554124867&quot;,&quot;copyright&quot;:&quot;&quot;,&quot;focal_length&quot;:&quot;3.99&quot;,&quot;iso&quot;:&quot;80&quot;,&quot;shutter_speed&quot;:&quot;0.14285714285714&quot;,&quot;title&quot;:&quot;&quot;,&quot;orientation&quot;:&quot;1&quot;}\" data-image-title=\"cuisine r\u00e9paration tuyauterie\" data-image-description=\"&lt;p&gt;cuisine r\u00e9paration d\u00e9gorgement installation&lt;\/p&gt;\n\" data-image-caption=\"\" data-medium-file=\"https:\/\/i0.wp.com\/plombier-regis.xyz\/wp-content\/uploads\/2022\/05\/IMG_4814-scaled.jpeg?fit=225%2C300&amp;ssl=1\" data-large-file=\"https:\/\/i0.wp.com\/plombier-regis.xyz\/wp-content\/uploads\/2022\/05\/IMG_4814-scaled.jpeg?fit=768%2C1024&amp;ssl=1\" src=\"https:\/\/i0.wp.com\/plombier-regis.xyz\/wp-content\/uploads\/2022\/05\/IMG_4814.jpeg?resize=768%2C1024&#038;ssl=1\" alt=\"cuisine \" class=\"wp-image-1110 size-full\" srcset=\"https:\/\/i0.wp.com\/plombier-regis.xyz\/wp-content\/uploads\/2022\/05\/IMG_4814-scaled.jpeg?resize=768%2C1024&amp;ssl=1 768w, https:\/\/i0.wp.com\/plombier-regis.xyz\/wp-content\/uploads\/2022\/05\/IMG_4814-scaled.jpeg?resize=225%2C300&amp;ssl=1 225w, https:\/\/i0.wp.com\/plombier-regis.xyz\/wp-content\/uploads\/2022\/05\/IMG_4814-scaled.jpeg?resize=1152%2C1536&amp;ssl=1 1152w, https:\/\/i0.wp.com\/plombier-regis.xyz\/wp-content\/uploads\/2022\/05\/IMG_4814-scaled.jpeg?resize=1536%2C2048&amp;ssl=1 1536w, https:\/\/i0.wp.com\/plombier-regis.xyz\/wp-content\/uploads\/2022\/05\/IMG_4814-scaled.jpeg?w=1920&amp;ssl=1 1920w\" sizes=\"auto, (max-width: 768px) 100vw, 768px\" \/><\/figure><div class=\"wp-block-media-text__content\">\n<blockquote class=\"wp-block-quote has-medium-font-size is-layout-flow wp-block-quote-is-layout-flow\">\n<p>Plombier Robinet cuisine qui fuit ou l\u00e2che, Probl\u00e8mes de pression d\u2019eau, D\u00e9faut de broyeur ou de filtre \u00e0 eau, Fuite ou \u00e9vier bouch\u00e9, Filtrer le robinet, Remplacer ou installer le filtre \u00e0 eau, attente de Lave-vaisselle \u00e0 installer ou \u00e0 r\u00e9parer, Installation ou r\u00e9novation.<\/p>\n<\/blockquote>\n<\/div><\/div>\n\n\n\n<blockquote class=\"wp-block-quote is-layout-flow wp-block-quote-is-layout-flow\">\n<p>Si vous avez besoin d&#8217;une solution urgente ou si vous ne pouvez plus le supporter, appelez-nous pour entretenir, r\u00e9parer ou remplacer la plomberie de votre cuisine. Nous sommes des experts en r\u00e9novations et mises \u00e0 niveau de cuisine travaillerons avec vous pour nous assurer que votre famille puisse profiter de la cuisine qu&#8217;elle m\u00e9rite.<\/p>\n<cite>R\u00e9paration entretien r\u00e9novation installation<\/cite><\/blockquote>\n\n\n\n<div class=\"wp-block-buttons alignwide is-content-justification-center is-layout-flex wp-container-core-buttons-is-layout-16018d1d wp-block-buttons-is-layout-flex\">\n<div class=\"wp-block-button has-custom-font-size is-style-outline has-medium-font-size is-style-outline--1\"><a class=\"wp-block-button__link wp-element-button\" href=\"https:\/\/plombier-regis.xyz\/index.php\/contacts\/\" target=\"_blank\" rel=\"noreferrer noopener\">Prendre rendez-vous<\/a><\/div>\n<\/div>\n\n\n\n<div class=\"wp-block-jetpack-send-a-message\">\n<div class=\"wp-block-jetpack-whatsapp-button aligncenter is-color-dark\"><a class=\"whatsapp-block__button\" href=\"https:\/\/api.whatsapp.com\/send?phone=330783192700&amp;text=Bonjour%2C%20j%E2%80%99ai%20trouv%C3%A9%20vos%20informations%20WhatsApp%20sur%20votre%20site%20Web.\" style=\"background-color:#25D366;color:#fff\" target=\"_self\" rel=\"noopener noreferrer\">Discuter sur WhatsApp<\/a><\/div>\n<\/div>\n\n\n\n<p class=\"has-text-align-right\">Rejoignez nous !<\/p>\n\n\n\n<ul class=\"wp-block-social-links is-content-justification-right is-layout-flex wp-container-core-social-links-is-layout-765c4724 wp-block-social-links-is-layout-flex\"><li class=\"wp-social-link wp-social-link-facebook  wp-block-social-link\"><a href=\"https:\/\/www.facebook.com\/rjm.plombier.depannage\" class=\"wp-block-social-link-anchor\"><svg width=\"24\" height=\"24\" viewBox=\"0 0 24 24\" version=\"1.1\" xmlns=\"http:\/\/www.w3.org\/2000\/svg\" aria-hidden=\"true\" focusable=\"false\"><path d=\"M12 2C6.5 2 2 6.5 2 12c0 5 3.7 9.1 8.4 9.9v-7H7.9V12h2.5V9.8c0-2.5 1.5-3.9 3.8-3.9 1.1 0 2.2.2 2.2.2v2.5h-1.3c-1.2 0-1.6.8-1.6 1.6V12h2.8l-.4 2.9h-2.3v7C18.3 21.1 22 17 22 12c0-5.5-4.5-10-10-10z\"><\/path><\/svg><span class=\"wp-block-social-link-label screen-reader-text\">Facebook<\/span><\/a><\/li>\n\n<li class=\"wp-social-link wp-social-link-twitter  wp-block-social-link\"><a href=\"https:\/\/twitter.com\/RegisPlombier\" class=\"wp-block-social-link-anchor\"><svg width=\"24\" height=\"24\" viewBox=\"0 0 24 24\" version=\"1.1\" xmlns=\"http:\/\/www.w3.org\/2000\/svg\" aria-hidden=\"true\" focusable=\"false\"><path d=\"M22.23,5.924c-0.736,0.326-1.527,0.547-2.357,0.646c0.847-0.508,1.498-1.312,1.804-2.27 c-0.793,0.47-1.671,0.812-2.606,0.996C18.324,4.498,17.257,4,16.077,4c-2.266,0-4.103,1.837-4.103,4.103 c0,0.322,0.036,0.635,0.106,0.935C8.67,8.867,5.647,7.234,3.623,4.751C3.27,5.357,3.067,6.062,3.067,6.814 c0,1.424,0.724,2.679,1.825,3.415c-0.673-0.021-1.305-0.206-1.859-0.513c0,0.017,0,0.034,0,0.052c0,1.988,1.414,3.647,3.292,4.023 c-0.344,0.094-0.707,0.144-1.081,0.144c-0.264,0-0.521-0.026-0.772-0.074c0.522,1.63,2.038,2.816,3.833,2.85 c-1.404,1.1-3.174,1.756-5.096,1.756c-0.331,0-0.658-0.019-0.979-0.057c1.816,1.164,3.973,1.843,6.29,1.843 c7.547,0,11.675-6.252,11.675-11.675c0-0.178-0.004-0.355-0.012-0.531C20.985,7.47,21.68,6.747,22.23,5.924z\"><\/path><\/svg><span class=\"wp-block-social-link-label screen-reader-text\">Twitter<\/span><\/a><\/li><\/ul>\n","protected":false},"excerpt":{"rendered":"<p>Cuisine \ud83c\udf73 Si vous avez besoin d&#8217;une solution urgente ou si vous ne pouvez plus le supporter, appelez-nous pour entretenir, r\u00e9parer ou remplacer la plomberie de votre cuisine. Nous sommes des experts en r\u00e9novations et mises \u00e0 niveau de cuisine travaillerons avec vous pour nous assurer que votre famille puisse profiter de la cuisine qu&#8217;elle [&hellip;]<\/p>\n","protected":false},"author":1,"featured_media":0,"parent":0,"menu_order":0,"comment_status":"closed","ping_status":"closed","template":"","meta":{"_uag_custom_page_level_css":"","_monsterinsights_skip_tracking":false,"_monsterinsights_sitenote_active":false,"_monsterinsights_sitenote_note":"","_monsterinsights_sitenote_category":0,"jetpack_post_was_ever_published":false,"footnotes":""},"class_list":["post-1088","page","type-page","status-publish","hentry"],"aioseo_notices":[],"uagb_featured_image_src":{"full":false,"thumbnail":false,"medium":false,"medium_large":false,"large":false,"1536x1536":false,"2048x2048":false},"uagb_author_info":{"display_name":"REGIS","author_link":"https:\/\/plombier-regis.xyz\/index.php\/author\/jmultishops\/"},"uagb_comment_info":0,"uagb_excerpt":"Cuisine \ud83c\udf73 Si vous avez besoin d&#8217;une solution urgente ou si vous ne pouvez plus le supporter, appelez-nous pour entretenir, r\u00e9parer ou remplacer la plomberie de votre cuisine. Nous sommes des experts en r\u00e9novations et mises \u00e0 niveau de cuisine travaillerons avec vous pour nous assurer que votre famille puisse profiter de la cuisine qu&#8217;elle\u2026","jetpack-related-posts":[{"id":1829,"url":"https:\/\/plombier-regis.xyz\/index.php\/contacts-whatsapp\/","url_meta":{"origin":1088,"position":0},"title":"Contacts whatsapp","author":"REGIS","date":"15\/10\/2023","format":false,"excerpt":"Contacts whatsapp Plombier R\u00e9gis Fuite d'eau\u2197 Plombier Vous avez un robinet qui ne s\u2019\u00e9teint pas, Conduite d\u2019eau crev\u00e9e, Une humidit\u00e9 inexpliqu\u00e9e dans votre maison, Conduite d\u2019eau qui fuit, Fuite du tuyau, fuite d\u2019eau. Demande sur WhatsApp Robinet\u2197 Des gouttes aux fuites en passant par la faible pression d\u2019eau. Nos plombier\u2026","rel":"","context":"Article similaire","block_context":{"text":"Article similaire","link":""},"img":{"alt_text":"joint","src":"https:\/\/i0.wp.com\/plombier-regis.xyz\/wp-content\/uploads\/2022\/06\/plombier-remplacement-joint-sur-appareils-sanitaire-scaled.jpg?resize=350%2C200","width":350,"height":200,"srcset":"https:\/\/i0.wp.com\/plombier-regis.xyz\/wp-content\/uploads\/2022\/06\/plombier-remplacement-joint-sur-appareils-sanitaire-scaled.jpg?resize=350%2C200 1x, https:\/\/i0.wp.com\/plombier-regis.xyz\/wp-content\/uploads\/2022\/06\/plombier-remplacement-joint-sur-appareils-sanitaire-scaled.jpg?resize=525%2C300 1.5x, https:\/\/i0.wp.com\/plombier-regis.xyz\/wp-content\/uploads\/2022\/06\/plombier-remplacement-joint-sur-appareils-sanitaire-scaled.jpg?resize=700%2C400 2x, https:\/\/i0.wp.com\/plombier-regis.xyz\/wp-content\/uploads\/2022\/06\/plombier-remplacement-joint-sur-appareils-sanitaire-scaled.jpg?resize=1050%2C600 3x, https:\/\/i0.wp.com\/plombier-regis.xyz\/wp-content\/uploads\/2022\/06\/plombier-remplacement-joint-sur-appareils-sanitaire-scaled.jpg?resize=1400%2C800 4x"},"classes":[]},{"id":2946,"url":"https:\/\/plombier-regis.xyz\/index.php\/reparation-et-installation-de-robinets\/","url_meta":{"origin":1088,"position":1},"title":"R\u00e9paration et installation de robinets","author":"REGIS","date":"04\/06\/2024","format":false,"excerpt":"R\u00e9paration et installation de robinets\u00a0Vos robinets sont des appareils de plomberie essentiels pour la salle de bain, la cuisine et partout o\u00f9 vous avez besoin d\u2019un acc\u00e8s facile \u00e0 l\u2019eau potable. Si vous avez des probl\u00e8mes de robinetterie, appelez Plombier R\u00c9GIS, Plomberie. Nos plombiers Chauffagiste professionnels peuvent vous aider \u00e0\u2026","rel":"","context":"Article similaire","block_context":{"text":"Article similaire","link":""},"img":{"alt_text":"Fuite d'eau","src":"https:\/\/i0.wp.com\/plombier-regis.xyz\/wp-content\/uploads\/2022\/05\/IMG_0846-scaled.jpg?resize=350%2C200&ssl=1","width":350,"height":200,"srcset":"https:\/\/i0.wp.com\/plombier-regis.xyz\/wp-content\/uploads\/2022\/05\/IMG_0846-scaled.jpg?resize=350%2C200&ssl=1 1x, https:\/\/i0.wp.com\/plombier-regis.xyz\/wp-content\/uploads\/2022\/05\/IMG_0846-scaled.jpg?resize=525%2C300&ssl=1 1.5x, https:\/\/i0.wp.com\/plombier-regis.xyz\/wp-content\/uploads\/2022\/05\/IMG_0846-scaled.jpg?resize=700%2C400&ssl=1 2x, https:\/\/i0.wp.com\/plombier-regis.xyz\/wp-content\/uploads\/2022\/05\/IMG_0846-scaled.jpg?resize=1050%2C600&ssl=1 3x, https:\/\/i0.wp.com\/plombier-regis.xyz\/wp-content\/uploads\/2022\/05\/IMG_0846-scaled.jpg?resize=1400%2C800&ssl=1 4x"},"classes":[]},{"id":377,"url":"https:\/\/plombier-regis.xyz\/index.php\/renovation\/","url_meta":{"origin":1088,"position":2},"title":"R\u00e9novation","author":"REGIS","date":"07\/04\/2022","format":false,"excerpt":"Service de plomberie r\u00e9novation Pour la r\u00e9novation de votre salle de bains ou de cuisine \u00e0 Pantin 93500, faites appel \u00e0 un plombier R\u00c9GIS . Vous souhaitez rafra\u00eechir votre pi\u00e8ce d'eau ? B\u00e9n\u00e9ficiez d'un accompagnement personnalis\u00e9, du conseil sur mesure \u00e0 la r\u00e9alisation de vos travaux. Que ce soit pour\u2026","rel":"","context":"Article similaire","block_context":{"text":"Article similaire","link":""},"img":{"alt_text":"r\u00e9novation","src":"https:\/\/i0.wp.com\/plombier-regis.xyz\/wp-content\/uploads\/2022\/05\/image000001.jpg?resize=350%2C200","width":350,"height":200,"srcset":"https:\/\/i0.wp.com\/plombier-regis.xyz\/wp-content\/uploads\/2022\/05\/image000001.jpg?resize=350%2C200 1x, https:\/\/i0.wp.com\/plombier-regis.xyz\/wp-content\/uploads\/2022\/05\/image000001.jpg?resize=525%2C300 1.5x, https:\/\/i0.wp.com\/plombier-regis.xyz\/wp-content\/uploads\/2022\/05\/image000001.jpg?resize=700%2C400 2x"},"classes":[]},{"id":2055,"url":"https:\/\/plombier-regis.xyz\/index.php\/solution-a-vos-petits-problemes-de-plomberie\/","url_meta":{"origin":1088,"position":3},"title":"Solution a vos petits probl\u00e8mes de plomberie","author":"REGIS","date":"10\/04\/2024","format":false,"excerpt":"R\u00e9paration de plomberie \u00e0 Pantin et proximit\u00e9 Vous rencontrez des probl\u00e8mes de plomberie dans votre maison ou votre entreprise \u00e0 Pantin ou dans les environs\u202f? Ne vous inqui\u00e9tez pas, nous sommes l\u00e0 pour vous aider. En tant que plombiers chauffagistes exp\u00e9riment\u00e9s, nous sommes sp\u00e9cialis\u00e9s dans la r\u00e9paration de tous types\u2026","rel":"","context":"Article similaire","block_context":{"text":"Article similaire","link":""},"img":{"alt_text":"green trees under white sky during daytime","src":"https:\/\/i0.wp.com\/plombier-regis.xyz\/wp-content\/uploads\/2024\/04\/green-trees-under-white-sky-during-daytime-scaled.jpg?fit=800%2C1200&ssl=1&resize=350%2C200","width":350,"height":200,"srcset":"https:\/\/i0.wp.com\/plombier-regis.xyz\/wp-content\/uploads\/2024\/04\/green-trees-under-white-sky-during-daytime-scaled.jpg?fit=800%2C1200&ssl=1&resize=350%2C200 1x, https:\/\/i0.wp.com\/plombier-regis.xyz\/wp-content\/uploads\/2024\/04\/green-trees-under-white-sky-during-daytime-scaled.jpg?fit=800%2C1200&ssl=1&resize=525%2C300 1.5x, https:\/\/i0.wp.com\/plombier-regis.xyz\/wp-content\/uploads\/2024\/04\/green-trees-under-white-sky-during-daytime-scaled.jpg?fit=800%2C1200&ssl=1&resize=700%2C400 2x"},"classes":[]},{"id":592,"url":"https:\/\/plombier-regis.xyz\/index.php\/nos-tarifs\/","url_meta":{"origin":1088,"position":4},"title":"Nos tarifs","author":"REGIS","date":"27\/04\/2022","format":false,"excerpt":"Nos tarifs Nos tarifs sur les probl\u00e8mes fr\u00e9quents de plomberie Fuite d'eau Probl\u00e8mes de robinetterie Toilettes et canalisations bouch\u00e9es Tuyauterie fait du bruit Chasse d'eau qui fuit Chauffe-eau en panne Remplacement pi\u00e8ces sur appareils sanitaire tarifs R\u00e9sistance Remplacement r\u00e9sistance sur chauffe eau \ud83d\udd25 R\u00e9sistance standard Main d'\u0153uvre -D\u00e9placement Garantie deux\u2026","rel":"","context":"Article similaire","block_context":{"text":"Article similaire","link":""},"img":{"alt_text":"chauffagiste","src":"https:\/\/i0.wp.com\/plombier-regis.xyz\/wp-content\/uploads\/2022\/03\/plombier-chauffagiste-reparation-chauffe-eau-paris-19.jpeg?fit=900%2C1200&ssl=1&resize=350%2C200","width":350,"height":200,"srcset":"https:\/\/i0.wp.com\/plombier-regis.xyz\/wp-content\/uploads\/2022\/03\/plombier-chauffagiste-reparation-chauffe-eau-paris-19.jpeg?fit=900%2C1200&ssl=1&resize=350%2C200 1x, https:\/\/i0.wp.com\/plombier-regis.xyz\/wp-content\/uploads\/2022\/03\/plombier-chauffagiste-reparation-chauffe-eau-paris-19.jpeg?fit=900%2C1200&ssl=1&resize=525%2C300 1.5x, https:\/\/i0.wp.com\/plombier-regis.xyz\/wp-content\/uploads\/2022\/03\/plombier-chauffagiste-reparation-chauffe-eau-paris-19.jpeg?fit=900%2C1200&ssl=1&resize=700%2C400 2x"},"classes":[]},{"id":378,"url":"https:\/\/plombier-regis.xyz\/index.php\/reparation\/","url_meta":{"origin":1088,"position":5},"title":"R\u00e9paration","author":"REGIS","date":"07\/04\/2022","format":false,"excerpt":"R\u00e9paration et Services de Plombier Chauffagiste Pantin R\u00e9paration, nous r\u00e9solvons rapidement vos probl\u00e8mes de plomberie et de chauffage, les propri\u00e9taires comptent sur nous depuis 1989 pour des conseils honn\u00eates et professionnels sur tous les types de services de plomberie. Vous pouvez faire confiance \u00e0 nos techniciens plombiers, et \u00e0 la\u2026","rel":"","context":"Article similaire","block_context":{"text":"Article similaire","link":""},"img":{"alt_text":"Plombier R\u00e9paration","src":"https:\/\/i0.wp.com\/plombier-regis.xyz\/wp-content\/uploads\/2022\/04\/IMG_0630.jpeg?resize=350%2C200&ssl=1","width":350,"height":200,"srcset":"https:\/\/i0.wp.com\/plombier-regis.xyz\/wp-content\/uploads\/2022\/04\/IMG_0630.jpeg?resize=350%2C200&ssl=1 1x, https:\/\/i0.wp.com\/plombier-regis.xyz\/wp-content\/uploads\/2022\/04\/IMG_0630.jpeg?resize=525%2C300&ssl=1 1.5x, https:\/\/i0.wp.com\/plombier-regis.xyz\/wp-content\/uploads\/2022\/04\/IMG_0630.jpeg?resize=700%2C400&ssl=1 2x, https:\/\/i0.wp.com\/plombier-regis.xyz\/wp-content\/uploads\/2022\/04\/IMG_0630.jpeg?resize=1050%2C600&ssl=1 3x, https:\/\/i0.wp.com\/plombier-regis.xyz\/wp-content\/uploads\/2022\/04\/IMG_0630.jpeg?resize=1400%2C800&ssl=1 4x"},"classes":[]}],"jetpack_sharing_enabled":true,"jetpack_likes_enabled":true,"_links":{"self":[{"href":"https:\/\/plombier-regis.xyz\/index.php\/wp-json\/wp\/v2\/pages\/1088","targetHints":{"allow":["GET"]}}],"collection":[{"href":"https:\/\/plombier-regis.xyz\/index.php\/wp-json\/wp\/v2\/pages"}],"about":[{"href":"https:\/\/plombier-regis.xyz\/index.php\/wp-json\/wp\/v2\/types\/page"}],"author":[{"embeddable":true,"href":"https:\/\/plombier-regis.xyz\/index.php\/wp-json\/wp\/v2\/users\/1"}],"replies":[{"embeddable":true,"href":"https:\/\/plombier-regis.xyz\/index.php\/wp-json\/wp\/v2\/comments?post=1088"}],"version-history":[{"count":9,"href":"https:\/\/plombier-regis.xyz\/index.php\/wp-json\/wp\/v2\/pages\/1088\/revisions"}],"predecessor-version":[{"id":1407,"href":"https:\/\/plombier-regis.xyz\/index.php\/wp-json\/wp\/v2\/pages\/1088\/revisions\/1407"}],"wp:attachment":[{"href":"https:\/\/plombier-regis.xyz\/index.php\/wp-json\/wp\/v2\/media?parent=1088"}],"curies":[{"name":"wp","href":"https:\/\/api.w.org\/{rel}","templated":true}]}}